{"id":997,"date":"2014-04-10T09:36:16","date_gmt":"2014-04-10T08:36:16","guid":{"rendered":"https:\/\/mathy-austria.com\/?post_type=product&#038;p=997"},"modified":"2025-02-24T16:15:54","modified_gmt":"2025-02-24T15:15:54","slug":"math-chromjuwelen-motor-l-20w50","status":"publish","type":"product","link":"https:\/\/mathy-austria.com\/sl\/izdelek\/math-chromjuwelen-motor-l-20w50\/","title":{"rendered":"MATH\u00c9 kromiran motor z dragulji (olje 20W50)"},"content":{"rendered":"<p><strong>MATH\u00c9 Chromjuwelen Motor \u00d6l 20W-50 (20W50)<\/strong> ist ein mild legiertes mineralisches Mehrbereichs\u00f6l, das den Anforderungen und Standards eines 20W-50 \u00d6ls entspricht, wie es in den Motoren zwischen 1950 und 1970 zum Einsatz kam.<\/p>\n<p>Durch die Formulierung mit <strong>Math\u00e9 Classic<\/strong> sorgt <strong>Chromjuwelen Motor \u00d6l (20W-509<\/strong> f\u00fcr einen optimalen Verschlei\u00df- und Korrosionsschutz \u2013 besonders bei Fahrzeugen im Saisonbetrieb. Thermische Probleme werden reduziert und eine \u00dcberhitzung des Motors in den Sommermonaten wird verhindert.<\/p>\n<p><strong>Chromjuwelen Motor \u00d6l (20W-50)<\/strong> ist speziell f\u00fcr Motoren moderner Klassiker entwickelt worden. Seine Viskosit\u00e4tscharakteristik gew\u00e4hrleistet in der Kaltstartphase eine rasche Durch\u00f6lung des Motors und sch\u00fctzt so kritische Oberfl\u00e4chen vor Verschlei\u00df. Ein fertig formuliertes Oldtimer\u00f6l f\u00fcr den besten Schutz Ihres Motors.<\/p>\n<p>Es reduziert die Schlammbildung bei niedrigen Temperaturen und verhindert Ablagerungen bei hohen Temperaturen. Das <strong>Math\u00e9 Chromjuwelen Motor \u00d6l 20W-50 (20W50)<\/strong> bietet hervorragende Notlaufeigenschaften und ist so das richtige Oldie\u00f6l f\u00fcr Ihren Klassiker. Speziell auch f\u00fcr V8 Motoren. Qualit\u00e4tsniveau API SF\/CD.<\/p>\n<h2>Ihre Vorteile auf einen Blick<\/h2>\n<ul>\n<li>Optimaler Schutz in der \u00dcberwinterungspause oder w\u00e4hrend musealer Ausstellungen<\/li>\n<li>Reduziert den Kaltstartverschlei\u00df auf ein Minimum<\/li>\n<li>Verhindert Rostbildung<\/li>\n<li>Steigert die Notlaufeigenschaften bei \u00d6l- oder K\u00fchlwasseverlust sowie bei extremen Temperaturen bedingt durch \u00dcberlastung<\/li>\n<li>Verl\u00e4ngert die Lebensdauer des Motors<\/li>\n<li>Einschr\u00e4nkung des \u00d6lverbrauchs durch die geringe Verdampfungsneigung<\/li>\n<li>Sorgt f\u00fcr einen stabilen \u00d6ldruck auch bei hei\u00dfem Motor<\/li>\n<li>Mild legiertes, mineralisches Mehrbereichs\u00f6l<\/li>\n<li>Fertig gemischt mit Math\u00e9 Classic-Additiv<\/li>\n<li>Garantiert eine dauerhafte Schmierung<\/li>\n<li>Za\u0161\u010dita pred korozijo<\/li>\n<\/ul>\n<h2>Odmerjanje<\/h2>\n<p><strong>Math\u00e9 Chromjuwelen Motor \u00d6l 20W-50 (20W50)<\/strong> v motor v skladu z navodili proizvajalca za polnjenje.<\/p>\n<h2>Aplikacija<\/h2>\n<p>F\u00fchren Sie einen \u00d6lwechsel durch, wenn m\u00f6glich im warmen Zustand, und bef\u00fcllen Sie neu mit dem fertig gemischten <strong>Math\u00e9-Chromjuwelen Motor \u00d6l (20W50)<\/strong>.<\/p>\n<h2>Spezifikationen\/Freigaben<\/h2>\n<ul>\n<li>API SF\/CD<\/li>\n<\/ul>\n<h2>Pozor,<\/h2>\n<ul>\n<li>EUH208: Enth\u00e4lt Diisodecylphenylphosphit. Kann allergische Reaktionen hervorrufen.<\/li>\n<\/ul>","protected":false},"excerpt":{"rendered":"<p>Motor \u00d6l \u2013 Ma\u00dfgeschneidert f\u00fcr \u00e4ltere Motoren im Saisonbetrieb und vertr\u00e4gt lange Standzeiten. \u00dcberhitzungsschutz.<br \/>\n1,0 l<\/p>","protected":false},"featured_media":3150,"template":"","meta":[],"product_brand":[125],"product_cat":[124,131,168],"product_tag":[],"class_list":{"0":"post-997","1":"product","2":"type-product","3":"status-publish","4":"has-post-thumbnail","6":"product_brand-mvg-mathe-schmierstofftechnik-gmbh","7":"product_cat-motor","8":"product_cat-klassiker","9":"product_cat-motorenoel","10":"description-off","12":"first","13":"instock","14":"taxable","15":"shipping-taxable","16":"purchasable","17":"product-type-variable"},"_links":{"self":[{"href":"https:\/\/mathy-austria.com\/sl\/wp-json\/wp\/v2\/product\/997","targetHints":{"allow":["GET"]}}],"collection":[{"href":"https:\/\/mathy-austria.com\/sl\/wp-json\/wp\/v2\/product"}],"about":[{"href":"https:\/\/mathy-austria.com\/sl\/wp-json\/wp\/v2\/types\/product"}],"wp:featuredmedia":[{"embeddable":true,"href":"https:\/\/mathy-austria.com\/sl\/wp-json\/wp\/v2\/media\/3150"}],"wp:attachment":[{"href":"https:\/\/mathy-austria.com\/sl\/wp-json\/wp\/v2\/media?parent=997"}],"wp:term":[{"taxonomy":"product_brand","embeddable":true,"href":"https:\/\/mathy-austria.com\/sl\/wp-json\/wp\/v2\/product_brand?post=997"},{"taxonomy":"product_cat","embeddable":true,"href":"https:\/\/mathy-austria.com\/sl\/wp-json\/wp\/v2\/product_cat?post=997"},{"taxonomy":"product_tag","embeddable":true,"href":"https:\/\/mathy-austria.com\/sl\/wp-json\/wp\/v2\/product_tag?post=997"}],"curies":[{"name":"wp","href":"https:\/\/api.w.org\/{rel}","templated":true}]}}