{"id":991,"date":"2014-04-10T09:22:01","date_gmt":"2014-04-10T08:22:01","guid":{"rendered":"https:\/\/mathy-austria.com\/?post_type=product&#038;p=991"},"modified":"2024-07-15T07:11:37","modified_gmt":"2024-07-15T06:11:37","slug":"mathe-chromjuwelen-motor-l-15w-40","status":"publish","type":"product","link":"https:\/\/mathy-austria.com\/sl\/izdelek\/mathe-chromjuwelen-motor-l-15w-40\/","title":{"rendered":"MATH\u00c9 Chrome Jewellery Motorno olje 15W-40"},"content":{"rendered":"<p><strong>MATH\u00c9 Chromjuwelen Motor \u00d6l 15W-40 (15W40)<\/strong> ist ein fein formuliertes Motoren\u00f6l f\u00fcr die Klassiker von morgen. <strong>Chromjuwelen Motor \u00d6l 15W-40<\/strong> ist ein mild legiertes, mineralisches Mehrbereichs\u00f6l, das den Anforderungen und Standards eines <strong>15W-40 \u00d6ls<\/strong> entspricht, wie es in den Motoren zwischen 1970 und 1980 zum Einsatz kam.<br \/>\nDurch die Formulierung mit <strong>Math\u00e9 Classic<\/strong> sorgt Chromjuwelen <strong>Motor \u00d6l 15W-40<\/strong> f\u00fcr einen optimalen Verschlei\u00df- und Korrosionsschutz. Es gew\u00e4hrleistet in der Kaltstartphase eine rasche Durch\u00f6lung des Motors, reduziert die Schlammbildung bei niedrigen Temperaturen und verhindert Ablagerungen bei hohen Temperaturen.<br \/>\n<strong>Chromjuwelen Motor \u00d6l 15W-40 (15W40)<\/strong> entspricht dem Qualit\u00e4tsniveau<strong> API SL\/CF \u2013 ACEA A3\/B4<\/strong>. Das passende Oldie\u00f6l f\u00fcr Ihren Klassiker.<\/p>\n<h2>Ihre Vorteile auf einen Blick<\/h2>\n<ul>\n<li>Optimaler Schutz in der \u00dcberwinterungspause oder w\u00e4hrend musealer Ausstellungen<\/li>\n<li>Reduziert den Kaltstartverschlei\u00df auf ein Minimum<\/li>\n<li>Verhindert Rostbildung<\/li>\n<li>Steigert die Notlaufeigenschaften bei \u00d6l- oder K\u00fchlwasseverlust sowie bei extremen Temperaturen bedingt durch \u00dcberlastung<\/li>\n<li>Verl\u00e4ngert die Lebensdauer des Motors<\/li>\n<li>Einschr\u00e4nkung des \u00d6lverbrauchs durch die geringe Verdampfungsneigung<\/li>\n<li>Sorgt f\u00fcr einen stabilen \u00d6ldruck, auch bei hei\u00dfem Motor<\/li>\n<li>Mild legiertes, mineralisches Mehrbereichs\u00f6l<\/li>\n<li>Fertig gemischt mit <strong>Math\u00e9 Classic-Additiv<\/strong><\/li>\n<li>Garantiert eine dauerhafte Schmierung<\/li>\n<li>Za\u0161\u010dita pred korozijo<\/li>\n<\/ul>\n<h2>Odmerjanje<\/h2>\n<p><strong>Math\u00e9-Chromjuwelen Motor \u00d6l 15W-40 (15W40)<\/strong> v motor v skladu z navodili proizvajalca za polnjenje.<\/p>\n<h2>Aplikacija<\/h2>\n<p>F\u00fchren Sie einen \u00d6lwechsel durch, wenn m\u00f6glich im warmen Zustand, und bef\u00fcllen Sie neu mit dem fertig gemischten Math\u00e9-Chromjuwelen Motor \u00d6l.<\/p>\n<h2>Spezifikationen\/Freigaben<\/h2>\n<ul>\n<li>API SL\/CF<\/li>\n<li>ACEA A3\/B4<\/li>\n<\/ul>\n<h2>Pozor,<\/h2>\n<ul>\n<li>EUH208: Enth\u00e4lt Diisodecylphenylphosphit. Kann allergische Reaktionen hervorrufen.<\/li>\n<\/ul>\n<p>&nbsp;<\/p>\n<p>&nbsp;<\/p>","protected":false},"excerpt":{"rendered":"<p>Motor \u00d6l \u2013 Ma\u00dfgeschneidert f\u00fcr klassische Motoren im Saisonbetrieb und vertr\u00e4gt lange Standzeiten.<br \/>\n1,0 l<\/p>","protected":false},"featured_media":992,"template":"","meta":[],"product_brand":[125],"product_cat":[124,131,168],"product_tag":[],"class_list":{"0":"post-991","1":"product","2":"type-product","3":"status-publish","4":"has-post-thumbnail","6":"product_brand-mvg-mathe-schmierstofftechnik-gmbh","7":"product_cat-motor","8":"product_cat-klassiker","9":"product_cat-motorenoel","10":"description-off","12":"first","13":"instock","14":"taxable","15":"shipping-taxable","16":"purchasable","17":"product-type-variable"},"_links":{"self":[{"href":"https:\/\/mathy-austria.com\/sl\/wp-json\/wp\/v2\/product\/991","targetHints":{"allow":["GET"]}}],"collection":[{"href":"https:\/\/mathy-austria.com\/sl\/wp-json\/wp\/v2\/product"}],"about":[{"href":"https:\/\/mathy-austria.com\/sl\/wp-json\/wp\/v2\/types\/product"}],"wp:featuredmedia":[{"embeddable":true,"href":"https:\/\/mathy-austria.com\/sl\/wp-json\/wp\/v2\/media\/992"}],"wp:attachment":[{"href":"https:\/\/mathy-austria.com\/sl\/wp-json\/wp\/v2\/media?parent=991"}],"wp:term":[{"taxonomy":"product_brand","embeddable":true,"href":"https:\/\/mathy-austria.com\/sl\/wp-json\/wp\/v2\/product_brand?post=991"},{"taxonomy":"product_cat","embeddable":true,"href":"https:\/\/mathy-austria.com\/sl\/wp-json\/wp\/v2\/product_cat?post=991"},{"taxonomy":"product_tag","embeddable":true,"href":"https:\/\/mathy-austria.com\/sl\/wp-json\/wp\/v2\/product_tag?post=991"}],"curies":[{"name":"wp","href":"https:\/\/api.w.org\/{rel}","templated":true}]}}