{"id":979,"date":"2014-04-10T08:56:53","date_gmt":"2014-04-10T07:56:53","guid":{"rendered":"https:\/\/mathy-austria.com\/?post_type=product&#038;p=979"},"modified":"2024-07-15T07:11:37","modified_gmt":"2024-07-15T06:11:37","slug":"mathe-classic-der-getriebeol-zusatz-fur-klassiker","status":"publish","type":"product","link":"https:\/\/mathy-austria.com\/sl\/izdelek\/mathe-classic-der-getriebeol-zusatz-fur-klassiker\/","title":{"rendered":"MATH\u00c9 Classic \u2013 Getriebe\u00f6l-Zusatz"},"content":{"rendered":"<p class=\"bodytext\"><span style=\"font-size: 10pt;\"><strong>Math\u00e9 Classic Getriebe\u00f6l-Zusatz<\/strong> eignet sich besonders gut f\u00fcr historische Fahrzeuge verschiedenster Baureihen. Gerade diese Fahrzeuggruppe ben\u00f6tigt ein leistungsstarkes Getriebe\u00f6l, um die empfindliche Technik der vergangenen Tage vor Sch\u00e4den zu sch\u00fctzen. <strong>Ideal bei langen Stillstandzeiten! <\/strong><\/span><\/p>\n<p class=\"bodytext\"><span style=\"font-size: 10pt;\">Gerade nach lagen Stillstandzeiten kann die Schaltbarkeit eines klassischen Getriebes stark beeintr\u00e4chtigt sein. Ungewohnte Laufger\u00e4usche und schwerg\u00e4ngige Schaltvorg\u00e4nge tr\u00fcben die Vorfreude auf die n\u00e4chste Ausfahrt.\u00a0<\/span><\/p>\n<p class=\"bodytext\"><span style=\"font-size: 10pt;\">Der <strong>Math\u00e9 Classic Getriebe\u00f6l-Zusatz<\/strong> verhindert dieses Szenario zuverl\u00e4ssig und eine harkelige Schaltung geh\u00f6rt nach dem Einsatz des neu entwickelten Additivs der Vergangenheit an.<\/span><\/p>\n<p><!-- Text: [end] --><\/p>\n<p><!-- CONTENT ELEMENT, uid:3225\/bullets [begin] --><\/p>\n<div class=\"ka-panel open\">\n<p><!-- Header: [begin] --><\/p>\n<div class=\"head leistungssteigerung ka-handler\">\n<h2 class=\"accordion\">Leistungssteigerung<\/h2>\n<\/div>\n<p><!-- Header: [end] --> <!-- Bullet list: [begin] --><\/p>\n<div class=\"ka-content\">\n<ul class=\"csc-bulletlist csc-bulletlist-0\">\n<li class=\"odd\">schnellere Schaltvorg\u00e4nge<\/li>\n<li class=\"even\">verbessert den Schmierfilm<\/li>\n<li class=\"odd\">senkt die \u00d6ltemperatur<\/li>\n<li class=\"even\">verbessert die Ausgangsleistung<\/li>\n<\/ul>\n<h2 class=\"accordion\">Kostensenkung<\/h2>\n<p><!-- Header: [end] --> <!-- Bullet list: [begin] --><\/p>\n<div class=\"ka-content\">\n<ul class=\"csc-bulletlist csc-bulletlist-0\">\n<li class=\"odd\">weniger Ausfallzeiten<\/li>\n<li class=\"even\">einfache Anwendung<\/li>\n<li class=\"odd\">weniger Wartungskosten<\/li>\n<li class=\"even\">erh\u00f6ht die Aggregatlebensdauer<\/li>\n<\/ul>\n<h2 class=\"accordion\">Fahrkomfort<\/h2>\n<p><!-- Header: [end] --> <!-- Bullet list: [begin] --><\/p>\n<div class=\"ka-content\">\n<ul class=\"csc-bulletlist csc-bulletlist-0\">\n<li class=\"odd\">leichteres schalten<\/li>\n<li class=\"even\">weniger Laufger\u00e4usche<\/li>\n<li class=\"odd\">Reduzierung von Vibrationen<\/li>\n<\/ul>\n<h2 class=\"accordion\">Schutz &amp; Reinigung<\/h2>\n<p><!-- Header: [end] --> <!-- Bullet list: [begin] --><\/p>\n<div class=\"ka-content\">\n<ul class=\"csc-bulletlist csc-bulletlist-0\">\n<li class=\"odd\">sehr guter Korrosionsschutz<\/li>\n<li class=\"even\">reduziert die Reibung und den Verschlei\u00df<\/li>\n<li class=\"odd\">hohe reinigende Wirkung<\/li>\n<li class=\"even\">verbessert die Haftwirkung des Schmierfilms<\/li>\n<\/ul>\n<h2 class=\"probleme\">Technische Probleme werden reduziert oder beseitigt<\/h2>\n<p><!-- Header: [end] --> <!-- Text: [begin] --><\/p>\n<ul>\n<li>Laufger\u00e4usche werden reduziert<\/li>\n<li>verringert Verschlei\u00df der Getriebelager\/Zahnr\u00e4der<\/li>\n<li>hakelige Schaltvorg\u00e4nge werden minimiert<\/li>\n<li>Korrosionssch\u00e4den werden verhindert (Stillstandzeiten)<\/li>\n<li>Ger\u00e4usche in Differenzialen werden beseitigt<\/li>\n<\/ul>\n<p><!-- Text: [end] --> <!-- CONTENT ELEMENT, uid:3221\/text [end] --> <!-- CONTENT ELEMENT, uid:3220\/text [begin] --> <!-- Header: [begin] --><\/p>\n<h2 class=\"einsatzbereiche\">Die Einsatzbereiche<\/h2>\n<p><!-- Header: [end] --> <!-- Text: [begin] --><\/p>\n<ul>\n<li>\u00d6le auf Mineral-, teilsynthetischer- und vollsynthetischer Basis<\/li>\n<li>bei hohen Belastungen<\/li>\n<li>nach langen Stillstandzeiten<\/li>\n<li>bei Laufger\u00e4uschen<\/li>\n<\/ul>\n<h2><strong>Dosierung<\/strong><\/h2>\n<p>Verwenden Sie mindestens 20% <strong>Math\u00e9 Classic Getriebe\u00f6l-Additiv<\/strong> der gesamten Schaltgetriebe\u00f6l-Menge, d.h.:<br \/>\nF\u00fcllmenge 2,0 l: 1,6 l Getriebe\u00f6l nach Herstellervorgabe + 0,4 l<strong> Math\u00e9 Classic Getriebe\u00f6l-Additiv<\/strong>.<br \/>\nBei Schaltgetrieben und Achsantrieben (Differenzialen) von Fahrzeugen aller Art mit einer Laufleistung von 100.000 km verwenden Sie mindestens 10% <strong>Math\u00e9 Classic Getriebe\u00f6l-Additiv<\/strong>. Nach 1.000 km (Reinigungsphase) f\u00fchren Sie einen \u00d6lwechsel durch und erneut mit mindestens 20% <strong>Math\u00e9 Classic Getriebe\u00f6l-Additiv<\/strong> neu bef\u00fcllen.<br \/>\nBei Getrieben\/Differenzialen mit deutlichen Laufger\u00e4uschen setzen Sie 50% <strong>Math\u00e9 Classic Getriebe\u00f6l-Additiv<\/strong> zur Getriebe\u00f6lmenge ein.<\/p>\n<\/div>\n<\/div>\n<\/div>\n<\/div>\n<\/div>\n","protected":false},"excerpt":{"rendered":"<p>Dodatek za olje za menjalnik za klasi\u010dne avtomobile 0,5 litra<\/p>","protected":false},"featured_media":3164,"template":"","meta":[],"product_brand":[125],"product_cat":[126,131],"product_tag":[],"class_list":{"0":"post-979","1":"product","2":"type-product","3":"status-publish","4":"has-post-thumbnail","6":"product_brand-mvg-mathe-schmierstofftechnik-gmbh","7":"product_cat-getriebe","8":"product_cat-klassiker","9":"description-off","11":"first","12":"instock","13":"taxable","14":"shipping-taxable","15":"purchasable","16":"product-type-variable"},"_links":{"self":[{"href":"https:\/\/mathy-austria.com\/sl\/wp-json\/wp\/v2\/product\/979","targetHints":{"allow":["GET"]}}],"collection":[{"href":"https:\/\/mathy-austria.com\/sl\/wp-json\/wp\/v2\/product"}],"about":[{"href":"https:\/\/mathy-austria.com\/sl\/wp-json\/wp\/v2\/types\/product"}],"wp:featuredmedia":[{"embeddable":true,"href":"https:\/\/mathy-austria.com\/sl\/wp-json\/wp\/v2\/media\/3164"}],"wp:attachment":[{"href":"https:\/\/mathy-austria.com\/sl\/wp-json\/wp\/v2\/media?parent=979"}],"wp:term":[{"taxonomy":"product_brand","embeddable":true,"href":"https:\/\/mathy-austria.com\/sl\/wp-json\/wp\/v2\/product_brand?post=979"},{"taxonomy":"product_cat","embeddable":true,"href":"https:\/\/mathy-austria.com\/sl\/wp-json\/wp\/v2\/product_cat?post=979"},{"taxonomy":"product_tag","embeddable":true,"href":"https:\/\/mathy-austria.com\/sl\/wp-json\/wp\/v2\/product_tag?post=979"}],"curies":[{"name":"wp","href":"https:\/\/api.w.org\/{rel}","templated":true}]}}