{"id":969,"date":"2014-04-10T09:21:39","date_gmt":"2014-04-10T07:21:39","guid":{"rendered":"https:\/\/mathy-austria.com\/?post_type=product&#038;p=969"},"modified":"2025-03-19T09:36:55","modified_gmt":"2025-03-19T08:36:55","slug":"mathy-spezial-h-winter-1x-1-0l","status":"publish","type":"product","link":"https:\/\/mathy-austria.com\/sl\/izdelek\/mathy-spezial-h-winter-1x-1-0l\/","title":{"rendered":"MATHY SPECIAL-H WINTER"},"content":{"rendered":"<div class=\"ka-content\">\n<div class=\"ka-content\">\n<div class=\"ka-content\"><\/div>\n<\/div>\n<\/div>\n<p>Ko se temperature zni\u017eajo, zlasti pozimi, se v ogrevalnih sistemih na olje pogosteje zama\u0161ijo filtri in cevi. V najslab\u0161em primeru lahko popolnoma ustavijo delovanje ogrevalnega sistema na olje in tako povzro\u010dijo izpad ogrevanja.<\/p>\n<p><strong>MATHY SPECIAL-H WINTER<\/strong> <strong>Dodatki<\/strong> lahko prepre\u010dijo zama\u0161itve filtrov in cevi, ki so povezane s temperaturo. Preprosto poskrbite za previdnostne ukrepe! Kurilno olje vsebuje parafine, ki se pri ohlajanju lo\u010dijo in tako tvorijo ve\u010dje kristale. To je znano tudi pri dizelskem gorivu, kar se pogovorno imenuje flokulacija.<\/p>\n<p><strong>MATHY SPEZIAL-H WINTER Dodatek<\/strong> je idealen preventivni ukrep za va\u0161 ogrevalni sistem na olje. Njegova posebna kombinacija aktivnih sestavin, prilagojena hladni sezoni, v veliki meri prepre\u010duje zdru\u017eevanje kristalov, s \u010dimer pove\u010duje preto\u010dnost kurilnega olja in zni\u017euje CFPP (Cold Filter Plugging Point), kar prepre\u010duje zama\u0161itve filtrov in cevi.<\/p>\n<p><strong>MATHY-H SPEZIAL Zimski dodatek<\/strong> prepre\u010duje vzroke za okvare ogrevanja zaradi mraza.<\/p>\n<p>Zaradi mraza povzro\u010deno lo\u010devanje kristalov parafina v kurilnem olju je pozimi v praksi \u0161e vedno najve\u010dji vzrok za okvare ogrevalnega sistema, \u010deprav so izpolnjene zahteve DIN za kurilno olje EL!<\/p>\n<p>Ko zaradi mraza nastanejo kristali parafina in zama\u0161ijo filter ali cevi, lahko pomaga le toplota. V tem primeru se obi\u010dajno ni ve\u010d mogo\u010de izogniti pla\u010dljivemu obisku in\u017eenirja za ogrevanje! \u017de nastalih kristalov parafina ni mogo\u010de raztopiti z dodajanjem kakr\u0161nih koli snovi, da bi bili filtri in cevi ponovno prehodni.<\/p>\n<p>Le s preventivnimi ukrepi - dodajanjem<strong> MATHY-H SPEZIAL Zimski dodatek<\/strong> - lahko prepre\u010di nastanek parafina zaradi mraza in tako prepre\u010di te\u017eave pri zagonu in delovanju zaradi zama\u0161enih filtrov in cevi.<\/p>\n<h2>Kako dejansko deluje zimski dodatek MATHY-H SPEZIAL?<\/h2>\n<p>EL (ekstra lahko) kurilno olje vsebuje parafine, ki imajo odli\u010dno kalori\u010dno vrednost, vendar so \u017eal zelo ob\u010dutljivi na mraz. Ko je dose\u017eena temperatura CP (Cloud Point), se zaradi kristalizacije parafinov tvorijo veliki kristali voska v obliki plo\u0161\u010dic. Zaradi njihove gobaste strukture so v kristalno strukturo vklju\u010dene tudi druge sestavine kurilnega olja. To znatno pove\u010da velikost kristalov.<\/p>\n<p>Da bi zagotovili, da kristali parafina ostanejo filtrirni in prevodni dlje \u010dasa pri vse ve\u010djem mrazu, se<strong> MATHY-H SPEZIAL Zimski dodatek<\/strong> vklju\u010dno z naslednjimi aktivnimi sestavinami:<\/p>\n<p>Dodatek WASA (Wax Anti Settling Additive) prepre\u010duje usedanje majhnih kristalov v srednjih destilatih (HEL in\/ali DK).<br \/>\nPoseben povr\u0161inski omejevalec \u017ee nastale parafine obda z nekak\u0161no \"pomaran\u010dno lupino\" in tako prepre\u010di rast in\/ali zlepljanje kristalov.<br \/>\nJedrna sredstva (imenovana tudi nukleatorji) zagotovijo kristalom parafina, ki nastanejo pri nizkih temperaturah, okolje s kondenzacijskimi jedri. Posledi\u010dno se parafini \"zapletejo\". To pomeni, da namesto nekaj velikih kristalov nastane neskon\u010dno \u0161tevilo (izmenjujo\u010dih se) izjemno majhnih kristalov. Zaradi tega ti ostanejo filtrirni in prevodni bistveno dlje kot veliki kristali.<\/p>\n<h2>Podro\u010dja uporabe<\/h2>\n<p>Uporablja se lahko v vseh vrstah ogrevalnih sistemov, vklju\u010dno z rumenimi, modrimi in lupinskimi gorilniki (oljne pe\u010di) ter predizparilniki.<\/p>\n<p>Priporo\u010deno za kurilno olje EL z nizko vsebnostjo \u017evepla, tudi z nizko vsebnostjo organskih snovi, in standardno kurilno olje.<\/p>\n<p><strong>MATHY-H SPEZIAL Zimski dodatek<\/strong> je popolnoma topen v olju, u\u010dinkovit v vsakem kurilnem olju EL, lahko se uporablja v vseh ogrevalnih sistemih in je zdru\u017eljiv z materiali.<\/p>\n<h2>Aplikacija<\/h2>\n<p>Preventivna uporaba je priporo\u010dljiva za vse ogrevalne sisteme na olje, katerih rezervoarji za olje ali cevi za dovod olja so izpostavljeni neposrednemu mrazu (tudi v slabo izoliranih stavbah ali kleteh). Pri podzemnih rezervoarjih obstaja tudi nevarnost nezadostnega ohlajanja sistema oljnih cevi v obmo\u010dju pokrova kupole.<\/p>\n<p><strong>MATHY-H SPECIAL WINTER Dodatek<\/strong> je treba kurilnemu olju dodati pred dosegom temperature oblaka (CP), tj. pred hladnim obdobjem (pozimi), da bi bilo popolnoma u\u010dinkovito.<\/p>\n<p>\u010ce se je kristalizacija parafinov \u017ee za\u010dela zaradi za\u010detka zime (temperature pod ni\u010dlo) (CP = Clod Point), potem <strong>MATHY-H SPECIAL WINTER Dodatek<\/strong> ni ve\u010d popolnoma u\u010dinkovit, saj deluje le \u0161e povr\u0161inski omejevalnik!<\/p>\n<h2>Odmerjanje<\/h2>\n<p>Vsebina steklenice <strong>MATHY-H SPECIAL WINTER Dodatek<\/strong> zadostuje za do 1.000 litrov kurilnega olja. \u010ce pri\u010dakujete hudo zimo (nad -20 \u00b0C), dodajte dve steklenici <strong>MATHY-H SPECIAL WINTER Dodatek<\/strong> na 1.000 litrov kurilnega olja.<\/p>\n<p>(Me\u0161alno razmerje 1 : 1.000 do 1 : 500 = 1 do 2 litra na 1.000 litrov kurilnega olja)<\/p>\n<h2>Opomba<\/h2>\n<p>Spletna stran <strong>MATHY-H SPECIAL WINTER Dodatek<\/strong> je v koncentriranem stanju delno ob\u010dutljiv na mraz. \u0160ele ko ga zme\u0161amo s kurilnim oljem, postane popolnoma u\u010dinkovit. Zato <strong>MATHY-H SPECIAL WINTER Dodatek<\/strong> Nikoli ne shranjujte pri temperaturah pod -20 \u00b0C.<br \/>\n(\u010ce je izdelek postal \"trd\", ga je mogo\u010de ponovno uporabiti s segrevanjem, ne da bi izgubil svojo u\u010dinkovitost pri segrevanju olja).<br \/>\nSkladi\u0161\u010denje v ogrevanih prostorih<br \/>\n\u010cim toplej\u0161i je izdelek, tem u\u010dinkovitej\u0161i je njegov odziv, ko ga dodamo kurilnemu olju.<\/p>\n<h2>Nevarnost<\/h2>\n<ul>\n<li>H304: Pri zau\u017eitju in vstopu v dihalne poti je lahko smrtno nevaren.<\/li>\n<li>H317: Lahko povzro\u010di alergijsko ko\u017eno reakcijo.<\/li>\n<li>H336: Lahko povzro\u010di zaspanost ali omotico.<\/li>\n<li>H411: Strupeno za vodne organizme z dolgotrajnimi u\u010dinki.<\/li>\n<li>EUH066: Ponavljajo\u010da se izpostavljenost lahko povzro\u010di izsu\u0161itev ali razpokanje ko\u017ee.<\/li>\n<\/ul>","protected":false},"excerpt":{"rendered":"<p>Heiz\u00f6l-Additiv-Flie\u00dfverbesserer \u2013 Spezial Winter<br \/>\n1 l<\/p>","protected":false},"featured_media":29484,"template":"","meta":[],"product_brand":[125],"product_cat":[130],"product_tag":[],"class_list":{"0":"post-969","1":"product","2":"type-product","3":"status-publish","4":"has-post-thumbnail","6":"product_brand-mvg-mathe-schmierstofftechnik-gmbh","7":"product_cat-heizung","8":"description-off","10":"first","11":"onbackorder","12":"taxable","13":"shipping-taxable","14":"purchasable","15":"product-type-variable"},"_links":{"self":[{"href":"https:\/\/mathy-austria.com\/sl\/wp-json\/wp\/v2\/product\/969","targetHints":{"allow":["GET"]}}],"collection":[{"href":"https:\/\/mathy-austria.com\/sl\/wp-json\/wp\/v2\/product"}],"about":[{"href":"https:\/\/mathy-austria.com\/sl\/wp-json\/wp\/v2\/types\/product"}],"wp:featuredmedia":[{"embeddable":true,"href":"https:\/\/mathy-austria.com\/sl\/wp-json\/wp\/v2\/media\/29484"}],"wp:attachment":[{"href":"https:\/\/mathy-austria.com\/sl\/wp-json\/wp\/v2\/media?parent=969"}],"wp:term":[{"taxonomy":"product_brand","embeddable":true,"href":"https:\/\/mathy-austria.com\/sl\/wp-json\/wp\/v2\/product_brand?post=969"},{"taxonomy":"product_cat","embeddable":true,"href":"https:\/\/mathy-austria.com\/sl\/wp-json\/wp\/v2\/product_cat?post=969"},{"taxonomy":"product_tag","embeddable":true,"href":"https:\/\/mathy-austria.com\/sl\/wp-json\/wp\/v2\/product_tag?post=969"}],"curies":[{"name":"wp","href":"https:\/\/api.w.org\/{rel}","templated":true}]}}