{"id":963,"date":"2014-04-10T08:00:14","date_gmt":"2014-04-10T07:00:14","guid":{"rendered":"https:\/\/mathy-austria.com\/?post_type=product&#038;p=963"},"modified":"2024-07-15T07:11:38","modified_gmt":"2024-07-15T06:11:38","slug":"mathy-spezial-h-heizol-additiv-1x-1-0l","status":"publish","type":"product","link":"https:\/\/mathy-austria.com\/sl\/izdelek\/mathy-spezial-h-heizol-additiv-1x-1-0l\/","title":{"rendered":"MATHY SPEZIAL-H dodatek za kurilno olje"},"content":{"rendered":"<p><strong>MATHY SPECIAL-H<\/strong> je zelo u\u010dinkovit dodatek za kurilno olje, katerega sodobne aktivne sestavine se lahko uporabljajo za trajnostno var\u010devanje z energijo v \u0161tevilnih aplikacijah. Izpolnjuje vse zahteve najnovej\u0161ih tehnologij gorilnikov in je zato primeren za vse kakovosti kurilnega olja (standardno in z nizko vsebnostjo \u017evepla).<\/p>\n<p>Na spletni strani . <strong>MATHY SPECIAL-H<\/strong> spremeni standardno kurilno olje v vrhunsko kurilno olje, ki manj obremenjuje ogrevalni sistem in zagotavlja trajno za\u0161\u010dito. Izbolj\u0161ana toplotna stabilnost optimizira izgorevanje in izbolj\u0161a vrednosti izpu\u0161nih plinov.<\/p>\n<h2>MATHY SPEZIAL-H prepre\u010duje nastanek saj<\/h2>\n<p>\u010ce se v gorilniku pojavljajo saje, gre za okvaro. <strong>MATHY SPECIAL-H<\/strong> wirkt den Ursachen der Ru\u00dfentstehung entgegen und l\u00f6st bestehende Verru\u00dfungen auf, da es sowohl den Brennraum wie auch die Verbrennungsmechanik reinigt. Ru\u00dfablagerungen an der Kesselwand erh\u00f6hen den Heiz\u00f6lverbrauch \u2013 1 mm Ru\u00dfablagerung erh\u00f6ht den Heiz\u00f6lverbrauch um durchschnittlich 4 %. Durch <strong>MATHY SPECIAL-H<\/strong> nastajanje saj je zmanj\u0161ano na minimum, kar pomeni, da se lahko usede manj saj. Nastalo toploto je mogo\u010de neovirano prenesti na ogrevalno vodo, kar dolgoro\u010dno zmanj\u0161a porabo kurilnega olja.<\/p>\n<p>Spletna stran <strong>MATHY SPECIAL-H <\/strong>paket dodatkov gori brez pepela in tako izpolnjuje zahteve najnovej\u0161ih tehnologij gorilnikov in kotlov. <strong>MATHY SPECIAL-H<\/strong> je bil razvit posebej za sodobne vrste kurilnega olja EL z nizko vsebnostjo \u017evepla.<\/p>\n<p>T\u00dcV NORD je testiral izdelek in <strong>MATHY SPECIAL-H<\/strong> je prejel preskusno znamko \"Za\u0161\u010dita sistema kurilnega olja dokazana - predmet preskusa: dodatek za kurilno olje EL\".<\/p>\n<h2>Izra\u010dune opravite sami:<\/h2>\n<p>Uporaba <strong>MATHY SPECIAL-H<\/strong> prihrani ve\u010d, kot stane.<\/p>\n<p>Vzor\u010dni ra\u010dun: Status 03\/2013<\/p>\n<p>2.000 litrov kurilnega olja z nizko vsebnostjo \u017evepla = 1.350,00 EUR<\/p>\n<p>s samo 5 prihranki % = 67,50 EUR<\/p>\n<p>minus 1 liter <strong>MATHY SPECIAL-H<\/strong> = \u2013 22,95 EUR<\/p>\n<p>Neto prihranek = 44,55 EUR<\/p>\n<p>Neto prihranek je torej precej vi\u0161ji od stro\u0161kovne cene za <strong>MATHY SPECIAL-H<\/strong>.<\/p>\n<p><strong>MATHY SPECIAL-H<\/strong> je ugodnej\u0161a od primesi iz cisterne. Vzor\u010dni izra\u010dun: stanje 03\/2013<\/p>\n<p>2.000 litrov kurilnega olja z nizko vsebnostjo \u017evepla = 1.350,00 EUR<\/p>\n<p>Dodatek iz cisterne neposredno pribli\u017eno 0,02 \u20ac\/liter = 40,00 EUR<\/p>\n<p>Skupna cena = 1.390,00 EUR<\/p>\n<p>2.000 litrov kurilnega olja z nizko vsebnostjo \u017evepla = 1.350,00 EUR<\/p>\n<p>Dodatek 1 liter <strong>MATHY SPECIAL-H<\/strong> = 22,95 EUR<\/p>\n<p>Skupna cena = 1.372,95 EUR<\/p>\n<p>Prihranki pri neposrednem nakupu na 2.000 litrov kurilnega olja v vi\u0161ini 17,05 EUR z <strong>MATHY SPECIAL-H<\/strong><\/p>\n<h2>Podro\u010dja uporabe<\/h2>\n<ul>\n<li>Uporablja se lahko v vseh vrstah ogrevalnih sistemov, vklju\u010dno z rumenimi, modrimi in lupinskimi gorilniki (oljne pe\u010di) ter predizparilniki.<\/li>\n<li>Priporo\u010deno za kurilno olje EL z nizko vsebnostjo \u017evepla, tudi z nizko vsebnostjo organskih snovi, in standardno kurilno olje.<\/li>\n<li><strong>MATHY SPECIAL-H<\/strong> je popolnoma topen v olju, u\u010dinkovit v vsakem kurilnem olju EL, lahko se uporablja v vseh ogrevalnih sistemih in je zdru\u017eljiv z materiali.<\/li>\n<\/ul>\n<h2>Odmerjanje<\/h2>\n<p>Vsebina steklenice <strong>MATHY SPECIAL-H<\/strong> zadostuje za 2.000 litrov kurilnega olja. (Me\u0161alno razmerje 1 : 2.000 = 1 liter dodatka na 2.000 litrov kurilnega olja)<br \/>\nIdealno za dodajanje med polnjenjem rezervoarja za kurilno olje, lahko pa tudi med delovanjem.<\/p>\n<h2>Nevarnost<\/h2>\n<ul>\n<li>H304: Pri zau\u017eitju in vstopu v dihalne poti je lahko smrtno nevaren.<\/li>\n<li>H315: Povzro\u010da dra\u017eenje ko\u017ee.<\/li>\n<li>H317: Lahko povzro\u010di alergijsko ko\u017eno reakcijo.<\/li>\n<li>H318: Povzro\u010da resne po\u0161kodbe o\u010di.<\/li>\n<li>H411: Strupeno za vodne organizme z dolgotrajnimi u\u010dinki.<\/li>\n<\/ul>","protected":false},"excerpt":{"rendered":"<p>Dodatek za kurilno olje<br \/>\n1,0 l<\/p>","protected":false},"featured_media":29496,"template":"","meta":[],"product_brand":[125],"product_cat":[183,130],"product_tag":[],"class_list":{"0":"post-963","1":"product","2":"type-product","3":"status-publish","4":"has-post-thumbnail","6":"product_brand-mvg-mathe-schmierstofftechnik-gmbh","7":"product_cat-spitzenreiter","8":"product_cat-heizung","9":"description-off","11":"first","12":"instock","13":"taxable","14":"shipping-taxable","15":"purchasable","16":"product-type-variable"},"_links":{"self":[{"href":"https:\/\/mathy-austria.com\/sl\/wp-json\/wp\/v2\/product\/963","targetHints":{"allow":["GET"]}}],"collection":[{"href":"https:\/\/mathy-austria.com\/sl\/wp-json\/wp\/v2\/product"}],"about":[{"href":"https:\/\/mathy-austria.com\/sl\/wp-json\/wp\/v2\/types\/product"}],"wp:featuredmedia":[{"embeddable":true,"href":"https:\/\/mathy-austria.com\/sl\/wp-json\/wp\/v2\/media\/29496"}],"wp:attachment":[{"href":"https:\/\/mathy-austria.com\/sl\/wp-json\/wp\/v2\/media?parent=963"}],"wp:term":[{"taxonomy":"product_brand","embeddable":true,"href":"https:\/\/mathy-austria.com\/sl\/wp-json\/wp\/v2\/product_brand?post=963"},{"taxonomy":"product_cat","embeddable":true,"href":"https:\/\/mathy-austria.com\/sl\/wp-json\/wp\/v2\/product_cat?post=963"},{"taxonomy":"product_tag","embeddable":true,"href":"https:\/\/mathy-austria.com\/sl\/wp-json\/wp\/v2\/product_tag?post=963"}],"curies":[{"name":"wp","href":"https:\/\/api.w.org\/{rel}","templated":true}]}}