{"id":961,"date":"2014-04-10T07:54:18","date_gmt":"2014-04-10T06:54:18","guid":{"rendered":"https:\/\/mathy-austria.com\/?post_type=product&#038;p=961"},"modified":"2025-06-15T08:43:49","modified_gmt":"2025-06-15T07:43:49","slug":"mathy-a-allzweck-l","status":"publish","type":"product","link":"https:\/\/mathy-austria.com\/sl\/izdelek\/mathy-a-allzweck-l\/","title":{"rendered":"MATHY-A univerzalno olje"},"content":{"rendered":"<p>Visoko zmogljivo univerzalno olje za mazanje po kapljicah doma, na delovnem mestu in pri hobijih, npr. za \u0161ivalne stroje, te\u010daje ter lovsko in strelsko oro\u017eje. <strong>MATHY-A<\/strong> zagotavlja zelo dobro protikorozijsko za\u0161\u010dito in odli\u010dno mazanje zaradi svojih polze\u010dih lastnosti.<\/p>\n<h2>Podro\u010dja uporabe<\/h2>\n<ul>\n<li>Sklopi kroglic in kletk v kolesnih le\u017eajih<\/li>\n<li>vse vrste teka\u0161kih stez.<\/li>\n<li>\u00fcberall da, wo der \u201eTropfen \u00d6l\u201c fehlt<\/li>\n<li>Te\u010daji<\/li>\n<\/ul>\n<h2>Odmerjanje<\/h2>\n<p>Pred uporabo <strong>MATHY-A<\/strong> odstranite stara, smolnata olja in <strong>MATHY-A<\/strong> kapljico za kapljico. Zaradi visokih lastnosti lezenja<strong> MATHY-A<\/strong> v vsako razpoko.<\/p>\n<h2>Pozor,<\/h2>\n<ul>\n<li>H317: Lahko povzro\u010di alergijsko ko\u017eno reakcijo.<\/li>\n<li>H319: Povzro\u010da hudo dra\u017eenje o\u010di.<\/li>\n<li>H412: \u0160kodljivo za vodne organizme z dolgotrajnimi u\u010dinki.<\/li>\n<li>EUH031: V stiku s kislinami se spro\u0161\u010da strupen plin.<\/li>\n<\/ul>","protected":false},"excerpt":{"rendered":"<p>Univerzalno olje<\/p>","protected":false},"featured_media":100989,"template":"","meta":[],"product_brand":[125],"product_cat":[128],"product_tag":[],"class_list":{"0":"post-961","1":"product","2":"type-product","3":"status-publish","4":"has-post-thumbnail","6":"product_brand-mvg-mathe-schmierstofftechnik-gmbh","7":"product_cat-pflege-wartung","8":"description-off","10":"first","11":"instock","12":"taxable","13":"shipping-taxable","14":"purchasable","15":"product-type-simple"},"_links":{"self":[{"href":"https:\/\/mathy-austria.com\/sl\/wp-json\/wp\/v2\/product\/961","targetHints":{"allow":["GET"]}}],"collection":[{"href":"https:\/\/mathy-austria.com\/sl\/wp-json\/wp\/v2\/product"}],"about":[{"href":"https:\/\/mathy-austria.com\/sl\/wp-json\/wp\/v2\/types\/product"}],"wp:featuredmedia":[{"embeddable":true,"href":"https:\/\/mathy-austria.com\/sl\/wp-json\/wp\/v2\/media\/100989"}],"wp:attachment":[{"href":"https:\/\/mathy-austria.com\/sl\/wp-json\/wp\/v2\/media?parent=961"}],"wp:term":[{"taxonomy":"product_brand","embeddable":true,"href":"https:\/\/mathy-austria.com\/sl\/wp-json\/wp\/v2\/product_brand?post=961"},{"taxonomy":"product_cat","embeddable":true,"href":"https:\/\/mathy-austria.com\/sl\/wp-json\/wp\/v2\/product_cat?post=961"},{"taxonomy":"product_tag","embeddable":true,"href":"https:\/\/mathy-austria.com\/sl\/wp-json\/wp\/v2\/product_tag?post=961"}],"curies":[{"name":"wp","href":"https:\/\/api.w.org\/{rel}","templated":true}]}}