{"id":948,"date":"2014-04-09T10:42:52","date_gmt":"2014-04-09T08:42:52","guid":{"rendered":"https:\/\/mathy-austria.com\/?post_type=product&#038;p=948"},"modified":"2024-07-15T07:11:38","modified_gmt":"2024-07-15T06:11:38","slug":"mathy-ws","status":"publish","type":"product","link":"https:\/\/mathy-austria.com\/sl\/izdelek\/mathy-ws\/","title":{"rendered":"MATHY-WS"},"content":{"rendered":"<p><strong>MATHY-WS<\/strong> je univerzalno uporaben sprej za vzdr\u017eevanje, ki je \u0161e posebej primeren za odprto mazanje z veliko umazanije in vremenskih vplivov. Vsebuje posebne lepljive sestavine, ki prepre\u010dujejo, da bi se mazalni film odtrgal. Pronicljive aktivne sestavine zagotavljajo dolgotrajno mazanje tudi na te\u017eko dostopnih mestih.<\/p>\n<h2>Podro\u010dja uporabe<\/h2>\n<ul>\n<li>Verige za dve kolesi<\/li>\n<li>Bowdnovi kabli in \u010dlenkovni spoji<\/li>\n<li>Velike klju\u010davnice vrat in \u0161kripajo\u010di te\u010daji<\/li>\n<li>Vzdr\u017euje vrtno orodje, kosilnice, \u0161karje, kolute za cev in \u0161e veliko ve\u010d.<\/li>\n<li>se prikrade v najfinej\u0161e razpoke<\/li>\n<li>Mazanje vseh gibljivih delov v avtomobilskem sektorju<\/li>\n<li>za oskrbo lovskega in \u0161portnega oro\u017eja<\/li>\n<\/ul>\n<h2>Lastnosti<\/h2>\n<ul>\n<li>Zmanj\u0161anje trenja zaradi mo\u010dne drsne folije<\/li>\n<li>Prepre\u010duje korozijo<\/li>\n<li>Zmanj\u0161a hrapavost povr\u0161ine<\/li>\n<li>Zmanj\u0161a obrabo<\/li>\n<li>Mo\u010dan u\u010dinek \u010di\u0161\u010denja<\/li>\n<li>Mazanje se ohranja tudi na navpi\u010dnih kovinskih povr\u0161inah.<\/li>\n<li>podalj\u0161a intervale mazanja.<\/li>\n<li>ne ve\u017ee umazanije<\/li>\n<li>Vremensko odporen<\/li>\n<li>Ne vsebuje silikonov, smol in kislin<\/li>\n<li>Spro\u0161\u010da rjo in prodira globoko<\/li>\n<li>Razrahlja zataknjene vijake in kovinske dele ter jih ohranja na mestu<\/li>\n<li>se ne smolji<\/li>\n<li>Visok u\u010dinek plazenja<\/li>\n<li>Raztopi staro umazanijo in ostanke smole<\/li>\n<li>Ne vpliva na O-obro\u010de<\/li>\n<li>Pozimi odlo\u017eite zamrznitev vratnih klju\u010davnic<\/li>\n<li>Brez trdnih maziv<\/li>\n<li>Temperaturna stabilnost od -25\u00b0 C do + 150\u00b0 C<\/li>\n<\/ul>\n<h2>Aplikacija<\/h2>\n<ul>\n<li>Lahko <strong>MATHY-WS<\/strong> Pred uporabo dobro pretresite<\/li>\n<li>\u010dim bolj temeljito predhodno o\u010distite obmo\u010dje, ki ga \u017eelite namazati.<\/li>\n<li>nato razpr\u0161ite na o\u010di\u0161\u010deno povr\u0161ino.<\/li>\n<li>Med pr\u0161enjem dr\u017eite plo\u010devinko navpi\u010dno.<\/li>\n<\/ul>\n<h2>Nevarnost<\/h2>\n<ul>\n<li>H222: Zelo vnetljiv aerosol.<\/li>\n<li>H229: Posoda pod pritiskom: Pri segrevanju lahko po\u010di.<\/li>\n<\/ul>","protected":false},"excerpt":{"rendered":"<p>Univerzalno pr\u0161ilo za vzdr\u017eevanje<br \/>\n300 ml<\/p>","protected":false},"featured_media":949,"template":"","meta":[],"product_brand":[125],"product_cat":[128],"product_tag":[],"class_list":{"0":"post-948","1":"product","2":"type-product","3":"status-publish","4":"has-post-thumbnail","6":"product_brand-mvg-mathe-schmierstofftechnik-gmbh","7":"product_cat-pflege-wartung","8":"description-off","10":"first","11":"instock","12":"taxable","13":"shipping-taxable","14":"purchasable","15":"product-type-variable"},"_links":{"self":[{"href":"https:\/\/mathy-austria.com\/sl\/wp-json\/wp\/v2\/product\/948","targetHints":{"allow":["GET"]}}],"collection":[{"href":"https:\/\/mathy-austria.com\/sl\/wp-json\/wp\/v2\/product"}],"about":[{"href":"https:\/\/mathy-austria.com\/sl\/wp-json\/wp\/v2\/types\/product"}],"wp:featuredmedia":[{"embeddable":true,"href":"https:\/\/mathy-austria.com\/sl\/wp-json\/wp\/v2\/media\/949"}],"wp:attachment":[{"href":"https:\/\/mathy-austria.com\/sl\/wp-json\/wp\/v2\/media?parent=948"}],"wp:term":[{"taxonomy":"product_brand","embeddable":true,"href":"https:\/\/mathy-austria.com\/sl\/wp-json\/wp\/v2\/product_brand?post=948"},{"taxonomy":"product_cat","embeddable":true,"href":"https:\/\/mathy-austria.com\/sl\/wp-json\/wp\/v2\/product_cat?post=948"},{"taxonomy":"product_tag","embeddable":true,"href":"https:\/\/mathy-austria.com\/sl\/wp-json\/wp\/v2\/product_tag?post=948"}],"curies":[{"name":"wp","href":"https:\/\/api.w.org\/{rel}","templated":true}]}}