{"id":946,"date":"2014-04-09T10:39:47","date_gmt":"2014-04-09T08:39:47","guid":{"rendered":"https:\/\/mathy-austria.com\/?post_type=product&#038;p=946"},"modified":"2025-02-23T21:35:16","modified_gmt":"2025-02-23T20:35:16","slug":"mathy-g","status":"publish","type":"product","link":"https:\/\/mathy-austria.com\/sl\/izdelek\/mathy-g\/","title":{"rendered":"MATHY-G"},"content":{"rendered":"<p><strong>MATHY-G Visoko zmogljiva mazalna mast TYPE L<\/strong> izdelana iz visokokakovostne litijeve masti na osnovi 12-hidroksistearata z izbranimi mineralnimi olji in sinergijsko kombinacijo dodatkov za vsestransko uporabo v normalnih in ekstremnih razmerah prepre\u010duje obrabo kolesnih le\u017eajev\/pogonskih sklopov, vzmetnih vijakov itd.<\/p>\n<h2>Tehni\u010dne lastnosti izdelka<\/h2>\n<ul>\n<li>Viskoznost pri 40 \u00b0C: 105 mm\u00b2\/s<\/li>\n<li>Viskoznost pri 100 \u00b0C: 10 mm\u00b2\/s<\/li>\n<li>KP 2 M-30<\/li>\n<li>NLGI razred 2<\/li>\n<li>To\u010dka padanja &gt;182 \u00b0C v skladu z DIN ISO 2176<\/li>\n<li>Temperaturno obmo\u010dje uporabe: -30 \u00b0C do -130 \u00b0C<\/li>\n<li>Polnilna penetracija 265 - 295 po DIN ISO 2137<\/li>\n<li>Varilna sila VKA: min. 2.800 N po DIN 51350<\/li>\n<\/ul>\n<h2>Podro\u010dja uporabe<\/h2>\n<ul>\n<li>Valj\u010dni in drsni le\u017eaji<\/li>\n<li>Vodila in spoji<\/li>\n<li>Za izredno visoke obremenitve, korozijo in korodirane povr\u0161ine<\/li>\n<li>Primerno za transport v centraliziranih sistemih mazanja<\/li>\n<\/ul>\n<h2>Odmerjanje<\/h2>\n<p>Uporabi <strong>MATHY-G<\/strong> kot obi\u010dajno za mazalne masti in upo\u0161tevajte navodila proizvajalca le\u017eaja.<br \/>\n\u010ce imate kakr\u0161na koli vpra\u0161anja, pokli\u010dite na\u0161o tehni\u010dno slu\u017ebo <strong>Vro\u010da linija<\/strong> na spletnem mestu . <strong>05191 16004<\/strong> za.<\/p>\n<h2>Pozor,<\/h2>\n<ul>\n<li>H317: Lahko povzro\u010di alergijsko ko\u017eno reakcijo.<\/li>\n<li>H319: Povzro\u010da hudo dra\u017eenje o\u010di.<\/li>\n<li>H412: \u0160kodljivo za vodne organizme z dolgotrajnimi u\u010dinki.<\/li>\n<\/ul>","protected":false},"excerpt":{"rendered":"<p>Visoko zmogljiva mazalna mast<br \/>\n1 x 400 g (cena za kg 34,50 \u20ac)<\/p>","protected":false},"featured_media":947,"template":"","meta":[],"product_brand":[125],"product_cat":[128],"product_tag":[],"class_list":{"0":"post-946","1":"product","2":"type-product","3":"status-publish","4":"has-post-thumbnail","6":"product_brand-mvg-mathe-schmierstofftechnik-gmbh","7":"product_cat-pflege-wartung","8":"description-off","10":"first","11":"instock","12":"taxable","13":"shipping-taxable","14":"purchasable","15":"product-type-variable"},"_links":{"self":[{"href":"https:\/\/mathy-austria.com\/sl\/wp-json\/wp\/v2\/product\/946","targetHints":{"allow":["GET"]}}],"collection":[{"href":"https:\/\/mathy-austria.com\/sl\/wp-json\/wp\/v2\/product"}],"about":[{"href":"https:\/\/mathy-austria.com\/sl\/wp-json\/wp\/v2\/types\/product"}],"wp:featuredmedia":[{"embeddable":true,"href":"https:\/\/mathy-austria.com\/sl\/wp-json\/wp\/v2\/media\/947"}],"wp:attachment":[{"href":"https:\/\/mathy-austria.com\/sl\/wp-json\/wp\/v2\/media?parent=946"}],"wp:term":[{"taxonomy":"product_brand","embeddable":true,"href":"https:\/\/mathy-austria.com\/sl\/wp-json\/wp\/v2\/product_brand?post=946"},{"taxonomy":"product_cat","embeddable":true,"href":"https:\/\/mathy-austria.com\/sl\/wp-json\/wp\/v2\/product_cat?post=946"},{"taxonomy":"product_tag","embeddable":true,"href":"https:\/\/mathy-austria.com\/sl\/wp-json\/wp\/v2\/product_tag?post=946"}],"curies":[{"name":"wp","href":"https:\/\/api.w.org\/{rel}","templated":true}]}}