{"id":940,"date":"2014-04-09T10:05:21","date_gmt":"2014-04-09T08:05:21","guid":{"rendered":"https:\/\/mathy-austria.com\/?post_type=product&#038;p=940"},"modified":"2026-03-04T15:03:08","modified_gmt":"2026-03-04T14:03:08","slug":"mathy-ta-fur-automatikgetriebe-und-hydrauliksysteme","status":"publish","type":"product","link":"https:\/\/mathy-austria.com\/sl\/izdelek\/mathy-ta-fur-automatikgetriebe-und-hydrauliksysteme\/","title":{"rendered":"MATHY-TA"},"content":{"rendered":"<p><strong>MATHY-TA<\/strong> je oljni dodatek za olja ATF v osebnih avtomobilih in gospodarskih vozilih. Za uporabo v samodejnih menjalnikih in po mo\u017enosti tudi v sistemih za servo krmiljenje, kot so ATF 1-3, Dexron ali Mercon.<\/p>\n<h2><strong>Podro\u010dja uporabe<\/strong><\/h2>\n<ul>\n<li>v olju ATF ro\u010dnih menjalnikov, npr. Mercedes Benz<\/li>\n<li>Avtomatski menjalnik<\/li>\n<li>Pospe\u0161evalnik krmiljenja<\/li>\n<\/ul>\n<h2>Zmanj\u0161anje tehni\u010dnih te\u017eav<\/h2>\n<ul>\n<li>Zmanj\u0161a obrabo le\u017eajev in zobnikov menjalnika.<\/li>\n<li>Zmanj\u0161a obrabo kronskih in sto\u017e\u010dastih zobnikov<\/li>\n<li>Pove\u010da nosilnost<\/li>\n<li>Pove\u010dana toplotna obremenitev<\/li>\n<li>Izbolj\u0161a hladilne lastnosti<\/li>\n<\/ul>\n<h2><strong>Odmerjanje<\/strong><\/h2>\n<ul>\n<li>10% koli\u010dine olja za samodejni menjalnik<\/li>\n<li>10% za samodejne menjalnike vseh vrst vozil s prevo\u017eenimi 100.000 km (1.250 obratovalnih ur), po 1.000 km (faza \u010di\u0161\u010denja) zamenjajte olje in ga ponovno napolnite z oljem 10%<\/li>\n<\/ul>\n<h2><strong>Aplikacija<\/strong><\/h2>\n<p>Avtomatski menjalnik<\/p>\n<p>10% celotne koli\u010dine olja je treba nadomestiti z <strong>MATHY-TA<\/strong> je treba zamenjati. \u010ce je \u0161tevilo prevo\u017eenih kilometrov dalj\u0161e od 100.000 km (1.250 obratovalnih ur) ali je staro ve\u010d kot 5 let, priporo\u010damo fazo \u010di\u0161\u010denja s kasnej\u0161o obnovo celotnega olja s hkratnim dodajanjem 10%. <strong>MATHY-TA<\/strong>. Pri sistemih servooja\u010devalnika lahko olje dodajate le z zamenjavo olja v ekspanzijski posodi; tudi v tem primeru omejite najve\u010djo koli\u010dino dodajanja na 10%.<\/p>\n<p>Intervale menjave olja v menjalniku lahko po prehodu na <strong>MATHY-TA<\/strong> se lahko podalj\u0161a do trikrat.<\/p>\n<p>Mehanski menjalniki, napolnjeni z oljem ATF<\/p>\n<p>Ti ro\u010dni menjalniki so pogosto prisotni pri Mercedes-Benzu in se uporabljajo z delom 10% <strong>MATHY-TA<\/strong> dodatek. Pri prevo\u017eenih kilometrih, dalj\u0161ih od 100.000 km, je prvi korak faza \u010di\u0161\u010denja s 10% <strong>MATHY-TA<\/strong> v starem menjalnem olju na razdalji od 800 do 1.000 km.<\/p>\n<h2><strong>Pozor,<\/strong><\/h2>\n<ul>\n<li>H317: Lahko povzro\u010di alergijsko ko\u017eno reakcijo.<\/li>\n<li>H412: \u0160kodljivo za vodne organizme z dolgotrajnimi u\u010dinki<\/li>\n<\/ul>","protected":false},"excerpt":{"rendered":"<p>Dodatek za olje za samodejni menjalnik<\/p>","protected":false},"featured_media":149568,"template":"","meta":[],"product_brand":[125],"product_cat":[126],"product_tag":[417,436,406,451,404,426,443,444,445,452,454,403,412,430,424,423,405,409,441,435,427,416,414,410,456,442,418,439,411,457,446,428,455,431,432,422,421,419,437,453,408,407,438,440,425,447,429,420,433,448,248,413,249,402,459,460,401,461,434,450,415,449,458],"class_list":{"0":"post-940","1":"product","2":"type-product","3":"status-publish","4":"has-post-thumbnail","6":"product_brand-mvg-mathe-schmierstofftechnik-gmbh","7":"product_cat-getriebe","8":"product_tag-anfahrruckeln-automatikgetriebe-reduzieren","9":"product_tag-atf-additiv-dexron-mercon-atf1-atf2-atf3","10":"product_tag-atf-additiv-fuer-automatikgetriebe","11":"product_tag-atf-getriebe-additiv","12":"product_tag-atf-getriebeoel-additiv","13":"product_tag-atf-oel-stabilitaet-erhoehen","14":"product_tag-auto-getriebe-additiv-online-kaufen","15":"product_tag-auto-getriebe-schutz-additiv","16":"product_tag-auto-wartung-getriebe-additiv","17":"product_tag-automatikgetriebe-additiv","18":"product_tag-automatikgetriebe-additiv-empfehlung","19":"product_tag-automatikgetriebe-additiv-kaufen","20":"product_tag-automatikgetriebe-additiv-oesterreich","21":"product_tag-automatikgetriebe-geraeusche-reduzieren","22":"product_tag-automatikgetriebe-lebensdauer-verlaengern","23":"product_tag-automatikgetriebe-leistung-verbessern","24":"product_tag-automatikgetriebe-oel-zusatz","25":"product_tag-automatikgetriebe-pflege-additiv","26":"product_tag-automatikgetriebe-pflege-produkt","27":"product_tag-automatikgetriebe-problemloeser-additiv","28":"product_tag-automatikgetriebe-reinigen-additiv","29":"product_tag-automatikgetriebe-ruckeln-reduzieren","30":"product_tag-automatikgetriebe-schaltvorgaenge-verbessern","31":"product_tag-automatikgetriebe-schutz-additiv","32":"product_tag-automatikgetriebe-schutz-vor-verschleiss","33":"product_tag-automatikgetriebe-service-additiv","34":"product_tag-automatikgetriebe-verschleiss-reduzieren","35":"product_tag-automatikgetriebe-wartung-ohne-ausbau","36":"product_tag-automatikgetriebe-wartung-produkt","37":"product_tag-bessere-schaltperformance-automatikgetriebe","38":"product_tag-fahrzeug-getriebe-schutz-technologie","39":"product_tag-getriebe-ablagerungen-entfernen","40":"product_tag-getriebe-additiv-fuer-lange-lebensdauer","41":"product_tag-getriebe-laufgeraeusche-reduzieren","42":"product_tag-getriebe-leistungsfaehigkeit-erhoehen","43":"product_tag-getriebe-schmierfilm-stabilisieren","44":"product_tag-getriebe-schmierung-verbessern","45":"product_tag-getriebe-verschleissschutz-additiv","46":"product_tag-getriebeoel-additiv-fuer-mercedes-automatikgetriebe","47":"product_tag-getriebeoel-additiv-keywords","48":"product_tag-getriebeoel-additiv-nutzfahrzeuge","49":"product_tag-getriebeoel-additiv-pkw","50":"product_tag-getriebeoel-additiv-servolenkung","51":"product_tag-getriebeoel-additiv-werkstatt-empfehlung","52":"product_tag-getriebeoel-alterungsstabilitaet-verbessern","53":"product_tag-getriebeoel-druckfestigkeit-erhoehen","54":"product_tag-getriebeoel-reinigung-additiv","55":"product_tag-getriebeoel-verschleiss-reduzieren","56":"product_tag-hochleistungs-getriebe-additiv","57":"product_tag-korrosionsschutz-im-automatikgetriebe","58":"product_tag-mathy-austria","59":"product_tag-mathy-austria-automatikgetriebe-additiv","60":"product_tag-mathy-oesterreich","61":"product_tag-mathy-ta-getriebeoel-additiv","62":"product_tag-mathy-linz","63":"product_tag-mathy-shop","64":"product_tag-mathy-ta-automatikgetriebe-additiv","65":"product_tag-mathy-ta-kaufen","66":"product_tag-premium-automatikgetriebe-additiv","67":"product_tag-reibung-im-automatikgetriebe-reduzieren","68":"product_tag-sanftere-schaltvorgaenge-automatikgetriebe","69":"product_tag-schmierfilm-haftwirkung-verbessern","70":"product_tag-zuverlaessige-funktion-automatikgetriebe-additiv","71":"description-off","73":"first","74":"instock","75":"taxable","76":"shipping-taxable","77":"purchasable","78":"product-type-variable"},"_links":{"self":[{"href":"https:\/\/mathy-austria.com\/sl\/wp-json\/wp\/v2\/product\/940","targetHints":{"allow":["GET"]}}],"collection":[{"href":"https:\/\/mathy-austria.com\/sl\/wp-json\/wp\/v2\/product"}],"about":[{"href":"https:\/\/mathy-austria.com\/sl\/wp-json\/wp\/v2\/types\/product"}],"wp:featuredmedia":[{"embeddable":true,"href":"https:\/\/mathy-austria.com\/sl\/wp-json\/wp\/v2\/media\/149568"}],"wp:attachment":[{"href":"https:\/\/mathy-austria.com\/sl\/wp-json\/wp\/v2\/media?parent=940"}],"wp:term":[{"taxonomy":"product_brand","embeddable":true,"href":"https:\/\/mathy-austria.com\/sl\/wp-json\/wp\/v2\/product_brand?post=940"},{"taxonomy":"product_cat","embeddable":true,"href":"https:\/\/mathy-austria.com\/sl\/wp-json\/wp\/v2\/product_cat?post=940"},{"taxonomy":"product_tag","embeddable":true,"href":"https:\/\/mathy-austria.com\/sl\/wp-json\/wp\/v2\/product_tag?post=940"}],"curies":[{"name":"wp","href":"https:\/\/api.w.org\/{rel}","templated":true}]}}