{"id":928,"date":"2014-04-09T09:36:42","date_gmt":"2014-04-09T07:36:42","guid":{"rendered":"https:\/\/mathy-austria.com\/?post_type=product&#038;p=928"},"modified":"2024-07-15T07:11:38","modified_gmt":"2024-07-15T06:11:38","slug":"mathy-ts","status":"publish","type":"product","link":"https:\/\/mathy-austria.com\/sl\/izdelek\/mathy-ts\/","title":{"rendered":"MATHY-TS"},"content":{"rendered":"<p><strong>MATHY-TS<\/strong> Dodatek za dvotaktne motorje odlikujejo odli\u010dne lastnosti za\u0161\u010dite pred obrabo in korozijo. Uporaba izjemno mo\u010dne kombinacije dodatkov zmanj\u0161uje trenje in prepre\u010duje obrabo motorja. Posebni aditivi prepre\u010dujejo nastajanje oblog v zgorevalnem prostoru, na v\u017eigalni sve\u010dki, na izpu\u0161nih re\u017eeh in v izpu\u0161nem sistemu. Odli\u010dna \u010distost motorja seveda prepre\u010duje tudi nastajanje izpu\u0161nih plinov. To olaj\u0161a zagon motorja ter omogo\u010da ti\u0161je in bolj gladko vo\u017enjo.<\/p>\n<h2>Podro\u010dja uporabe<\/h2>\n<ul>\n<li>Primerno za vse vrste dvotaktnih motorjev<\/li>\n<li>Ni primerno za motorje na v\u017eig na \u017earilno olje, ki se uporabljajo pri modeliranju<\/li>\n<\/ul>\n<h2>Odmerjanje<\/h2>\n<p>Za me\u0161anice:<\/p>\n<ul>\n<li>Mazanje dvotaktne me\u0161anice 1:25 = 1:1000 do kon\u010dne me\u0161anice<\/li>\n<li>Dvotaktni motor z mazanjem zmesi 1:50 = 1:2000 do kon\u010dne zmesi<\/li>\n<li>Dvotaktni motorji z mazanjem s \u010drpalko 1:40 z dvotaktnim oljem<\/li>\n<\/ul>\n<p>Pri uporabi <strong>MATHY-TS<\/strong> \u010disto:<\/p>\n<ul>\n<li>Zra\u010dno hlajeni motorji do 1:100<\/li>\n<li>Vodno hlajeni motorji do 1:200<\/li>\n<\/ul>\n<h2>Pozor,<\/h2>\n<ul>\n<li>H317: Lahko povzro\u010di alergijsko ko\u017eno reakcijo.<\/li>\n<li>H319: Povzro\u010da hudo dra\u017eenje o\u010di.<\/li>\n<li>H412: \u0160kodljivo za vodne organizme z dolgotrajnimi u\u010dinki.<\/li>\n<li>EUH031: V stiku s kislinami se spro\u0161\u010da strupen plin.<\/li>\n<\/ul>","protected":false},"excerpt":{"rendered":"<p>Dodatek za dvotaktne motorje<br \/>\n250 ml<\/p>","protected":false},"featured_media":3376,"template":"","meta":[],"product_brand":[125],"product_cat":[124],"product_tag":[],"class_list":{"0":"post-928","1":"product","2":"type-product","3":"status-publish","4":"has-post-thumbnail","6":"product_brand-mvg-mathe-schmierstofftechnik-gmbh","7":"product_cat-motor","8":"description-off","10":"first","11":"instock","12":"taxable","13":"shipping-taxable","14":"purchasable","15":"product-type-variable"},"_links":{"self":[{"href":"https:\/\/mathy-austria.com\/sl\/wp-json\/wp\/v2\/product\/928","targetHints":{"allow":["GET"]}}],"collection":[{"href":"https:\/\/mathy-austria.com\/sl\/wp-json\/wp\/v2\/product"}],"about":[{"href":"https:\/\/mathy-austria.com\/sl\/wp-json\/wp\/v2\/types\/product"}],"wp:featuredmedia":[{"embeddable":true,"href":"https:\/\/mathy-austria.com\/sl\/wp-json\/wp\/v2\/media\/3376"}],"wp:attachment":[{"href":"https:\/\/mathy-austria.com\/sl\/wp-json\/wp\/v2\/media?parent=928"}],"wp:term":[{"taxonomy":"product_brand","embeddable":true,"href":"https:\/\/mathy-austria.com\/sl\/wp-json\/wp\/v2\/product_brand?post=928"},{"taxonomy":"product_cat","embeddable":true,"href":"https:\/\/mathy-austria.com\/sl\/wp-json\/wp\/v2\/product_cat?post=928"},{"taxonomy":"product_tag","embeddable":true,"href":"https:\/\/mathy-austria.com\/sl\/wp-json\/wp\/v2\/product_tag?post=928"}],"curies":[{"name":"wp","href":"https:\/\/api.w.org\/{rel}","templated":true}]}}