{"id":912,"date":"2014-04-08T18:22:55","date_gmt":"2014-04-08T16:22:55","guid":{"rendered":"https:\/\/mathy-austria.com\/?post_type=product&#038;p=912"},"modified":"2026-02-04T18:25:29","modified_gmt":"2026-02-04T17:25:29","slug":"mathy-fb-250ml","status":"publish","type":"product","link":"https:\/\/mathy-austria.com\/sl\/izdelek\/mathy-fb-250ml\/","title":{"rendered":"MATHY-FB dodatek za gorivo za nego bencina"},"content":{"rendered":"<p><strong>MATHY-FB<\/strong> je primeren za bencinske motorje s turbinskim polnilnikom in brez njega. Zdru\u017eljiv za uporabo v vozilih s katalizatorji. Prepre\u010duje nastajanje novih oblog in vzdr\u017euje vse sestavne dele sistema za gorivo, vklju\u010dno z vbrizgalnimi \u0161obami. Redna uporaba izbolj\u0161a vrednosti izpu\u0161nih plinov in zmogljivost motorja.<\/p>\n<p><strong>MATHY-FB<\/strong> je zasnovan za bencinske motorje in se lahko uporablja z vsemi bencinskimi gorivi. Bencinskemu gorivu je prime\u0161an zakonsko predpisan dele\u017e 5% do 10 % bioetanola.<\/p>\n<h2><strong>zmanj\u0161anje ali odprava tehni\u010dnih te\u017eav.<\/strong><\/h2>\n<ul>\n<li>O\u010distite celoten sistem za gorivo.<\/li>\n<li>zmanj\u0161uje emisije onesna\u017eeval.<\/li>\n<li>Izbolj\u0161uje obna\u0161anje pri zagonu<\/li>\n<li>Zagotavlja \u010disto izgorevanje<\/li>\n<li>Vzdr\u017euje \u010disto\u010do vbrizgalnih \u010drpalk, vbrizgalnih \u0161ob in zgorevalnih komor<\/li>\n<\/ul>\n<h2><strong>Odmerjanje<\/strong><\/h2>\n<p><strong>MATHY-FB<\/strong> v razmerju 1:1000. To pomeni 10 ml dodatka na 10 litrov bencina. Dodajte <strong>MATHY-FB<\/strong> z vsakim rezervoarjem goriva in izdelek porabite v enem letu. <strong>MATHY-FB<\/strong> neposredno pred polnjenjem, da se dodatek med polnjenjem optimalno preme\u0161a.<\/p>\n<h2>Podro\u010dja uporabe<\/h2>\n<ul>\n<li>Dodatek za vse vrste bencinskega goriva (od E5 do E10)<\/li>\n<li>za vzdr\u017eevanje \u010distega in namazanega celotnega sistema za gorivo.<\/li>\n<li>z ve\u010djo porabo goriva.<\/li>\n<li>pri starej\u0161ih vozilih po opravljenih nastavitvah kot preventivni ukrep.<\/li>\n<li>za visoke obremenitve in obrabo (vbrizgalne \u010drpalke in ventili).<\/li>\n<\/ul>\n<h2><strong>Nevarnost<\/strong><\/h2>\n<ul>\n<li>H318: Povzro\u010da resne po\u0161kodbe o\u010di.<\/li>\n<li>H304: Pri zau\u017eitju in vstopu v dihalne poti je lahko smrtno nevaren.<\/li>\n<li>H412: \u0160kodljivo za vodne organizme z dolgotrajnimi u\u010dinki.<\/li>\n<li>EUH066: Ponavljajo\u010da se izpostavljenost lahko povzro\u010di izsu\u0161itev ali razpokanje ko\u017ee.<\/li>\n<\/ul>","protected":false},"excerpt":{"rendered":"<p>Dodatek za bencinsko gorivo<br \/>\n1 x 250 ml (cena za liter 71,80 \u20ac)<\/p>","protected":false},"featured_media":143784,"template":"","meta":[],"product_brand":[125],"product_cat":[127],"product_tag":[],"class_list":{"0":"post-912","1":"product","2":"type-product","3":"status-publish","4":"has-post-thumbnail","6":"product_brand-mvg-mathe-schmierstofftechnik-gmbh","7":"product_cat-kraftstoffsystem","8":"description-off","10":"first","11":"instock","12":"taxable","13":"shipping-taxable","14":"purchasable","15":"product-type-variable"},"_links":{"self":[{"href":"https:\/\/mathy-austria.com\/sl\/wp-json\/wp\/v2\/product\/912","targetHints":{"allow":["GET"]}}],"collection":[{"href":"https:\/\/mathy-austria.com\/sl\/wp-json\/wp\/v2\/product"}],"about":[{"href":"https:\/\/mathy-austria.com\/sl\/wp-json\/wp\/v2\/types\/product"}],"wp:featuredmedia":[{"embeddable":true,"href":"https:\/\/mathy-austria.com\/sl\/wp-json\/wp\/v2\/media\/143784"}],"wp:attachment":[{"href":"https:\/\/mathy-austria.com\/sl\/wp-json\/wp\/v2\/media?parent=912"}],"wp:term":[{"taxonomy":"product_brand","embeddable":true,"href":"https:\/\/mathy-austria.com\/sl\/wp-json\/wp\/v2\/product_brand?post=912"},{"taxonomy":"product_cat","embeddable":true,"href":"https:\/\/mathy-austria.com\/sl\/wp-json\/wp\/v2\/product_cat?post=912"},{"taxonomy":"product_tag","embeddable":true,"href":"https:\/\/mathy-austria.com\/sl\/wp-json\/wp\/v2\/product_tag?post=912"}],"curies":[{"name":"wp","href":"https:\/\/api.w.org\/{rel}","templated":true}]}}