{"id":906,"date":"2014-04-08T17:40:07","date_gmt":"2014-04-08T15:40:07","guid":{"rendered":"https:\/\/mathy-austria.com\/?post_type=product&#038;p=906"},"modified":"2024-07-15T07:11:39","modified_gmt":"2024-07-15T06:11:39","slug":"mathy-d","status":"publish","type":"product","link":"https:\/\/mathy-austria.com\/sl\/izdelek\/mathy-d\/","title":{"rendered":"MATHY-D"},"content":{"rendered":"<div class=\"ka-content\">\n<div class=\"ka-content\"><\/div>\n<\/div>\n<div class=\"ka-content\">\n<p><strong>MATHY-D<\/strong> reinigt das Dieselsystem, erh\u00f6ht die Betriebssicherheit und Wirtschaftlichkeit von Dieselmotoren. Geeignet f\u00fcr alle Dieselmotoren (CDI und TDI) und Dieselkraftstoffarten, Sommer- und Winterdiesel. Es ist mit allen Diesel-Oxidations-Katalysatoren und Partikelfiltern (DPF) vertr\u00e4glich. Die Wirkstoffkombination mit reinigenden, dispergierenden, werkstoffsch\u00fctzenden &amp; Cetanzahl erh\u00f6henden Eigenschaften ist abgestimmt zur schnellen und kosteng\u00fcnstigen Reinigung von Ablagerungen.<\/p>\n<h2>zmanj\u0161anje ali odprava tehni\u010dnih te\u017eav.<\/h2>\n<ul>\n<li>reinigt das gesamte Dieselsystem<\/li>\n<li>Zagotavlja varno zapiranje in pravilno odpiranje brizgalnih \u0161ob z razrahljanjem kontaminacije.<\/li>\n<li>sorgt f\u00fcr reibungslose Funktion aller Komponenten des Dieselsystems<\/li>\n<li>l\u00f6st Verschmutzungen im Dieselsystem<\/li>\n<li>reinigt Ventile und Verbrennungsraum<\/li>\n<li>wirkt den negativen Auswirkungen das Bioanteils im Diesel entgegen<\/li>\n<\/ul>\n<h2>Podro\u010dja uporabe<\/h2>\n<ul>\n<li>Za poletno in zimsko dizelsko gorivo<\/li>\n<li>Primeren za sodobne sisteme common rail (CDI) in \u010drpalko-injektor (TDI)<\/li>\n<li>Zdru\u017eljiv z vsemi sodobnimi dizelskimi oksidacijskimi katalizatorji in filtri trdnih delcev (PDF)<\/li>\n<\/ul>\n<h2>Odmerjanje<\/h2>\n<p>Der Doseninhalt (250 ml) reicht f\u00fcr bis zu 50L Dieselkraftstoff mit einem Anteil von bis zu 10% Biodiesel (das ist der \u201enormale\u201c Diesel).<\/p>\n<h2>Aplikacija<\/h2>\n<p>Vsebino plo\u010devinke (250 ml) preprosto dodajte dizelskemu gorivu. V rezervoar dizelskega goriva ga dodajte vsakih 3.000 km, da zagotovite \u010disto\u010do \u0161ob in za\u0161\u010dito pred korozijo. Za odpravo akutnih te\u017eav <strong>MATHY-D<\/strong> v dizelsko gorivo pri vsakem polnjenju pribli\u017eno 2.500 km.<\/p>\n<p>Opomba: Koli\u010dina goriva v rezervoarju mora biti vsaj enaka rezervni koli\u010dini.<\/p>\n<h2>Nevarnost<\/h2>\n<ul>\n<li>H315: Povzro\u010da dra\u017eenje ko\u017ee.<\/li>\n<li>H319: Povzro\u010da hudo dra\u017eenje o\u010di.<\/li>\n<li>H304: Pri zau\u017eitju in vstopu v dihalne poti je lahko smrtno nevaren.<\/li>\n<li>H412: \u0160kodljivo za vodne organizme z dolgotrajnimi u\u010dinki.<\/li>\n<\/ul>\n<\/div>","protected":false},"excerpt":{"rendered":"<p>Diesel-Systemreiniger, 250ml<\/p>","protected":false},"featured_media":907,"template":"","meta":[],"product_brand":[125],"product_cat":[127],"product_tag":[],"class_list":{"0":"post-906","1":"product","2":"type-product","3":"status-publish","4":"has-post-thumbnail","6":"product_brand-mvg-mathe-schmierstofftechnik-gmbh","7":"product_cat-kraftstoffsystem","8":"description-off","10":"first","11":"instock","12":"taxable","13":"shipping-taxable","14":"purchasable","15":"product-type-variable"},"_links":{"self":[{"href":"https:\/\/mathy-austria.com\/sl\/wp-json\/wp\/v2\/product\/906","targetHints":{"allow":["GET"]}}],"collection":[{"href":"https:\/\/mathy-austria.com\/sl\/wp-json\/wp\/v2\/product"}],"about":[{"href":"https:\/\/mathy-austria.com\/sl\/wp-json\/wp\/v2\/types\/product"}],"wp:featuredmedia":[{"embeddable":true,"href":"https:\/\/mathy-austria.com\/sl\/wp-json\/wp\/v2\/media\/907"}],"wp:attachment":[{"href":"https:\/\/mathy-austria.com\/sl\/wp-json\/wp\/v2\/media?parent=906"}],"wp:term":[{"taxonomy":"product_brand","embeddable":true,"href":"https:\/\/mathy-austria.com\/sl\/wp-json\/wp\/v2\/product_brand?post=906"},{"taxonomy":"product_cat","embeddable":true,"href":"https:\/\/mathy-austria.com\/sl\/wp-json\/wp\/v2\/product_cat?post=906"},{"taxonomy":"product_tag","embeddable":true,"href":"https:\/\/mathy-austria.com\/sl\/wp-json\/wp\/v2\/product_tag?post=906"}],"curies":[{"name":"wp","href":"https:\/\/api.w.org\/{rel}","templated":true}]}}