{"id":904,"date":"2014-04-08T17:26:13","date_gmt":"2014-04-08T15:26:13","guid":{"rendered":"https:\/\/mathy-austria.com\/?post_type=product&#038;p=904"},"modified":"2024-07-15T07:11:39","modified_gmt":"2024-07-15T06:11:39","slug":"mathy-be","status":"publish","type":"product","link":"https:\/\/mathy-austria.com\/sl\/izdelek\/mathy-be\/","title":{"rendered":"MATHY-BE"},"content":{"rendered":"<p><strong>MATHY-BE<\/strong> je posebej razvit dodatek gorivu za vsa bencinska goriva v bencinskih motorjih. U\u010dinkovito prepre\u010duje negativne u\u010dinke goriv E5 do E85. Njegov inovativni paket aktivnih sestavin za etanol, bencin in me\u0161anice etanola in bencina ima zelo u\u010dinkovit, \u010distilni in negovalni u\u010dinek. <strong>MATHY-BE<\/strong> prepre\u010duje po\u0161kodbe sestavnih delov, ki prevajajo gorivo; usedline, ki zmanj\u0161ujejo u\u010dinkovitost sistema za gorivo, se raztopijo in se\u017egejo, ne da bi pustile ostanke.<\/p>\n<h2><strong>zmanj\u0161anje ali odprava tehni\u010dnih te\u017eav.<\/strong><\/h2>\n<ul>\n<li>Zagotavlja varno zapiranje in pravilno odpiranje brizgalnih \u0161ob z razrahljanjem kontaminacije.<\/li>\n<li>Zagotavlja nemoteno delovanje vseh sestavnih delov sistema za gorivo<\/li>\n<li>Raztopi onesna\u017eenje v sistemu za gorivo<\/li>\n<li>\u010cisti ventile in zgorevalni prostor ter ga ohranja \u010distega brez prekinitev<\/li>\n<li>dolgoro\u010dno nevtralizira negativne u\u010dinke vsebnosti biolo\u0161kih sestavin v gorivih.<\/li>\n<\/ul>\n<h2><strong>Odmerjanje<\/strong><\/h2>\n<p>Vsebina plo\u010devinke (250 ml) zadostuje za do 60 litrov etanola, bencina in me\u0161anic etanola in bencina (E5, E10 do E85).<\/p>\n<h2><strong>Aplikacija<\/strong><\/h2>\n<p>Vsebino plo\u010devinke (250 ml) preprosto dodajte gorivu. Uporabiti ga je treba vsakih 3.000 km, saj je za\u0161\u010ditni u\u010dinek <strong>MATHY-BE<\/strong> zdr\u017ei do 3.000 km. Neprekinjena uporaba (z vsakim polnjenjem goriva) je mogo\u010da brez te\u017eav.<\/p>\n<p>Opomba: Koli\u010dina goriva v rezervoarju mora biti vsaj enaka rezervni koli\u010dini.<\/p>\n<h2>Nevarnost<\/h2>\n<ul>\n<li>H225: Zelo vnetljiva teko\u010dina in hlapi.<\/li>\n<li>H304: Pri zau\u017eitju in vstopu v dihalne poti je lahko smrtno nevaren.<\/li>\n<li>H319: Povzro\u010da hudo dra\u017eenje o\u010di.<\/li>\n<li>H336: Lahko povzro\u010di zaspanost ali omotico.<\/li>\n<li>H412: \u0160kodljivo za vodne organizme z dolgotrajnimi u\u010dinki.<\/li>\n<li>EUH066: Ponavljajo\u010da se izpostavljenost lahko povzro\u010di izsu\u0161itev ali razpokanje ko\u017ee.<\/li>\n<\/ul>","protected":false},"excerpt":{"rendered":"<p>\u010cistilo za bencinski sistem, 250ml<\/p>","protected":false},"featured_media":905,"template":"","meta":[],"product_brand":[125],"product_cat":[127],"product_tag":[],"class_list":{"0":"post-904","1":"product","2":"type-product","3":"status-publish","4":"has-post-thumbnail","6":"product_brand-mvg-mathe-schmierstofftechnik-gmbh","7":"product_cat-kraftstoffsystem","8":"description-off","10":"first","11":"instock","12":"taxable","13":"shipping-taxable","14":"purchasable","15":"product-type-variable"},"_links":{"self":[{"href":"https:\/\/mathy-austria.com\/sl\/wp-json\/wp\/v2\/product\/904","targetHints":{"allow":["GET"]}}],"collection":[{"href":"https:\/\/mathy-austria.com\/sl\/wp-json\/wp\/v2\/product"}],"about":[{"href":"https:\/\/mathy-austria.com\/sl\/wp-json\/wp\/v2\/types\/product"}],"wp:featuredmedia":[{"embeddable":true,"href":"https:\/\/mathy-austria.com\/sl\/wp-json\/wp\/v2\/media\/905"}],"wp:attachment":[{"href":"https:\/\/mathy-austria.com\/sl\/wp-json\/wp\/v2\/media?parent=904"}],"wp:term":[{"taxonomy":"product_brand","embeddable":true,"href":"https:\/\/mathy-austria.com\/sl\/wp-json\/wp\/v2\/product_brand?post=904"},{"taxonomy":"product_cat","embeddable":true,"href":"https:\/\/mathy-austria.com\/sl\/wp-json\/wp\/v2\/product_cat?post=904"},{"taxonomy":"product_tag","embeddable":true,"href":"https:\/\/mathy-austria.com\/sl\/wp-json\/wp\/v2\/product_tag?post=904"}],"curies":[{"name":"wp","href":"https:\/\/api.w.org\/{rel}","templated":true}]}}