{"id":902,"date":"2014-04-05T18:11:32","date_gmt":"2014-04-05T16:11:32","guid":{"rendered":"https:\/\/mathy-austria.com\/?post_type=product&#038;p=902"},"modified":"2024-07-15T07:11:39","modified_gmt":"2024-07-15T06:11:39","slug":"mathy-m-1l-das-motorenol-additiv-bestseller","status":"publish","type":"product","link":"https:\/\/mathy-austria.com\/sl\/izdelek\/mathy-m-1l-das-motorenol-additiv-bestseller\/","title":{"rendered":"MATHY-M"},"content":{"rendered":"<p><img fetchpriority=\"high\" decoding=\"async\" class=\"alignnone wp-image-3034\" src=\"https:\/\/mathy-austria.com\/wp-content\/uploads\/2014\/04\/mathy-tuev-banner-1-300x114.jpg\" alt=\"\" width=\"1376\" height=\"523\" srcset=\"https:\/\/mathy-austria.com\/wp-content\/uploads\/2014\/04\/mathy-tuev-banner-1-300x114.jpg 300w, https:\/\/mathy-austria.com\/wp-content\/uploads\/2014\/04\/mathy-tuev-banner-1-768x291.jpg 768w, https:\/\/mathy-austria.com\/wp-content\/uploads\/2014\/04\/mathy-tuev-banner-1-600x228.jpg 600w, https:\/\/mathy-austria.com\/wp-content\/uploads\/2014\/04\/mathy-tuev-banner-1.jpg 970w\" sizes=\"(max-width: 1376px) 100vw, 1376px\" \/><\/p>\n<p><strong>MATHY-M<\/strong> je visoko zmogljiv dodatek za motorno olje, ki temelji na najnovej\u0161i tehnologiji. Brez trdnih maziv se uporablja za izbolj\u0161anje delovanja motornih olj na osnovi mineralnih olj, polsinteti\u010dnih in popolnoma sinteti\u010dnih motornih olj v razredih SAE od 0 do 60.<\/p>\n<h2>zmanj\u0161anje ali odprava tehni\u010dnih te\u017eav.<\/h2>\n<ul>\n<li>Sprosti gumijaste ali lepljive batne obro\u010de<\/li>\n<li>pove\u010da stiskanje<\/li>\n<li>Prepre\u010duje ropotanje hidravli\u010dnih pipet.<\/li>\n<li>zmanj\u0161uje prekomerno notranje trenje<\/li>\n<\/ul>\n<h2>Podro\u010dja uporabe<\/h2>\n<ul>\n<li>za vse vrste motorjev (bencinske, dizelske, Wanklove in plinske motorje).<\/li>\n<li>\u010de je poraba goriva prevelika.<\/li>\n<li>Za velike obremenitve in veliko obrabo<\/li>\n<li>v primeru pretirano glasnega in neenakomernega delovanja ter vibracij.<\/li>\n<li>Zdru\u017eljiv z AdBlue<\/li>\n<\/ul>\n<h2>Odmerjanje<\/h2>\n<ul>\n<li>10% skupne koli\u010dine olja pri obi\u010dajni uporabi vozila<\/li>\n<li>20% skupne koli\u010dine olja za \u0161portne namene, visoke obremenitve, vo\u017enjo s prikolico, motorna kolesa, motorje s turbinskim ali polnilnim motorjem<\/li>\n<\/ul>\n<p>Pri motorjih vozil in strojev, ki imajo prevo\u017eenih ve\u010d kot 30.000 km ali 400 obratovalnih ur ali so stari ve\u010d kot 2 leti, priporo\u010damo, da notranjost motorja predhodno o\u010distite z <strong>MATHY-C<\/strong> ki jih je treba izvesti.<\/p>\n<p>Uporaba na\u0161ega \u010distila za notranjost motorja<strong> MATHY-C<\/strong> je preprosta in se izvede neposredno pred menjavo olja, izpostavljenost pa traja le 10 minut.<\/p>\n<p>Interval menjave olja je mogo\u010de podalj\u0161ati, \u010de je motor gnan optimalno in \u010de se na leto prevozi 40.000 km ali ve\u010d! \u010ce pogosto vozite na kratke razdalje, npr. v mestnem prometu ali na razdaljah, kraj\u0161ih od 20 km, ali uporabljate alternativna goriva, lahko to negativno vpliva na motorno olje. Zato redno preverjajte stanje olja in ga v primeru dvoma pred\u010dasno zamenjajte. Priporo\u010damo popolno menjavo olja po pribli\u017eno 40.000 do 60.000 prevo\u017eenih kilometrih ali najkasneje po 4 letih.<\/p>\n<h2>Pozor,<\/h2>\n<ul>\n<li>H317: Lahko povzro\u010di alergijsko ko\u017eno reakcijo.<\/li>\n<\/ul>","protected":false},"excerpt":{"rendered":"<p>Dodatek za motorno olje<br \/>\n1,0 l (cena za liter 57,95 \u20ac) Obi\u010dajna cena<\/p>","protected":false},"featured_media":903,"template":"","meta":[],"product_brand":[125],"product_cat":[183,124],"product_tag":[],"class_list":{"0":"post-902","1":"product","2":"type-product","3":"status-publish","4":"has-post-thumbnail","6":"product_brand-mvg-mathe-schmierstofftechnik-gmbh","7":"product_cat-spitzenreiter","8":"product_cat-motor","9":"description-off","11":"first","12":"instock","13":"taxable","14":"shipping-taxable","15":"purchasable","16":"product-type-variable"},"_links":{"self":[{"href":"https:\/\/mathy-austria.com\/sl\/wp-json\/wp\/v2\/product\/902","targetHints":{"allow":["GET"]}}],"collection":[{"href":"https:\/\/mathy-austria.com\/sl\/wp-json\/wp\/v2\/product"}],"about":[{"href":"https:\/\/mathy-austria.com\/sl\/wp-json\/wp\/v2\/types\/product"}],"wp:featuredmedia":[{"embeddable":true,"href":"https:\/\/mathy-austria.com\/sl\/wp-json\/wp\/v2\/media\/903"}],"wp:attachment":[{"href":"https:\/\/mathy-austria.com\/sl\/wp-json\/wp\/v2\/media?parent=902"}],"wp:term":[{"taxonomy":"product_brand","embeddable":true,"href":"https:\/\/mathy-austria.com\/sl\/wp-json\/wp\/v2\/product_brand?post=902"},{"taxonomy":"product_cat","embeddable":true,"href":"https:\/\/mathy-austria.com\/sl\/wp-json\/wp\/v2\/product_cat?post=902"},{"taxonomy":"product_tag","embeddable":true,"href":"https:\/\/mathy-austria.com\/sl\/wp-json\/wp\/v2\/product_tag?post=902"}],"curies":[{"name":"wp","href":"https:\/\/api.w.org\/{rel}","templated":true}]}}