{"id":3346,"date":"2020-12-03T16:53:16","date_gmt":"2020-12-03T15:53:16","guid":{"rendered":"https:\/\/mathy-austria.com\/?post_type=product&#038;p=3346"},"modified":"2025-06-13T11:03:29","modified_gmt":"2025-06-13T10:03:29","slug":"mathy-benzin-brennraum-kur","status":"publish","type":"product","link":"https:\/\/mathy-austria.com\/sl\/izdelek\/mathy-benzin-brennraum-kur\/","title":{"rendered":"MATHY bencinska zgorevalna komora zdravljenje"},"content":{"rendered":"<h2>MATHY Benzin-Brennraum-Kur (nur 1 x pro Jahr)<\/h2>\n<div>Speziell f\u00fcr Downsizing Benzin-Motoren mit LSPI Problematik<\/div>\n<div><\/div>\n<div><strong>Die Kur besteht aus folgenden Benzin Additiven:<\/strong><\/div>\n<div>1 x 250ml MATHY-BE Benzin-Systemreiniger<\/div>\n<div>3 x 250ml MATHY-BR Brennraum-Reiniger-Benzin<\/div>\n<div><\/div>\n<div>Spletna stran\u00a0<strong>MATHY bencinska zgorevalna komora zdravljenje\u00a0<\/strong>baut effizient Kleinstpartikel im Brennraumvon hubraumreduzierten (Downsizing) Benzinmotoren ab. Durch den Einsatz der Kur wird die Gefahr einer fr\u00fchzeitigen Z\u00fcndung des Benzinluftgemisches herabgesetzt. Die sogenannte Low Speed Pre-Ignition (LSPI) wird durch mikrokleine Kohlenstoffpartikel ausgel\u00f6st. Diese Partikel entz\u00fcnden sich unter hohem Druck vor der eigentlichen Z\u00fcndung und l\u00f6sen eine Vorentflammung aus. Dies kann zu einem kapitalen Motorschaden f\u00fchren.<\/div>\n<div><\/div>\n<div>Mit der MATHY Benzin-Brennraum-Kur wird der gesamte Brennraum von Kohlenstoffpartikeln befreit und die Gefahr eines Motorschadens minimiert. Die Kur ist ohne Werkstattbesuch einfach mit Hilfe der Anwendungsbeschreibung durchf\u00fchrbar.<\/div>\n<h2>Uporaba po korakih<\/h2>\n<div>Um den Brennraum effizient von Kohlenstoffpartikeln zu befreien, empfehlen wir den Einsatz von unseren Benzin Kraftstoffadditiven MATHY-BE und MATHY-BR in Kombination als Kur. Beide Produkte sind f\u00fcr die Anwendung in 60 l Benzin-Kraftstoff ausgelegt.<\/div>\n<div><\/div>\n<div>Geben Sie zum Start der Benzin-Brennraum-Kur eine Dose MATHY-BE Benzin System Reiniger (250 ml) in den m\u00f6glichst leeren Tank und bef\u00fcllen diesen mit\u00a0<strong>max. 60 l Benzin<\/strong>. Anschlie\u00dfend fahren Sie den Tank bis auf Reserve runter. Als n\u00e4chstes folgt die erste Anwendung mit MATHY-BR Brennraum Reiniger Benzin (250ml). Auch hier den Tank bis auf das Reservevolumen leer fahren, eine Dose MATHY-BR (250ml) einf\u00fcllen und wieder 60 l Benzin drauftanken. Anschlie\u00dfend bef\u00fcllen Sie den Tank einmal ohne und dann wieder mit MATHY-BR bis alle drei Dosen aufgebracht sind.<\/div>\n<div><\/div>\n<div>F\u00fcr einen optimalen Reinigungszyklus empfehlen wir eine 30 min\u00fctige Autobahnfahrt mit MATHY-BR im Tank. Wenn m\u00f6glich, verwenden Sie einen Premium-Benzin-Kraftstoff f\u00fcr die gesamte Kur-Anwendung.<\/div>\n<div><\/div>\n<div><strong>Hinweis:<\/strong>\u00a0Die Tankf\u00fcllung ohne Additiv verhindert eine \u00dcberadditivierung des Benzin-Kraftstoffes.<\/div>\n<div><\/div>\n<div>\n<ol>\n<li>Tankf\u00fcllung mit MATHY-BE Benzin-System-Reiniger<\/li>\n<li>Tankf\u00fcllung mit MATHY-BR Brennraum-Reiniger-Benzin<\/li>\n<li>To\u010denje goriva brez dodatkov<\/li>\n<li>Tankf\u00fcllung mit MATHY-BR Brennraum-Reiniger-Benzin<\/li>\n<li>To\u010denje goriva brez dodatkov<\/li>\n<li>Tankf\u00fcllung mit MATHY-BR Brennraum-Reiniger-Benzin<\/li>\n<\/ol>\n<h3>Nevarnost<\/h3>\n<ul>\n<li>H225: Flu\u0308ssigkeit und Dampf leicht entzu\u0308ndbar.<\/li>\n<li>H304: Pri zau\u017eitju in vstopu v dihalne poti je lahko smrtno nevaren.<\/li>\n<li>H317: Lahko povzro\u010di alergijsko ko\u017eno reakcijo.<\/li>\n<li>H319: Povzro\u010da hudo dra\u017eenje o\u010di.<\/li>\n<li>H336: Lahko povzro\u010di zaspanost ali omotico.<\/li>\n<li>H411: Strupeno za vodne organizme z dolgotrajnimi u\u010dinki.<\/li>\n<li>H412: \u0160kodljivo za vodne organizme z dolgotrajnimi u\u010dinki.<\/li>\n<li>EUH066: Ponavljajo\u010da se izpostavljenost lahko povzro\u010di izsu\u0161itev ali razpokanje ko\u017ee.<\/li>\n<\/ul>\n<\/div>","protected":false},"excerpt":{"rendered":"<p>Komplet za \u010di\u0161\u010denje, posebej za bencinske motorje z zmanj\u0161ano prostornino<\/p>\n<p class=\"lead m-article_information-shortdesc\">1 x 250 ml MATHY-BE + 3 x 250 ml MATHY-BR<\/p>","protected":false},"featured_media":3350,"template":"","meta":[],"product_brand":[],"product_cat":[127,132],"product_tag":[],"class_list":{"0":"post-3346","1":"product","2":"type-product","3":"status-publish","4":"has-post-thumbnail","6":"product_cat-kraftstoffsystem","7":"product_cat-produkt-sets","8":"description-off","10":"first","11":"instock","12":"taxable","13":"shipping-taxable","14":"purchasable","15":"product-type-simple"},"_links":{"self":[{"href":"https:\/\/mathy-austria.com\/sl\/wp-json\/wp\/v2\/product\/3346","targetHints":{"allow":["GET"]}}],"collection":[{"href":"https:\/\/mathy-austria.com\/sl\/wp-json\/wp\/v2\/product"}],"about":[{"href":"https:\/\/mathy-austria.com\/sl\/wp-json\/wp\/v2\/types\/product"}],"wp:featuredmedia":[{"embeddable":true,"href":"https:\/\/mathy-austria.com\/sl\/wp-json\/wp\/v2\/media\/3350"}],"wp:attachment":[{"href":"https:\/\/mathy-austria.com\/sl\/wp-json\/wp\/v2\/media?parent=3346"}],"wp:term":[{"taxonomy":"product_brand","embeddable":true,"href":"https:\/\/mathy-austria.com\/sl\/wp-json\/wp\/v2\/product_brand?post=3346"},{"taxonomy":"product_cat","embeddable":true,"href":"https:\/\/mathy-austria.com\/sl\/wp-json\/wp\/v2\/product_cat?post=3346"},{"taxonomy":"product_tag","embeddable":true,"href":"https:\/\/mathy-austria.com\/sl\/wp-json\/wp\/v2\/product_tag?post=3346"}],"curies":[{"name":"wp","href":"https:\/\/api.w.org\/{rel}","templated":true}]}}