{"id":3093,"date":"2020-11-13T09:16:16","date_gmt":"2020-11-13T08:16:16","guid":{"rendered":"https:\/\/mathy-austria.com\/?post_type=product&#038;p=3093"},"modified":"2024-07-15T07:11:33","modified_gmt":"2024-07-15T06:11:33","slug":"mathe-hdc-sae-40","status":"publish","type":"product","link":"https:\/\/mathy-austria.com\/sl\/izdelek\/mathe-hdc-sae-40\/","title":{"rendered":"MATHY HDC SAE 40"},"content":{"rendered":"<p><strong>MATH\u00c9 HDC 40<\/strong>\u00a0ist ein mineralisches, mild legiertes Einbereichsmotoren\u00f6l mit hoher Oxidationsstablilit\u00e4t. Es verhindert durch hervorragendes Schmutztrageverm\u00f6gen die Kaltschlamm- und R\u00fcckstandsbildung. MATH\u00c9 HDC 40 greift Wei\u00df- und Buntmetall-Legierungen sowie Dichtungen nicht an. Insbesondere bei Motoren \u00e4lterer Baureihen, die mit teilweise gro\u00dfen Toleranzen und Laufspielen konstruiert sind, werden Einbereichs\u00f6le mit ihrer garantierten Mindestz\u00e4hfl\u00fcssigkeit eingesetzt.<\/p>\n<h2>Zna\u010dilnosti izdelka<\/h2>\n<ul>\n<li>Hohe Oxidationsstabilit\u00e4t und ein ausgezeichnetes Viskosit\u00e4ts-Temperatur-Verhalten.<\/li>\n<li>Ein hohes Reingungs- und Schmutztrageverm\u00f6gen.<\/li>\n<li>Gute alkalische Reserven zur Neutralisation saurer Verbrennungsprodukte.<\/li>\n<li>Optimalen Verschlei\u00dfschutz<\/li>\n<\/ul>\n<h2>Qualit\u00e4tsniveau:<\/h2>\n<ul>\n<li>API SF\/CF<\/li>\n<li>ACEA E2<\/li>\n<li>MB 228.0<\/li>\n<li>Caterpillar TO-2<\/li>\n<li>Allison C-4<\/li>\n<li>MAN 270<\/li>\n<li>ZF TE-ML 04B<\/li>\n<li>MTU DDC TYP 1<\/li>\n<\/ul>\n<h3>Pozor,<\/h3>\n<ul>\n<li>H319: Povzro\u010da hudo dra\u017eenje o\u010di.<\/li>\n<\/ul>","protected":false},"excerpt":{"rendered":"<p class=\"lead m-article_information-shortdesc\">Einbereichs Motor\u00f6l<\/p>","protected":false},"featured_media":3186,"template":"","meta":[],"product_brand":[],"product_cat":[124,131,168],"product_tag":[],"class_list":{"0":"post-3093","1":"product","2":"type-product","3":"status-publish","4":"has-post-thumbnail","6":"product_cat-motor","7":"product_cat-klassiker","8":"product_cat-motorenoel","9":"description-off","11":"first","12":"instock","13":"taxable","14":"shipping-taxable","15":"purchasable","16":"product-type-variable"},"_links":{"self":[{"href":"https:\/\/mathy-austria.com\/sl\/wp-json\/wp\/v2\/product\/3093","targetHints":{"allow":["GET"]}}],"collection":[{"href":"https:\/\/mathy-austria.com\/sl\/wp-json\/wp\/v2\/product"}],"about":[{"href":"https:\/\/mathy-austria.com\/sl\/wp-json\/wp\/v2\/types\/product"}],"wp:featuredmedia":[{"embeddable":true,"href":"https:\/\/mathy-austria.com\/sl\/wp-json\/wp\/v2\/media\/3186"}],"wp:attachment":[{"href":"https:\/\/mathy-austria.com\/sl\/wp-json\/wp\/v2\/media?parent=3093"}],"wp:term":[{"taxonomy":"product_brand","embeddable":true,"href":"https:\/\/mathy-austria.com\/sl\/wp-json\/wp\/v2\/product_brand?post=3093"},{"taxonomy":"product_cat","embeddable":true,"href":"https:\/\/mathy-austria.com\/sl\/wp-json\/wp\/v2\/product_cat?post=3093"},{"taxonomy":"product_tag","embeddable":true,"href":"https:\/\/mathy-austria.com\/sl\/wp-json\/wp\/v2\/product_tag?post=3093"}],"curies":[{"name":"wp","href":"https:\/\/api.w.org\/{rel}","templated":true}]}}