{"id":3085,"date":"2020-11-13T09:02:41","date_gmt":"2020-11-13T08:02:41","guid":{"rendered":"https:\/\/mathy-austria.com\/?post_type=product&#038;p=3085"},"modified":"2024-07-15T07:11:33","modified_gmt":"2024-07-15T06:11:33","slug":"mathy-2t-zweitakt-motoroel","status":"publish","type":"product","link":"https:\/\/mathy-austria.com\/sl\/izdelek\/mathy-2t-zweitakt-motoroel\/","title":{"rendered":"MATHY-2T Olje za dvotaktne motorje"},"content":{"rendered":"<p>Visokokakovostno polsinteti\u010dno dvotaktno motorno olje za uporabo v vseh zra\u010dno in vodno hlajenih dvotaktnih motorjih. Kombinacija izbranih baznih olj zagotavlja dobro mazljivost in prepre\u010duje pove\u010dan koeficient trenja v motorju. Sestava osnovnih sestavin z nizko vsebnostjo pepela prepre\u010duje pove\u010dan razvoj dima.<\/p>\n<p>Odli\u010dno osnovno olje za uporabo z dvotaktnim dodatkom MATHY-TS.<\/p>\n<h2>Specifikacije\/odobritve*:<\/h2>\n<ul>\n<li>API TC<\/li>\n<li>JASO FC<\/li>\n<li>TISI<\/li>\n<li>ISO L-EGC<\/li>\n<\/ul>\n<p>* Odobritve so na voljo pod drugo oznako sorte.<\/p>\n<h3>Pozor,<\/h3>\n<ul>\n<li>EUH066: Ponavljajo\u010da se izpostavljenost lahko povzro\u010di izsu\u0161itev ali razpokanje ko\u017ee.<\/li>\n<\/ul>","protected":false},"excerpt":{"rendered":"<p class=\"lead m-article_information-shortdesc\">Polsinteti\u010dno dvotaktno motorno olje<\/p>","protected":false},"featured_media":3191,"template":"","meta":[],"product_brand":[],"product_cat":[124,168],"product_tag":[],"class_list":{"0":"post-3085","1":"product","2":"type-product","3":"status-publish","4":"has-post-thumbnail","6":"product_cat-motor","7":"product_cat-motorenoel","8":"description-off","10":"first","11":"instock","12":"taxable","13":"shipping-taxable","14":"purchasable","15":"product-type-variable"},"_links":{"self":[{"href":"https:\/\/mathy-austria.com\/sl\/wp-json\/wp\/v2\/product\/3085","targetHints":{"allow":["GET"]}}],"collection":[{"href":"https:\/\/mathy-austria.com\/sl\/wp-json\/wp\/v2\/product"}],"about":[{"href":"https:\/\/mathy-austria.com\/sl\/wp-json\/wp\/v2\/types\/product"}],"wp:featuredmedia":[{"embeddable":true,"href":"https:\/\/mathy-austria.com\/sl\/wp-json\/wp\/v2\/media\/3191"}],"wp:attachment":[{"href":"https:\/\/mathy-austria.com\/sl\/wp-json\/wp\/v2\/media?parent=3085"}],"wp:term":[{"taxonomy":"product_brand","embeddable":true,"href":"https:\/\/mathy-austria.com\/sl\/wp-json\/wp\/v2\/product_brand?post=3085"},{"taxonomy":"product_cat","embeddable":true,"href":"https:\/\/mathy-austria.com\/sl\/wp-json\/wp\/v2\/product_cat?post=3085"},{"taxonomy":"product_tag","embeddable":true,"href":"https:\/\/mathy-austria.com\/sl\/wp-json\/wp\/v2\/product_tag?post=3085"}],"curies":[{"name":"wp","href":"https:\/\/api.w.org\/{rel}","templated":true}]}}