{"id":3080,"date":"2020-11-13T08:50:31","date_gmt":"2020-11-13T07:50:31","guid":{"rendered":"https:\/\/mathy-austria.com\/?post_type=product&#038;p=3080"},"modified":"2024-07-15T07:11:33","modified_gmt":"2024-07-15T06:11:33","slug":"mathy-absaugpumpe","status":"publish","type":"product","link":"https:\/\/mathy-austria.com\/sl\/izdelek\/mathy-absaugpumpe\/","title":{"rendered":"Sesalna \u010drpalka MATHY"},"content":{"rendered":"<p>Sesalna \u010drpalka MATHY se uporablja za preprosto sesanje teko\u010dih snovi, kot so motorna in transmisijska olja, goriva (bencin\/dizel) in voda.<\/p>\n<div>Zaradi prilagodljive cevi lahko \u010drpalko uporabljate tudi na te\u017eko dostopnih mestih. Med postopkom sesanja se teko\u010dina \u010drpa neposredno v<\/div>\n<div>priklju\u010dena zbiralna posoda. Zaradi visokega sesalnega u\u010dinka je idealen za odstranjevanje motornega olja. Odporen na gorivo in olje.<\/div>\n<div><\/div>\n<div><strong>Obseg dobave:<\/strong><\/div>\n<div>Ro\u010dna sesalna \u010drpalka (vakuum)<\/div>\n<div>Zbirna posoda s prostornino 1,6 litra<\/div>\n<div>Tesnilni \u010depi<\/div>\n<div>Zapiralna sponka za praznjenje zbiralne posode<\/div>\n<div>Prozorna sesalna cev dol\u017eine 1,3 m (premer 8 mm)<\/div>","protected":false},"excerpt":{"rendered":"<p>Sesalna \u010drpalka MATHY se uporablja za enostavno \u010drpanje teko\u010dih snovi, kot so motorna in menjalnikna olja, goriva (bencin\/dizel) in voda. Fleksibilna cev omogo\u010da uporabo \u010drpalke tudi na te\u017eko dostopnih mestih. Med sesanjem se teko\u010dina vsesa neposredno v priklju\u010deno zbiralno posodo. Zaradi visoke sesalne mo\u010di je idealna za \u010drpanje motornega olja. Je stabilna glede goriva in olja. Obseg dobave: Ro\u010dna sesalna \u010drpalka (vakuumska)\u2026<\/p>","protected":false},"featured_media":3081,"template":"","meta":[],"product_brand":[],"product_cat":[124,129,168],"product_tag":[],"class_list":{"0":"post-3080","1":"product","2":"type-product","3":"status-publish","4":"has-post-thumbnail","6":"product_cat-motor","7":"product_cat-zubehor","8":"product_cat-motorenoel","9":"description-off","11":"first","12":"instock","13":"taxable","14":"shipping-taxable","15":"purchasable","16":"product-type-simple"},"_links":{"self":[{"href":"https:\/\/mathy-austria.com\/sl\/wp-json\/wp\/v2\/product\/3080","targetHints":{"allow":["GET"]}}],"collection":[{"href":"https:\/\/mathy-austria.com\/sl\/wp-json\/wp\/v2\/product"}],"about":[{"href":"https:\/\/mathy-austria.com\/sl\/wp-json\/wp\/v2\/types\/product"}],"wp:featuredmedia":[{"embeddable":true,"href":"https:\/\/mathy-austria.com\/sl\/wp-json\/wp\/v2\/media\/3081"}],"wp:attachment":[{"href":"https:\/\/mathy-austria.com\/sl\/wp-json\/wp\/v2\/media?parent=3080"}],"wp:term":[{"taxonomy":"product_brand","embeddable":true,"href":"https:\/\/mathy-austria.com\/sl\/wp-json\/wp\/v2\/product_brand?post=3080"},{"taxonomy":"product_cat","embeddable":true,"href":"https:\/\/mathy-austria.com\/sl\/wp-json\/wp\/v2\/product_cat?post=3080"},{"taxonomy":"product_tag","embeddable":true,"href":"https:\/\/mathy-austria.com\/sl\/wp-json\/wp\/v2\/product_tag?post=3080"}],"curies":[{"name":"wp","href":"https:\/\/api.w.org\/{rel}","templated":true}]}}