{"id":2953,"date":"2020-10-27T21:53:52","date_gmt":"2020-10-27T19:53:52","guid":{"rendered":"https:\/\/mathy-austria.com\/?post_type=product&#038;p=2953"},"modified":"2024-07-15T07:11:34","modified_gmt":"2024-07-15T06:11:34","slug":"mathy-br","status":"publish","type":"product","link":"https:\/\/mathy-austria.com\/sl\/izdelek\/mathy-br\/","title":{"rendered":"MATHY-BR"},"content":{"rendered":"<p>MATHY-BR je zelo u\u010dinkovito sistemsko \u010distilo za zgorevalne komore v zmanj\u0161anih bencinskih motorjih. Intenzivni u\u010dinek \u010di\u0161\u010denja raztaplja ogljikove delce v zgorevalni komori in tako znatno zmanj\u0161a LSPI (Low Speed Pre-Ignition) pri nizkih vrtljajih motorja.<\/p>\n<p>Kemi\u010dna formulacija MATHY-BR razgrajuje trdovratne obloge na kroni bata in zmanj\u0161uje nevarnost samov\u017eiga me\u0161anice bencina in zraka. Z redno uporabo MATHY-BR se zmanj\u0161a nevarnost po\u0161kodb motorja. Uporablja se lahko v sistemih vbrizgavanja bencinskih motorjev z zmanj\u0161ano prostornino (primer: prostornina 1,0 l z mo\u010djo 150 KM).<\/p>\n<p><strong>Za\u0161\u010ditite motor pred po\u0161kodbami zaradi prezgodnjega samov\u017eiga. \u010cistilo za zgorevalni prostor MATHY-BR je enostavno za uporabo in ga lahko uporabite kadar koli. Obisk servisne delavnice ni potreben.<\/strong><\/p>\n<p>&nbsp;<\/p>\n<h2>zmanj\u0161anje ali odprava tehni\u010dnih te\u017eav.<\/h2>\n<ul>\n<li>U\u010dinek intenzivnega \u010di\u0161\u010denja v zgorevalnem prostoru bencinskih motorjev<\/li>\n<li>Zmanj\u0161uje nevarnost prednapetja goriva (LSPI).<\/li>\n<li>Zmanj\u0161uje nastajanje svetle\u010dih delcev<\/li>\n<li>Zmanj\u0161uje nevarnost po\u0161kodb motorja<\/li>\n<li>Uporablja se lahko v vseh bencinskih gorivih<\/li>\n<li>Enostavno doziranje prek rezervoarja<\/li>\n<li>Velja brez obiska delavnice<\/li>\n<\/ul>\n<p>&nbsp;<\/p>\n<h2>Podro\u010dja uporabe<\/h2>\n<ul>\n<li>Bencinski motorji z manj\u0161o prostornino (zmanj\u0161ani motorji)<br \/>\nV vseh bencinskih gorivih<br \/>\nZdru\u017eljiv z vsemi filtrirnimi sistemi za izpu\u0161ne pline<\/li>\n<li>Odmerjanje<br \/>\nVsebina plo\u010devinke (250 ml) MATHY-BR zadostuje za do 50,0 l - 60,0 l bencinskega goriva<\/li>\n<li>Aplikacija<br \/>\nMATHY-BR dodajte v rezervoar neposredno pred polnjenjem. Za optimalno me\u0161anje zmanj\u0161ajte prostornino rezervoarja do ravni rezerve. Uporablja se lahko z vsemi bencinskimi gorivi. Ponovite vsakih 10.000 km.<\/li>\n<li>Od prevo\u017eenih ve\u010d kot 100.000 km naprej pred uporabo MATHY-BR opravite obdelavo bencinskega motorja MATHY. Nato priporo\u010damo, da pri bencinskih motorjih z manj\u0161o prostornino enkrat letno uporabite na\u0161o obdelavo MATHY BR.<\/li>\n<\/ul>\n<p><strong>Opomba: Koli\u010dina goriva v rezervoarju mora biti vsaj enaka rezervni koli\u010dini.<\/strong><\/p>\n<p><strong>Ne uporabljajte skupaj z drugimi dodatki!<\/strong><\/p>\n<p>&nbsp;<\/p>\n<h2>Nevarnost<\/h2>\n<ul>\n<li>H317: Lahko povzro\u010di alergijsko ko\u017eno reakcijo.<\/li>\n<li>H304: Pri zau\u017eitju in vstopu v dihalne poti je lahko smrtno nevaren.<\/li>\n<li>H319: Povzro\u010da hudo dra\u017eenje o\u010di.<\/li>\n<li>H411: Strupeno za vodne organizme z dolgotrajnimi u\u010dinki.<\/li>\n<li>EUH066: Ponavljajo\u010da se izpostavljenost lahko povzro\u010di izsu\u0161itev ali razpokanje ko\u017ee.<\/li>\n<\/ul>","protected":false},"excerpt":{"rendered":"<p>MATHY-BR je zelo u\u010dinkovito \u010distilo sistema za zgorevalne komore v bencinskih motorjih z zmanj\u0161ano prostornino. Njegovo intenzivno \u010distilno delovanje raztopi ogljikove delce v zgorevalni komori, kar znatno zmanj\u0161a LSPI (predv\u017eig pri nizki hitrosti) pri nizkih vrtljajih motorja. Kemi\u010dna formulacija MATHY-BR razgrajuje trdovratne usedline na glavi bata in zmanj\u0161uje tveganje za spontano zgorevanje me\u0161anice bencina in zraka. Tveganje za po\u0161kodbe motorja se z redno uporabo znatno zmanj\u0161a ...<\/p>","protected":false},"featured_media":3198,"template":"","meta":[],"product_brand":[],"product_cat":[127],"product_tag":[],"class_list":{"0":"post-2953","1":"product","2":"type-product","3":"status-publish","4":"has-post-thumbnail","6":"product_cat-kraftstoffsystem","7":"description-off","9":"first","10":"instock","11":"taxable","12":"shipping-taxable","13":"purchasable","14":"product-type-variable"},"_links":{"self":[{"href":"https:\/\/mathy-austria.com\/sl\/wp-json\/wp\/v2\/product\/2953","targetHints":{"allow":["GET"]}}],"collection":[{"href":"https:\/\/mathy-austria.com\/sl\/wp-json\/wp\/v2\/product"}],"about":[{"href":"https:\/\/mathy-austria.com\/sl\/wp-json\/wp\/v2\/types\/product"}],"wp:featuredmedia":[{"embeddable":true,"href":"https:\/\/mathy-austria.com\/sl\/wp-json\/wp\/v2\/media\/3198"}],"wp:attachment":[{"href":"https:\/\/mathy-austria.com\/sl\/wp-json\/wp\/v2\/media?parent=2953"}],"wp:term":[{"taxonomy":"product_brand","embeddable":true,"href":"https:\/\/mathy-austria.com\/sl\/wp-json\/wp\/v2\/product_brand?post=2953"},{"taxonomy":"product_cat","embeddable":true,"href":"https:\/\/mathy-austria.com\/sl\/wp-json\/wp\/v2\/product_cat?post=2953"},{"taxonomy":"product_tag","embeddable":true,"href":"https:\/\/mathy-austria.com\/sl\/wp-json\/wp\/v2\/product_tag?post=2953"}],"curies":[{"name":"wp","href":"https:\/\/api.w.org\/{rel}","templated":true}]}}