{"id":1271,"date":"2020-05-12T10:35:37","date_gmt":"2020-05-12T08:35:37","guid":{"rendered":"https:\/\/mathy-austria.com\/?post_type=product&#038;p=1271"},"modified":"2024-07-15T07:11:34","modified_gmt":"2024-07-15T06:11:34","slug":"motorreinigungs-set-plus","status":"publish","type":"product","link":"https:\/\/mathy-austria.com\/sl\/izdelek\/motorreinigungs-set-plus\/","title":{"rendered":"Komplet za \u010di\u0161\u010denje motorja Plus"},"content":{"rendered":"<p><strong>Komplet za \u010di\u0161\u010denje motorja MATHY, ki ga sestavljajo<\/strong><\/p>\n<p>1 x 400 ml <strong>MATHY-C \u010cistilec notranjega motorja<\/strong><br \/>\n1 x 1,0 litra <strong>Dodatek za motorno olje MATHY-M<\/strong><\/p>\n<p>Na spletni strani . <strong>Komplet za \u010di\u0161\u010denje motorja<\/strong> Vsebuje 400 ml \u010distila za notranjost motorja <strong>MATHY-C<\/strong> za do 5 litrov olja in 1,0 l olja <strong>Dodatek za motorno olje MATHY-M<\/strong>. Ta komplet je priporo\u010dljiv za motorje s prostornino olja ve\u010d kot 5 litrov.<\/p>\n<h2>Aplikacija<\/h2>\n<ul>\n<li>Zagotovite delovno temperaturo motorja (vozite vsaj 30 minut).<\/li>\n<li>Nato izklopite motor in izpraznite 400 ml plo\u010devinko <strong>MATHY-C<\/strong> v staro, toplo motorno olje.<\/li>\n<li>Nato pustite motor delovati v prostem teku 10 minut (ne vozite).<\/li>\n<li>Zdaj izpraznite motorno olje in zamenjajte oljni filter.<\/li>\n<li>Nato dodajte sve\u017ee motorno olje in 1,0 litra <strong>Dodatek za motorno olje MATHY-M<\/strong> dopolnitev.<\/li>\n<\/ul>\n<p>Spletna stran <strong>MATHY-C \u010distilo za notranjost motorja<\/strong> raztopi ne\u010disto\u010de in o\u010disti celoten oljni krog. <strong>MATHY-M<\/strong> ohranja oljni krog \u010dist, izbolj\u0161uje mazalni u\u010dinek motornega olja, dokazano zmanj\u0161uje obrabo in omogo\u010da ob\u010dutno bolj gladko delovanje motorja.<\/p>\n<h2>Nevarnost<\/h2>\n<ul>\n<li>H317: Lahko povzro\u010di alergijsko ko\u017eno reakcijo.<\/li>\n<li>H304: Pri zau\u017eitju in vstopu v dihalne poti je lahko smrtno nevaren.<\/li>\n<li>H319: Povzro\u010da hudo dra\u017eenje o\u010di.<\/li>\n<li>EUH066: Ponavljajo\u010da se izpostavljenost lahko povzro\u010di izsu\u0161itev ali razpokanje ko\u017ee.<\/li>\n<\/ul>","protected":false},"excerpt":{"rendered":"<p>\u010cistilo za notranjost motorja + dodatek za motorno olje<br \/>\n0,4 l MATHY-C + 01,0 l MATHY-M<\/p>","protected":false},"featured_media":1272,"template":"","meta":[],"product_brand":[125],"product_cat":[183,132],"product_tag":[],"class_list":{"0":"post-1271","1":"product","2":"type-product","3":"status-publish","4":"has-post-thumbnail","6":"product_brand-mvg-mathe-schmierstofftechnik-gmbh","7":"product_cat-spitzenreiter","8":"product_cat-produkt-sets","9":"description-off","11":"first","12":"instock","13":"taxable","14":"shipping-taxable","15":"purchasable","16":"product-type-simple"},"_links":{"self":[{"href":"https:\/\/mathy-austria.com\/sl\/wp-json\/wp\/v2\/product\/1271","targetHints":{"allow":["GET"]}}],"collection":[{"href":"https:\/\/mathy-austria.com\/sl\/wp-json\/wp\/v2\/product"}],"about":[{"href":"https:\/\/mathy-austria.com\/sl\/wp-json\/wp\/v2\/types\/product"}],"wp:featuredmedia":[{"embeddable":true,"href":"https:\/\/mathy-austria.com\/sl\/wp-json\/wp\/v2\/media\/1272"}],"wp:attachment":[{"href":"https:\/\/mathy-austria.com\/sl\/wp-json\/wp\/v2\/media?parent=1271"}],"wp:term":[{"taxonomy":"product_brand","embeddable":true,"href":"https:\/\/mathy-austria.com\/sl\/wp-json\/wp\/v2\/product_brand?post=1271"},{"taxonomy":"product_cat","embeddable":true,"href":"https:\/\/mathy-austria.com\/sl\/wp-json\/wp\/v2\/product_cat?post=1271"},{"taxonomy":"product_tag","embeddable":true,"href":"https:\/\/mathy-austria.com\/sl\/wp-json\/wp\/v2\/product_tag?post=1271"}],"curies":[{"name":"wp","href":"https:\/\/api.w.org\/{rel}","templated":true}]}}