{"id":1229,"date":"2019-08-04T20:55:44","date_gmt":"2019-08-04T18:55:44","guid":{"rendered":"https:\/\/mathy-austria.com\/?post_type=product&#038;p=1229"},"modified":"2025-12-07T13:05:41","modified_gmt":"2025-12-07T12:05:41","slug":"mathy-fd-250ml","status":"publish","type":"product","link":"https:\/\/mathy-austria.com\/sl\/izdelek\/mathy-fd-250ml\/","title":{"rendered":"MATHY-FD dodatek za gorivo za nego dizelskih motorjev"},"content":{"rendered":"<p><strong>MATHY-FD<\/strong> izbolj\u0161a zmogljivost dizelskih motorjev. Njegova uporaba optimizira izgorevanje, izbolj\u0161a vnetljivost s pove\u010danjem cetanskega \u0161tevila in optimizira vrednosti izpu\u0161nih plinov. Usedline na vbrizgalnih \u0161obah se razgradijo in prepre\u010di se njihovo nastajanje. Ob redni uporabi ostane celoten sistem za gorivo \u010dist. <strong>MATHY-FD<\/strong> se lahko uporablja v vseh dizelskih vozilih.<\/p>\n<p><strong>MATHY-FD Dodatek za dizelsko gorivo<\/strong> se priporo\u010da za vsa dizelska vozila, da se prepre\u010dijo negativni u\u010dinki vsebnosti biodizla v dizelskem gorivu do 7 %.<\/p>\n<ul>\n<li>zmanj\u0161anje ali odprava tehni\u010dnih te\u017eav.<\/li>\n<li>O\u010distite celoten sistem za gorivo.<\/li>\n<li>zmanj\u0161uje emisije onesna\u017eeval.<\/li>\n<li>Izbolj\u0161uje obna\u0161anje pri zagonu<\/li>\n<li>Zagotavlja \u010disto izgorevanje<\/li>\n<li>Pove\u010da cetansko \u0161tevilo<\/li>\n<li>Vzdr\u017euje \u010disto\u010do vbrizgalnih \u010drpalk, vbrizgalnih \u0161ob in zgorevalnih komor<\/li>\n<\/ul>\n<h2>Podro\u010dja uporabe<\/h2>\n<ul>\n<li>Dodatek za vse vrste dizelskega goriva<\/li>\n<li>za vzdr\u017eevanje \u010distega in namazanega celotnega sistema za gorivo.<\/li>\n<li>z ve\u010djo porabo goriva.<\/li>\n<li>za visoke obremenitve in obrabo (vbrizgalne \u010drpalke in ventili).<\/li>\n<\/ul>\n<h2>Odmerjanje<\/h2>\n<ul>\n<li><strong>MATHY-FD<\/strong> v razmerju 1:1000. To pomeni 10 ml dodatka na 10 litrov dizelskega goriva. Dodajte <strong>MATHY-FD<\/strong> z vsakim rezervoarjem goriva in izdelek porabite v enem letu. \u010ce<strong> MATHY-FD<\/strong> neposredno pred to\u010denjem goriva, boste med to\u010denjem dobili optimalno me\u0161anico dodatka in dizelskega goriva.<\/li>\n<\/ul>\n<h2>Nevarnost<\/h2>\n<ul>\n<li>H304: Pri zau\u017eitju in vstopu v dihalne poti je lahko smrtno nevaren.<\/li>\n<li>H319: Povzro\u010da hudo dra\u017eenje o\u010di.<\/li>\n<li>H412: \u0160kodljivo za vodne organizme z dolgotrajnimi u\u010dinki.<\/li>\n<li>EUH044: Nevarnost eksplozije pri segrevanju v zaprtem prostoru.<\/li>\n<li>EUH066: Ponavljajo\u010da se izpostavljenost lahko povzro\u010di izsu\u0161itev ali razpokanje ko\u017ee.<\/li>\n<\/ul>","protected":false},"excerpt":{"rendered":"<p>Dodatek za dizelsko gorivo<br \/>\n1 x 250 ml (cena za liter 71,80 \u20ac)<\/p>","protected":false},"featured_media":107495,"template":"","meta":[],"product_brand":[125],"product_cat":[127],"product_tag":[],"class_list":{"0":"post-1229","1":"product","2":"type-product","3":"status-publish","4":"has-post-thumbnail","6":"product_brand-mvg-mathe-schmierstofftechnik-gmbh","7":"product_cat-kraftstoffsystem","8":"description-off","10":"first","11":"instock","12":"taxable","13":"shipping-taxable","14":"purchasable","15":"product-type-variable","16":"has-default-attributes"},"_links":{"self":[{"href":"https:\/\/mathy-austria.com\/sl\/wp-json\/wp\/v2\/product\/1229","targetHints":{"allow":["GET"]}}],"collection":[{"href":"https:\/\/mathy-austria.com\/sl\/wp-json\/wp\/v2\/product"}],"about":[{"href":"https:\/\/mathy-austria.com\/sl\/wp-json\/wp\/v2\/types\/product"}],"wp:featuredmedia":[{"embeddable":true,"href":"https:\/\/mathy-austria.com\/sl\/wp-json\/wp\/v2\/media\/107495"}],"wp:attachment":[{"href":"https:\/\/mathy-austria.com\/sl\/wp-json\/wp\/v2\/media?parent=1229"}],"wp:term":[{"taxonomy":"product_brand","embeddable":true,"href":"https:\/\/mathy-austria.com\/sl\/wp-json\/wp\/v2\/product_brand?post=1229"},{"taxonomy":"product_cat","embeddable":true,"href":"https:\/\/mathy-austria.com\/sl\/wp-json\/wp\/v2\/product_cat?post=1229"},{"taxonomy":"product_tag","embeddable":true,"href":"https:\/\/mathy-austria.com\/sl\/wp-json\/wp\/v2\/product_tag?post=1229"}],"curies":[{"name":"wp","href":"https:\/\/api.w.org\/{rel}","templated":true}]}}