{"id":1209,"date":"2017-07-02T14:05:59","date_gmt":"2017-07-02T12:05:59","guid":{"rendered":"https:\/\/mathy-austria.com\/?post_type=product&#038;p=1209"},"modified":"2024-07-15T07:11:34","modified_gmt":"2024-07-15T06:11:34","slug":"mathy-ib-200ml","status":"publish","type":"product","link":"https:\/\/mathy-austria.com\/sl\/izdelek\/mathy-ib-200ml\/","title":{"rendered":"MATHY-IB"},"content":{"rendered":"<p><strong>MATHY-IB<\/strong> z dodajanjem v rezervoar takoj in intenzivno o\u010disti vbrizgalne \u0161obe in injektorje bencinskih motorjev. Usedline in ne\u010disto\u010de na injektorjih se raztopijo, razpr\u0161ilni vzorec pa je na ravni novega avtomobila. Posledica tega je optimalna poraba goriva in vrednosti izpu\u0161nih plinov.<\/p>\n<h2><strong>Odmerjanje<\/strong><\/h2>\n<ul>\n<li>Vsebina plo\u010devinke (200 ml) zadostuje za 50 litrov bencina.<\/li>\n<\/ul>\n<h2><strong>Aplikacija<\/strong><\/h2>\n<ul>\n<li>Preprosto 200 ml <strong>MATHY-IB<\/strong> v rezervoar neposredno pred polnjenjem goriva, da se za\u010dne postopek \u010di\u0161\u010denja. Za optimalno me\u0161anje zmanj\u0161ajte prostornino rezervoarja do ravni rezerve. Uporablja se lahko z vsemi bencinskimi gorivi. Ponovite vsakih 10.000 km!<\/li>\n<\/ul>\n<h2><strong>Nevarnost<\/strong><\/h2>\n<ul>\n<li>H225: Zelo vnetljiva teko\u010dina in hlapi.<\/li>\n<li>H318: Povzro\u010da resne po\u0161kodbe o\u010di.<\/li>\n<li>H336: Lahko povzro\u010di zaspanost ali omotico.<\/li>\n<li>H317: Lahko povzro\u010di alergijsko ko\u017eno reakcijo.<\/li>\n<li>H411: Strupeno za vodne organizme z dolgotrajnimi u\u010dinki.<\/li>\n<\/ul>","protected":false},"excerpt":{"rendered":"<p>\u010cistilo za vbrizgalnike za bencinske motorje<\/p>","protected":false},"featured_media":1210,"template":"","meta":[],"product_brand":[125],"product_cat":[127],"product_tag":[],"class_list":{"0":"post-1209","1":"product","2":"type-product","3":"status-publish","4":"has-post-thumbnail","6":"product_brand-mvg-mathe-schmierstofftechnik-gmbh","7":"product_cat-kraftstoffsystem","8":"description-off","10":"first","11":"instock","12":"taxable","13":"shipping-taxable","14":"purchasable","15":"product-type-variable"},"_links":{"self":[{"href":"https:\/\/mathy-austria.com\/sl\/wp-json\/wp\/v2\/product\/1209","targetHints":{"allow":["GET"]}}],"collection":[{"href":"https:\/\/mathy-austria.com\/sl\/wp-json\/wp\/v2\/product"}],"about":[{"href":"https:\/\/mathy-austria.com\/sl\/wp-json\/wp\/v2\/types\/product"}],"wp:featuredmedia":[{"embeddable":true,"href":"https:\/\/mathy-austria.com\/sl\/wp-json\/wp\/v2\/media\/1210"}],"wp:attachment":[{"href":"https:\/\/mathy-austria.com\/sl\/wp-json\/wp\/v2\/media?parent=1209"}],"wp:term":[{"taxonomy":"product_brand","embeddable":true,"href":"https:\/\/mathy-austria.com\/sl\/wp-json\/wp\/v2\/product_brand?post=1209"},{"taxonomy":"product_cat","embeddable":true,"href":"https:\/\/mathy-austria.com\/sl\/wp-json\/wp\/v2\/product_cat?post=1209"},{"taxonomy":"product_tag","embeddable":true,"href":"https:\/\/mathy-austria.com\/sl\/wp-json\/wp\/v2\/product_tag?post=1209"}],"curies":[{"name":"wp","href":"https:\/\/api.w.org\/{rel}","templated":true}]}}