{"id":1199,"date":"2016-11-14T11:37:26","date_gmt":"2016-11-14T10:37:26","guid":{"rendered":"https:\/\/mathy-austria.com\/?post_type=product&#038;p=1199"},"modified":"2024-07-15T07:11:35","modified_gmt":"2024-07-15T06:11:35","slug":"lwechsel-set-plus-sae-10w-40-performance-vx1","status":"publish","type":"product","link":"https:\/\/mathy-austria.com\/sl\/izdelek\/lwechsel-set-plus-sae-10w-40-performance-vx1\/","title":{"rendered":"Komplet za menjavo olja-PLUS SAE 10W-40 Performance VX1"},"content":{"rendered":"<p>Komplet za naslednjo menjavo olja je sestavljen iz \u010distila za notranje motorje, motornega olja po va\u0161i izbiri, litra dodatka za motorno olje in merilne skodelice za natan\u010dno polnjenje.<\/p>\n<p>Upo\u0161tevajte tudi na\u0161o ponudbo 1,0-litrskih motornih olj vseh vrst. <strong>Razredi SAE<\/strong>!<\/p>\n<h2>Nevarnost<\/h2>\n<ul>\n<li>H304: Pri zau\u017eitju in vstopu v dihalne poti je lahko smrtno nevaren.<\/li>\n<li>H317: Lahko povzro\u010di alergijsko ko\u017eno reakcijo.<\/li>\n<li>H319: Povzro\u010da hudo dra\u017eenje o\u010di.<\/li>\n<li>H412: \u0160kodljivo za vodne organizme z dolgotrajnimi u\u010dinki.<\/li>\n<li>EUH066: Ponavljajo\u010da se izpostavljenost lahko povzro\u010di izsu\u0161itev ali razpokanje ko\u017ee.<\/li>\n<li>EUH208: Vsebuje alkilamin z dolgo verigo. Lahko povzro\u010di alergijske reakcije.<\/li>\n<\/ul>","protected":false},"excerpt":{"rendered":"<p>Komplet za menjavo olja SAE 10W-40 Performance VX1<br \/>\n5,0 litra motornega olja + 0,4 litra notranjega \u010distila za motorje MATHY-C + dodatek za motorno olje MATHY-M + 0,5 litra merilne posode<\/p>","protected":false},"featured_media":3256,"template":"","meta":[],"product_brand":[125],"product_cat":[132],"product_tag":[],"class_list":{"0":"post-1199","1":"product","2":"type-product","3":"status-publish","4":"has-post-thumbnail","6":"product_brand-mvg-mathe-schmierstofftechnik-gmbh","7":"product_cat-produkt-sets","8":"description-off","10":"first","11":"instock","12":"taxable","13":"shipping-taxable","14":"purchasable","15":"product-type-simple"},"_links":{"self":[{"href":"https:\/\/mathy-austria.com\/sl\/wp-json\/wp\/v2\/product\/1199","targetHints":{"allow":["GET"]}}],"collection":[{"href":"https:\/\/mathy-austria.com\/sl\/wp-json\/wp\/v2\/product"}],"about":[{"href":"https:\/\/mathy-austria.com\/sl\/wp-json\/wp\/v2\/types\/product"}],"wp:featuredmedia":[{"embeddable":true,"href":"https:\/\/mathy-austria.com\/sl\/wp-json\/wp\/v2\/media\/3256"}],"wp:attachment":[{"href":"https:\/\/mathy-austria.com\/sl\/wp-json\/wp\/v2\/media?parent=1199"}],"wp:term":[{"taxonomy":"product_brand","embeddable":true,"href":"https:\/\/mathy-austria.com\/sl\/wp-json\/wp\/v2\/product_brand?post=1199"},{"taxonomy":"product_cat","embeddable":true,"href":"https:\/\/mathy-austria.com\/sl\/wp-json\/wp\/v2\/product_cat?post=1199"},{"taxonomy":"product_tag","embeddable":true,"href":"https:\/\/mathy-austria.com\/sl\/wp-json\/wp\/v2\/product_tag?post=1199"}],"curies":[{"name":"wp","href":"https:\/\/api.w.org\/{rel}","templated":true}]}}