{"id":1172,"date":"2016-10-25T10:08:29","date_gmt":"2016-10-25T09:08:29","guid":{"rendered":"https:\/\/mathy-austria.com\/?post_type=product&#038;p=1172"},"modified":"2024-07-15T07:11:35","modified_gmt":"2024-07-15T06:11:35","slug":"math-regular-30-2","status":"publish","type":"product","link":"https:\/\/mathy-austria.com\/sl\/izdelek\/math-regular-30-2\/","title":{"rendered":"MATHY Redno 30"},"content":{"rendered":"<p><strong>MATH\u00c9 Regular 30<\/strong> wird aus hochwertigen Solvent-Raffinaten hergestellt. Zur Verbesserung der \u00d6lstandzeiten sind den \u00d6len oxidations-verhindernde Zus\u00e4tze beigegeben.<\/p>\n<p><strong>MATH\u00c9 Regular 30<\/strong> eignet sich als Umlaufschmier\u00f6l in Motoren, Getrieben und Hydrauliken sowie zur W\u00e4lz- und Gleitlagerschmierung.<br \/>\nSpeziell f\u00fcr Fahrzeuge der 20er bis 50er Jahre und insbesondere auch f\u00fcr Motoren ohne \u00d6lfilter.<\/p>\n<h2>Zna\u010dilnosti izdelka<\/h2>\n<ul>\n<li>Odli\u010dne viskozno-temperaturne lastnosti<\/li>\n<li>Visoka oksidacijska stabilnost - nepene\u010di se<\/li>\n<li>Gutes Demulgierverhalten<\/li>\n<li>Niedriger Stockpunkt<\/li>\n<li>Gewollt schlammbildend<\/li>\n<\/ul>","protected":false},"excerpt":{"rendered":"<p>Oldie-Motoren\u00f6l 1,0L<\/p>","protected":false},"featured_media":3182,"template":"","meta":[],"product_brand":[125],"product_cat":[124,131,168],"product_tag":[],"class_list":{"0":"post-1172","1":"product","2":"type-product","3":"status-publish","4":"has-post-thumbnail","6":"product_brand-mvg-mathe-schmierstofftechnik-gmbh","7":"product_cat-motor","8":"product_cat-klassiker","9":"product_cat-motorenoel","10":"description-off","12":"first","13":"instock","14":"taxable","15":"shipping-taxable","16":"purchasable","17":"product-type-simple"},"_links":{"self":[{"href":"https:\/\/mathy-austria.com\/sl\/wp-json\/wp\/v2\/product\/1172","targetHints":{"allow":["GET"]}}],"collection":[{"href":"https:\/\/mathy-austria.com\/sl\/wp-json\/wp\/v2\/product"}],"about":[{"href":"https:\/\/mathy-austria.com\/sl\/wp-json\/wp\/v2\/types\/product"}],"wp:featuredmedia":[{"embeddable":true,"href":"https:\/\/mathy-austria.com\/sl\/wp-json\/wp\/v2\/media\/3182"}],"wp:attachment":[{"href":"https:\/\/mathy-austria.com\/sl\/wp-json\/wp\/v2\/media?parent=1172"}],"wp:term":[{"taxonomy":"product_brand","embeddable":true,"href":"https:\/\/mathy-austria.com\/sl\/wp-json\/wp\/v2\/product_brand?post=1172"},{"taxonomy":"product_cat","embeddable":true,"href":"https:\/\/mathy-austria.com\/sl\/wp-json\/wp\/v2\/product_cat?post=1172"},{"taxonomy":"product_tag","embeddable":true,"href":"https:\/\/mathy-austria.com\/sl\/wp-json\/wp\/v2\/product_tag?post=1172"}],"curies":[{"name":"wp","href":"https:\/\/api.w.org\/{rel}","templated":true}]}}