{"id":1170,"date":"2016-10-25T10:00:44","date_gmt":"2016-10-25T09:00:44","guid":{"rendered":"https:\/\/mathy-austria.com\/?post_type=product&#038;p=1170"},"modified":"2024-07-15T07:11:35","modified_gmt":"2024-07-15T06:11:35","slug":"math-hdc-sae-30-2","status":"publish","type":"product","link":"https:\/\/mathy-austria.com\/sl\/izdelek\/math-hdc-sae-30-2\/","title":{"rendered":"MATHY HDC SAE 30"},"content":{"rendered":"<p><strong>MATH\u00c9 HDC SAE 30<\/strong> je enoplastno motorno olje za starodobnike in klasi\u010dne avtomobile do 70. let, ki se lahko uporablja tudi za bencinske motorje.<br \/>\n<strong>MATH\u00c9 HDC SAE 30<\/strong> se priporo\u010da kot motorno olje za dizelske motorje s prisilnim polnjenjem in turbodizelske motorje. Upo\u0161tevati je treba navodila proizvajalca.<br \/>\nTipi\u010dne aplikacije vklju\u010dujejo pogonske motorje za gradbene in kmetijske stroje ter turbopolnilne motorje za ladje, cestna in \u017eelezni\u0161ka vozila.<br \/>\n<strong>MATH\u00c9 HDC SAE 30<\/strong> se \u017ee vrsto let izkazuje v hidravli\u010dnih sistemih in menjalnikih, tudi v najte\u017ejih delovnih pogojih.<\/p>\n<h2>Zna\u010dilnosti izdelka<\/h2>\n<ul>\n<li>Visoka oksidacijska stabilnost in odli\u010dne viskozno-temperaturne lastnosti<\/li>\n<li>Visoka zmogljivost \u010di\u0161\u010denja in prena\u0161anja umazanije<\/li>\n<li>Dobre alkalne rezerve za nevtralizacijo kislih produktov izgorevanja<\/li>\n<li>Optimalna za\u0161\u010dita pred obrabo<\/li>\n<\/ul>\n<h2>Raven kakovosti<\/h2>\n<ul>\n<li>API CF 4\/ SG<\/li>\n<li>MB 227.0<\/li>\n<\/ul>\n<h2>Pozor,<\/h2>\n<ul>\n<li>H319: Povzro\u010da hudo dra\u017eenje o\u010di.<\/li>\n<\/ul>","protected":false},"excerpt":{"rendered":"<p>Enotno motorno olje za starodobnike in klasi\u010dne avtomobile do 1,0 litra iz 70. let<\/p>","protected":false},"featured_media":3178,"template":"","meta":[],"product_brand":[125],"product_cat":[124,131,168],"product_tag":[],"class_list":{"0":"post-1170","1":"product","2":"type-product","3":"status-publish","4":"has-post-thumbnail","6":"product_brand-mvg-mathe-schmierstofftechnik-gmbh","7":"product_cat-motor","8":"product_cat-klassiker","9":"product_cat-motorenoel","10":"description-off","12":"first","13":"instock","14":"taxable","15":"shipping-taxable","16":"purchasable","17":"product-type-variable"},"_links":{"self":[{"href":"https:\/\/mathy-austria.com\/sl\/wp-json\/wp\/v2\/product\/1170","targetHints":{"allow":["GET"]}}],"collection":[{"href":"https:\/\/mathy-austria.com\/sl\/wp-json\/wp\/v2\/product"}],"about":[{"href":"https:\/\/mathy-austria.com\/sl\/wp-json\/wp\/v2\/types\/product"}],"wp:featuredmedia":[{"embeddable":true,"href":"https:\/\/mathy-austria.com\/sl\/wp-json\/wp\/v2\/media\/3178"}],"wp:attachment":[{"href":"https:\/\/mathy-austria.com\/sl\/wp-json\/wp\/v2\/media?parent=1170"}],"wp:term":[{"taxonomy":"product_brand","embeddable":true,"href":"https:\/\/mathy-austria.com\/sl\/wp-json\/wp\/v2\/product_brand?post=1170"},{"taxonomy":"product_cat","embeddable":true,"href":"https:\/\/mathy-austria.com\/sl\/wp-json\/wp\/v2\/product_cat?post=1170"},{"taxonomy":"product_tag","embeddable":true,"href":"https:\/\/mathy-austria.com\/sl\/wp-json\/wp\/v2\/product_tag?post=1170"}],"curies":[{"name":"wp","href":"https:\/\/api.w.org\/{rel}","templated":true}]}}