{"id":1164,"date":"2016-10-25T08:55:11","date_gmt":"2016-10-25T06:55:11","guid":{"rendered":"https:\/\/mathy-austria.com\/?post_type=product&#038;p=1164"},"modified":"2024-07-15T07:11:35","modified_gmt":"2024-07-15T06:11:35","slug":"sae-5w-40-performance-vx4","status":"publish","type":"product","link":"https:\/\/mathy-austria.com\/sl\/izdelek\/sae-5w-40-performance-vx4\/","title":{"rendered":"SAE 5W-40 Performance VX4"},"content":{"rendered":"<p><strong>SAE 5W-40 Performance VX4<\/strong> je motorno olje, ki temelji na sintezi hidrokreka (HC). Idealno je za za\u0161\u010dito \u0161tiritaktnih bencinskih in dizelskih motorjev, motorjev z naravnim polnjenjem in turbo motorjev.<br \/>\nZ uporabo motornega olja<strong> SAE 5W-40 Performance VX4<\/strong> temperatura motornega olja je optimalno vzdr\u017eevana tudi pri visokih temperaturah. <strong>MATHY SAE 5W-40 Performance VX4<\/strong> je odli\u010dno osnovno olje za uporabo z <strong>MATEMATIKA -M <\/strong>Dodatek za motorno olje.<\/p>\n<h2>Specifikacije\/odobritve*<\/h2>\n<ul>\n<li>ACEA A3\/B4<\/li>\n<li>PI SN\/CF<\/li>\n<li>Mercedes Benz MB sprostitev 229.3<\/li>\n<li>Porsche A40<\/li>\n<li>BMW, v skladu z BMW Longlife-01<\/li>\n<li>Opel GM-LL-B025<\/li>\n<li>Volkswagen VW, v skladu s standardi VW 502 00, 505 00<\/li>\n<li>PSA B71 2296<\/li>\n<li>Renault RN 0700\/0710<\/li>\n<\/ul>\n<p>* Odobritve so na voljo pod drugo oznako sorte.<\/p>\n<h2>Pozor,<\/h2>\n<ul>\n<li>H319: Povzro\u010da hudo dra\u017eenje o\u010di.<\/li>\n<li>EUH208: Vsebuje alkilamin z dolgo verigo. Lahko povzro\u010di alergijske reakcije.<\/li>\n<\/ul>","protected":false},"excerpt":{"rendered":"<p>Sinteti\u010dno motorno olje HC<br \/>\nza vse \u0161tiritaktne bencinske in dizelske motorje, motorje z notranjim polnjenjem in turbo motorje 1,0L<\/p>","protected":false},"featured_media":3246,"template":"","meta":[],"product_brand":[125],"product_cat":[124,168],"product_tag":[],"class_list":{"0":"post-1164","1":"product","2":"type-product","3":"status-publish","4":"has-post-thumbnail","6":"product_brand-mvg-mathe-schmierstofftechnik-gmbh","7":"product_cat-motor","8":"product_cat-motorenoel","9":"description-off","11":"first","12":"instock","13":"taxable","14":"shipping-taxable","15":"purchasable","16":"product-type-variable"},"_links":{"self":[{"href":"https:\/\/mathy-austria.com\/sl\/wp-json\/wp\/v2\/product\/1164","targetHints":{"allow":["GET"]}}],"collection":[{"href":"https:\/\/mathy-austria.com\/sl\/wp-json\/wp\/v2\/product"}],"about":[{"href":"https:\/\/mathy-austria.com\/sl\/wp-json\/wp\/v2\/types\/product"}],"wp:featuredmedia":[{"embeddable":true,"href":"https:\/\/mathy-austria.com\/sl\/wp-json\/wp\/v2\/media\/3246"}],"wp:attachment":[{"href":"https:\/\/mathy-austria.com\/sl\/wp-json\/wp\/v2\/media?parent=1164"}],"wp:term":[{"taxonomy":"product_brand","embeddable":true,"href":"https:\/\/mathy-austria.com\/sl\/wp-json\/wp\/v2\/product_brand?post=1164"},{"taxonomy":"product_cat","embeddable":true,"href":"https:\/\/mathy-austria.com\/sl\/wp-json\/wp\/v2\/product_cat?post=1164"},{"taxonomy":"product_tag","embeddable":true,"href":"https:\/\/mathy-austria.com\/sl\/wp-json\/wp\/v2\/product_tag?post=1164"}],"curies":[{"name":"wp","href":"https:\/\/api.w.org\/{rel}","templated":true}]}}