{"id":1142,"date":"2016-06-11T11:19:18","date_gmt":"2016-06-11T10:19:18","guid":{"rendered":"https:\/\/mathy-austria.com\/?post_type=product&#038;p=1142"},"modified":"2024-07-15T07:11:35","modified_gmt":"2024-07-15T06:11:35","slug":"mathy-tdg-direktschalt-getriebeol-additiv","status":"publish","type":"product","link":"https:\/\/mathy-austria.com\/sl\/izdelek\/mathy-tdg-direktschalt-getriebeol-additiv\/","title":{"rendered":"MATHY-TDG"},"content":{"rendered":"<div>Za optimizacijo prestavljanja in zmanj\u0161anje obrabe pri menjalnikih z direktnim prestavljanjem\/dvojno sklopko (<strong>DSG<\/strong>). Dodatek <strong>MATHY-TDG <\/strong>v menjalno olje, se izbolj\u0161a njegov mazalni u\u010dinek in optimizira menjava prestav. Zmanj\u0161ajo se toplotne obremenitve v toplej\u0161ih obmo\u010djih, stabilnost olja menjalnika DSG pa se pove\u010da. Razvoj obstoje\u010dega hrupa je zmanj\u0161an na najmanj\u0161o mo\u017eno mero z <strong>MATHY-TDG <\/strong>zmanj\u0161ajo in prepre\u010dijo nadaljnjo obrabo. Menjalnik DSG je trajnostno za\u0161\u010diten in osvobojen onesna\u017eenja, aktivne \u010distilne komponente pa prepre\u010dujejo nastajanje novih onesna\u017eenj.<\/div>\n<div><\/div>\n<div><strong>MATHY-TDG <\/strong>ne vsebuje trdnih delcev in se lahko uporablja v vseh oljih za menjalnike DSG.<\/div>\n<h2>zmanj\u0161anje ali odprava tehni\u010dnih te\u017eav.<\/h2>\n<ul>\n<li>Optimizacija postopkov prestavljanja v menjalnikih DSG<\/li>\n<li>Zmanj\u0161uje \u0161tevilo okvar<\/li>\n<li>Zmanj\u0161a obrabo na kontaktnih to\u010dkah kovina-kovina: drsnih povr\u0161inah ali stikalnih elementih.<\/li>\n<li>Visok u\u010dinek \u010di\u0161\u010denja<\/li>\n<li>Dobra zdru\u017eljivost tesnjenja<\/li>\n<li>Zmanj\u0161a toplotne obremenitve<\/li>\n<\/ul>\n<h2>Odmerjanje<\/h2>\n<div>10 % koli\u010dine olja menjalnika DSG z <strong>MATHY-TDG <\/strong>nadomestiti.<\/div>\n<h2>Aplikacija<\/h2>\n<div>\u010ce je prevo\u017eenih ve\u010d kot 60.000 km, priporo\u010damo fazo \u010di\u0161\u010denja, ki ji sledi menjava olja. V ta namen je treba uporabiti 10% starega <strong>DSG<\/strong>-olje se izprazni in nadomesti z <strong>MATHY-TDG <\/strong>nadomesti. Nato vozilo prevozite 1.000 km (ni \u010dasovno omejeno). Po fazi \u010di\u0161\u010denja izvedite popolno zamenjavo olja in ga napolnite s sve\u017eim.<strong> DSG<\/strong>-Olje v menjalniku dolijte z oljem 10% MATHY-TDG.<\/div>\n<h2>Pozor,<\/h2>\n<ul>\n<li>H317: Lahko povzro\u010di alergijsko ko\u017eno reakcijo.<\/li>\n<\/ul>","protected":false},"excerpt":{"rendered":"<p>Dodatek za olje za menjalnik z neposrednim menjalnikom<\/p>","protected":false},"featured_media":22985,"template":"","meta":[],"product_brand":[125],"product_cat":[126],"product_tag":[],"class_list":{"0":"post-1142","1":"product","2":"type-product","3":"status-publish","4":"has-post-thumbnail","6":"product_brand-mvg-mathe-schmierstofftechnik-gmbh","7":"product_cat-getriebe","8":"description-off","10":"first","11":"instock","12":"taxable","13":"shipping-taxable","14":"purchasable","15":"product-type-variable"},"_links":{"self":[{"href":"https:\/\/mathy-austria.com\/sl\/wp-json\/wp\/v2\/product\/1142","targetHints":{"allow":["GET"]}}],"collection":[{"href":"https:\/\/mathy-austria.com\/sl\/wp-json\/wp\/v2\/product"}],"about":[{"href":"https:\/\/mathy-austria.com\/sl\/wp-json\/wp\/v2\/types\/product"}],"wp:featuredmedia":[{"embeddable":true,"href":"https:\/\/mathy-austria.com\/sl\/wp-json\/wp\/v2\/media\/22985"}],"wp:attachment":[{"href":"https:\/\/mathy-austria.com\/sl\/wp-json\/wp\/v2\/media?parent=1142"}],"wp:term":[{"taxonomy":"product_brand","embeddable":true,"href":"https:\/\/mathy-austria.com\/sl\/wp-json\/wp\/v2\/product_brand?post=1142"},{"taxonomy":"product_cat","embeddable":true,"href":"https:\/\/mathy-austria.com\/sl\/wp-json\/wp\/v2\/product_cat?post=1142"},{"taxonomy":"product_tag","embeddable":true,"href":"https:\/\/mathy-austria.com\/sl\/wp-json\/wp\/v2\/product_tag?post=1142"}],"curies":[{"name":"wp","href":"https:\/\/api.w.org\/{rel}","templated":true}]}}