{"id":1128,"date":"2016-06-11T07:55:21","date_gmt":"2016-06-11T05:55:21","guid":{"rendered":"https:\/\/mathy-austria.com\/?post_type=product&#038;p=1128"},"modified":"2024-07-15T07:11:35","modified_gmt":"2024-07-15T06:11:35","slug":"mathy-agr-300ml","status":"publish","type":"product","link":"https:\/\/mathy-austria.com\/sl\/izdelek\/mathy-agr-300ml\/","title":{"rendered":"MATHY-AGR"},"content":{"rendered":"<div><strong>MATHY-AGR<\/strong> je zelo u\u010dinkovit \u010distilec ventilov za recirkulacijo izpu\u0161nih plinov (<strong>EGR ventil<\/strong>) za dizelska vozila. Ob redni uporabi <strong>MATHY-AGR<\/strong> Kopi\u010denje ogljikovih ostankov v sistemu za recirkulacijo izpu\u0161nih plinov se zmanj\u0161a z dizelskim gorivom, s \u010dimer se zmanj\u0161a potreba po popravilih. Onesna\u017eevala se kemi\u010dno razgradijo s pretokom izpu\u0161nih plinov. Okvare, ki jih povzro\u010dajo onesna\u017eeni <strong>EGR ventil<\/strong> se tako lahko dolgoro\u010dno izognemo.<\/div>\n<h2>Tehni\u010dne te\u017eave so odpravljene ali popravljene:<\/h2>\n<ul>\n<li>Visoka kemijska u\u010dinkovitost prek pretoka izpu\u0161nih plinov<\/li>\n<li>Prepre\u010duje nastajanje ogljikovih ostankov v sistemu za recirkulacijo izpu\u0161nih plinov<\/li>\n<li>Ohranja funkcionalnost <strong>EGR ventil<\/strong> pokon\u010dno<\/li>\n<li>nihanja hitrosti so manj\u0161a.<\/li>\n<li>Ob\u010dutljivost <strong>EGR ventil<\/strong> je \u010dim manj\u0161a.<\/li>\n<li>Enostavna uporaba prek rezervoarja<\/li>\n<li>Prepre\u010duje izgubo energije<\/li>\n<li>Zgorevanje brez ostankov<\/li>\n<li>Po prevo\u017eenih 50.000 km priporo\u010damo fazo \u010di\u0161\u010denja v 5 polnjenjih rezervoarja s 3 x 300 ml <strong>MATHY-AGR<\/strong>.<\/li>\n<\/ul>\n<h2>Uporaba:<\/h2>\n<div>Preprosto dodajte celotno vsebino plo\u010devinke (300 ml) v skoraj prazen rezervoar pred polnjenjem in nato\u010dite 50 litrov dizelskega goriva.<br \/>\nOpomba: Koli\u010dino goriva v rezervoarju je treba prilagoditi pred dodajanjem <strong>MATHY-AGR<\/strong> vsaj 10 litrov. (rezervna prostornina)<br \/>\nUporablja se lahko v poletnih in zimskih dizelskih motorjih; primerno za sodobne motorje s sistemom common-rail (CDI) in motorje s \u010drpalko in injektorjem (TDI).<br \/>\nPri pogostih kratkih vo\u017enjah (manj kot 20 km) jo je treba uporabiti vsakih 7.500 km, pri \"pogostih voznikih\" pa vsaj vsakih 15.000 km.<\/div>\n<h2>Pomembna opomba:<\/h2>\n<div>Ventili za recirkulacijo izpu\u0161nih plinov, ki so \u017ee popolnoma zakrknjeni (<strong>AGR<\/strong>) se lahko uporablja z<strong> MATHY-AGR<\/strong> ni ve\u010d mogo\u010de o\u010distiti. \u010ce kontrolna lu\u010dka motorja \u017ee delno ali trajno sveti (rumeno), tudi tu MATHY-AGR ne more pomagati. V teh primerih je treba EGR ventil odstraniti ali o\u010distiti ro\u010dno. Priporo\u010damo <strong>MATHY-AGR<\/strong> kot preventivni ukrep!<\/div>\n<h2>Nevarnost<\/h2>\n<ul>\n<li>H304: Pri zau\u017eitju in vstopu v dihalne poti je lahko smrtno nevaren.<\/li>\n<li>H412: \u0160kodljivo za vodne organizme z dolgotrajnimi u\u010dinki.<\/li>\n<li>EUH066: Ponavljajo\u010da se izpostavljenost lahko povzro\u010di izsu\u0161itev ali razpokanje ko\u017ee.<\/li>\n<\/ul>","protected":false},"excerpt":{"rendered":"<p>Sistemsko \u010distilo za sisteme za recirkulacijo izpu\u0161nih plinov (EGR)<\/p>","protected":false},"featured_media":1129,"template":"","meta":[],"product_brand":[125],"product_cat":[127],"product_tag":[],"class_list":{"0":"post-1128","1":"product","2":"type-product","3":"status-publish","4":"has-post-thumbnail","6":"product_brand-mvg-mathe-schmierstofftechnik-gmbh","7":"product_cat-kraftstoffsystem","8":"description-off","10":"first","11":"instock","12":"taxable","13":"shipping-taxable","14":"purchasable","15":"product-type-variable"},"_links":{"self":[{"href":"https:\/\/mathy-austria.com\/sl\/wp-json\/wp\/v2\/product\/1128","targetHints":{"allow":["GET"]}}],"collection":[{"href":"https:\/\/mathy-austria.com\/sl\/wp-json\/wp\/v2\/product"}],"about":[{"href":"https:\/\/mathy-austria.com\/sl\/wp-json\/wp\/v2\/types\/product"}],"wp:featuredmedia":[{"embeddable":true,"href":"https:\/\/mathy-austria.com\/sl\/wp-json\/wp\/v2\/media\/1129"}],"wp:attachment":[{"href":"https:\/\/mathy-austria.com\/sl\/wp-json\/wp\/v2\/media?parent=1128"}],"wp:term":[{"taxonomy":"product_brand","embeddable":true,"href":"https:\/\/mathy-austria.com\/sl\/wp-json\/wp\/v2\/product_brand?post=1128"},{"taxonomy":"product_cat","embeddable":true,"href":"https:\/\/mathy-austria.com\/sl\/wp-json\/wp\/v2\/product_cat?post=1128"},{"taxonomy":"product_tag","embeddable":true,"href":"https:\/\/mathy-austria.com\/sl\/wp-json\/wp\/v2\/product_tag?post=1128"}],"curies":[{"name":"wp","href":"https:\/\/api.w.org\/{rel}","templated":true}]}}