{"id":1107,"date":"2015-09-01T19:35:59","date_gmt":"2015-09-01T17:35:59","guid":{"rendered":"https:\/\/mathy-austria.com\/?post_type=product&#038;p=1107"},"modified":"2024-07-15T07:11:36","modified_gmt":"2024-07-15T06:11:36","slug":"sae-10w-60-racing","status":"publish","type":"product","link":"https:\/\/mathy-austria.com\/sl\/izdelek\/sae-10w-60-racing\/","title":{"rendered":"SAE 10W-60 Racing"},"content":{"rendered":"<p><strong>10W-60 Racing<\/strong> je popolnoma sinteti\u010dno motorno olje za bencinske in dizelske motorje, ki se lahko uporablja vse leto.<\/p>\n<p><strong>10W-60 Racing<\/strong> zagotavlja visoko zmogljivost, zlasti pri izjemno obremenjenih \u0161tiritaktnih motorjih.<\/p>\n<p>Prepre\u010dujeta se nastajanje oljnega mulja in korozija. Odli\u010dno osnovno olje za uporabo z <strong>MATHY-M, MATHY-VS<\/strong> ali <strong>DropStop<\/strong> Dodatek za tesnjenje.<\/p>\n<p>&nbsp;<\/p>\n<h2>Specifikacije\/odobritve*<\/h2>\n<p>ACEA A3\/B4<\/p>\n<p>API SM\/CF<\/p>\n<p>Fiat 9.55535-H3*<\/p>\n<p>* Odobritve so na voljo pod drugo oznako sorte.<\/p>\n<p>&nbsp;<\/p>\n<h2>Pozornost:<\/h2>\n<p>H319: Povzro\u010da hudo dra\u017eenje o\u010di.<\/p>\n<p>H412: \u0160kodljivo za vodne organizme z dolgotrajnimi u\u010dinki.<\/p>","protected":false},"excerpt":{"rendered":"<p>Popolnoma sinteti\u010dno motorno olje, 1,0 litra<br \/>\n10W-60 Racing je popolnoma sinteti\u010dno motorno olje za bencinske in dizelske motorje, ki se lahko uporablja vse leto.<\/p>","protected":false},"featured_media":3265,"template":"","meta":[],"product_brand":[125],"product_cat":[124,168],"product_tag":[],"class_list":{"0":"post-1107","1":"product","2":"type-product","3":"status-publish","4":"has-post-thumbnail","6":"product_brand-mvg-mathe-schmierstofftechnik-gmbh","7":"product_cat-motor","8":"product_cat-motorenoel","9":"description-off","11":"first","12":"instock","13":"taxable","14":"shipping-taxable","15":"purchasable","16":"product-type-variable"},"_links":{"self":[{"href":"https:\/\/mathy-austria.com\/sl\/wp-json\/wp\/v2\/product\/1107","targetHints":{"allow":["GET"]}}],"collection":[{"href":"https:\/\/mathy-austria.com\/sl\/wp-json\/wp\/v2\/product"}],"about":[{"href":"https:\/\/mathy-austria.com\/sl\/wp-json\/wp\/v2\/types\/product"}],"wp:featuredmedia":[{"embeddable":true,"href":"https:\/\/mathy-austria.com\/sl\/wp-json\/wp\/v2\/media\/3265"}],"wp:attachment":[{"href":"https:\/\/mathy-austria.com\/sl\/wp-json\/wp\/v2\/media?parent=1107"}],"wp:term":[{"taxonomy":"product_brand","embeddable":true,"href":"https:\/\/mathy-austria.com\/sl\/wp-json\/wp\/v2\/product_brand?post=1107"},{"taxonomy":"product_cat","embeddable":true,"href":"https:\/\/mathy-austria.com\/sl\/wp-json\/wp\/v2\/product_cat?post=1107"},{"taxonomy":"product_tag","embeddable":true,"href":"https:\/\/mathy-austria.com\/sl\/wp-json\/wp\/v2\/product_tag?post=1107"}],"curies":[{"name":"wp","href":"https:\/\/api.w.org\/{rel}","templated":true}]}}