{"id":1101,"date":"2015-04-13T20:59:47","date_gmt":"2015-04-13T18:59:47","guid":{"rendered":"https:\/\/mathy-austria.com\/?post_type=product&#038;p=1101"},"modified":"2024-07-15T07:11:36","modified_gmt":"2024-07-15T06:11:36","slug":"mathy-vs","status":"publish","type":"product","link":"https:\/\/mathy-austria.com\/sl\/izdelek\/mathy-vs\/","title":{"rendered":"MATHY-VS"},"content":{"rendered":"<p><strong>MATHY-VS<\/strong> je zelo u\u010dinkovit dodatek za stabilizacijo viskoznosti motornih olj. Deluje proti razred\u010devanju motornega olja in izbolj\u0161uje tesnenje med batom in steno valja.<\/p>\n<p>Z uporabo <strong>MATHY-VS<\/strong> zmanj\u0161uje izgorevanje obstoje\u010dega olja in zmanj\u0161uje trajne izgube olja.<\/p>\n<p>Tisti z <strong>MATHY-VS<\/strong> stabilizirano motorno olje ne vstopa ve\u010d v zgorevalno komoro valjev. Pri visokih temperaturah ostane mazalni film stabilen, tlak olja pa konstanten.<\/p>\n<p>&nbsp;<\/p>\n<h2>Tehni\u010dne te\u017eave se zmanj\u0161ajo in odpravijo:<\/h2>\n<p>Obraba sten valja in obraba strgalnih obro\u010dev bata pove\u010dujeta porabo olja, saj motorno olje vstopa v zgorevalno komoro in se tudi izgoreva.<\/p>\n<p>Dodatek <strong>MATHY-VS<\/strong> pove\u010da viskoznost motornega olja in stabilizirano olje ne pride ve\u010d v zgorevalno komoro valjev.<\/p>\n<p>Razred\u010denje olja pri visokih toplotnih obremenitvah se zmanj\u0161a, mazivnost motornega olja pa se posledi\u010dno stabilizira.<\/p>\n<p>&nbsp;<\/p>\n<h2>Uporaba \/ odmerjanje:<\/h2>\n<p><strong>MATHY-VS<\/strong> Preprosto ga dodajte v motorno olje; obisk delavnice ni potreben. Uporablja se lahko v vseh bencinskih in dizelskih motorjih. Zlahka je zdru\u017eljivo z vsemi mineralnimi, polsinteti\u010dnimi in popolnoma sinteti\u010dnimi motornimi olji.<\/p>\n<p>Me\u0161alno razmerje je 1 : 16, kar pomeni, da se doda <strong>250 ml MATHY-VS<\/strong> do 4 litre motornega olja. Kadar koli ga lahko dodate neposredno.<\/p>\n<p>Po dodajanju segrejte motor (temperatura olja mora biti vsaj 90o C). <strong>MATHY-VS<\/strong> lahko ostane v motornem olju do naslednje menjave olja in je zdru\u017eljiv tudi z <strong>MATHY-M<\/strong>.<\/p>\n<p><strong>Opomba<\/strong>Ne polnite preve\u010d! \u010ce je raven olja v motorju najvi\u0161ja, najprej dolo\u010dite koli\u010dino, ki jo je treba napolniti (npr. <strong>250 ml MATHY-VS<\/strong>) izpraznite ali vakuumirajte.<br \/>\nNe v kombinaciji z <strong>DropStop(R)<\/strong> uporaben!<\/p>\n<p>&nbsp;<\/p>\n<h2>Pozornost:<\/h2>\n<ul>\n<li>H317: Lahko povzro\u010di alergijsko ko\u017eno reakcijo.<\/li>\n<li>H373: Pri dolgotrajni ali ponavljajo\u010di se izpostavljenosti lahko povzro\u010di po\u0161kodbe organov.<\/li>\n<\/ul>","protected":false},"excerpt":{"rendered":"<p>Stabilizator viskoznosti 300ml<\/p>","protected":false},"featured_media":1102,"template":"","meta":[],"product_brand":[125],"product_cat":[124,128],"product_tag":[],"class_list":{"0":"post-1101","1":"product","2":"type-product","3":"status-publish","4":"has-post-thumbnail","6":"product_brand-mvg-mathe-schmierstofftechnik-gmbh","7":"product_cat-motor","8":"product_cat-pflege-wartung","9":"description-off","11":"first","12":"instock","13":"taxable","14":"shipping-taxable","15":"purchasable","16":"product-type-variable"},"_links":{"self":[{"href":"https:\/\/mathy-austria.com\/sl\/wp-json\/wp\/v2\/product\/1101","targetHints":{"allow":["GET"]}}],"collection":[{"href":"https:\/\/mathy-austria.com\/sl\/wp-json\/wp\/v2\/product"}],"about":[{"href":"https:\/\/mathy-austria.com\/sl\/wp-json\/wp\/v2\/types\/product"}],"wp:featuredmedia":[{"embeddable":true,"href":"https:\/\/mathy-austria.com\/sl\/wp-json\/wp\/v2\/media\/1102"}],"wp:attachment":[{"href":"https:\/\/mathy-austria.com\/sl\/wp-json\/wp\/v2\/media?parent=1101"}],"wp:term":[{"taxonomy":"product_brand","embeddable":true,"href":"https:\/\/mathy-austria.com\/sl\/wp-json\/wp\/v2\/product_brand?post=1101"},{"taxonomy":"product_cat","embeddable":true,"href":"https:\/\/mathy-austria.com\/sl\/wp-json\/wp\/v2\/product_cat?post=1101"},{"taxonomy":"product_tag","embeddable":true,"href":"https:\/\/mathy-austria.com\/sl\/wp-json\/wp\/v2\/product_tag?post=1101"}],"curies":[{"name":"wp","href":"https:\/\/api.w.org\/{rel}","templated":true}]}}