{"id":1083,"date":"2014-10-19T15:16:09","date_gmt":"2014-10-19T13:16:09","guid":{"rendered":"https:\/\/mathy-austria.com\/?post_type=product&#038;p=1083"},"modified":"2026-02-22T14:30:55","modified_gmt":"2026-02-22T13:30:55","slug":"mathy-dpf-kur","status":"publish","type":"product","link":"https:\/\/mathy-austria.com\/sl\/izdelek\/mathy-dpf-kur\/","title":{"rendered":"MATHY-DPF Zdravljenje"},"content":{"rendered":"<ul>\n<li>1 x 250 ml <strong>MATHY-D \u010cistilo za dizelski sistem<\/strong><\/li>\n<li>3 x 300 ml <strong>MATHY-DPF<\/strong> \u010cistilo za filtre za trdne delce za dizelske motorje<\/li>\n<\/ul>\n<p>Enostavno <strong>\u010ci\u0161\u010denje dizelskega motorja in sistema DPF<\/strong>. Brez obiska delavnice!<br \/>\nPreprosto uporabite svoje po\u010ditni\u0161ko potovanje za<strong> \u010ci\u0161\u010denje dizelskega motorja in sistema DPF<\/strong>.<\/p>\n<p>Zdravilo je mogo\u010de uporabiti brez obiska delavnice in se sprosti prek rezervoarja za gorivo. Sistemsko zdravilo je sestavljeno iz ene plo\u010devinke <strong>MATHY-D<\/strong> (\u010distilo za dizelski sistem) in tri plo\u010devinke <strong>MATHY-DPF<\/strong> (\u010distilec filtra za trdne delce za dizelske motorje).<\/p>\n<p>Tako se lahko izognete dragemu<strong> DPF<\/strong>-Prepre\u010dite zamenjavo!<\/p>\n<p>&nbsp;<\/p>\n<h2>Pomembna opomba:<\/h2>\n<p>Filter trdnih delcev za dizelske motorje (<strong>DPF<\/strong>), ki so \u017ee popolnoma napolnjeni s pepelom, kontrolna lu\u010dka motorja (rumena) je delno ali stalno pri\u017egana, motor deluje v programu delovanja v sili, lahko preverite z <strong>MATHY-DPF<\/strong> ni ve\u010d mogo\u010de o\u010distiti.<\/p>\n<p>V teh primerih mora filter za trdne delce zamenjati ali brezpla\u010dno pre\u017egati specializirana servisna delavnica. Priporo\u010damo <strong>MATHY-DPF<\/strong> kot preventivni ukrep!<\/p>\n<p>&nbsp;<\/p>\n<h2>Nevarnost:<\/h2>\n<ul>\n<li>H315: Povzro\u010da dra\u017eenje ko\u017ee.<\/li>\n<li>H319: Povzro\u010da hudo dra\u017eenje o\u010di.<\/li>\n<li>H304: Pri zau\u017eitju in vstopu v dihalne poti je lahko smrtno nevaren.<\/li>\n<li>H412: \u0160kodljivo za vodne organizme z dolgotrajnimi u\u010dinki.<\/li>\n<li>EUH066: Ponavljajo\u010da se izpostavljenost lahko povzro\u010di izsu\u0161itev ali razpokanje ko\u017ee.<\/li>\n<\/ul>","protected":false},"excerpt":{"rendered":"<p>Komplet za \u010di\u0161\u010denje filtrov za trdne delce za dizelske motorje<br \/>\n1x MATHY-D in 3x MATHY-DPF<\/p>","protected":false},"featured_media":146051,"template":"","meta":[],"product_brand":[125],"product_cat":[183,127,132],"product_tag":[311,382,379,346,352,342,386,362,344,361,357,366,360,341,375,385,356,363,347,364,367,358,374,353,365,377,359,378,373,348,247,248,389,253,249,251,255,250,254,252,345,376,355,350,381,354,313,383,380,384],"class_list":{"0":"post-1083","1":"product","2":"type-product","3":"status-publish","4":"has-post-thumbnail","6":"product_brand-mvg-mathe-schmierstofftechnik-gmbh","7":"product_cat-spitzenreiter","8":"product_cat-kraftstoffsystem","9":"product_cat-produkt-sets","10":"product_tag-abgase-verbessern","11":"product_tag-ablagerungen-loesen","12":"product_tag-cetanzahl-erhoehen","13":"product_tag-diesel-additiv","14":"product_tag-diesel-additiv-kaufen","15":"product_tag-diesel-injektor-reiniger","16":"product_tag-diesel-leistungssteigerung","17":"product_tag-diesel-motorpflege","18":"product_tag-diesel-partikelfilter-reiniger","19":"product_tag-diesel-reiniger-tuev","20":"product_tag-diesel-reinigungskur","21":"product_tag-diesel-russfilter-regenerieren","22":"product_tag-diesel-system-pflege","23":"product_tag-diesel-systemreiniger","24":"product_tag-diesel-tank-reiniger","25":"product_tag-diesel-verbrauch-senken","26":"product_tag-dieselabgase-reduzieren","27":"product_tag-dieselkraftstoff-additiv","28":"product_tag-dieselmotor-reinigen","29":"product_tag-dieselpartikelfilter-reiniger","30":"product_tag-dieselpartikelfilter-verstopfung-beseitigen","31":"product_tag-dieselpflegemittel","32":"product_tag-dieselsystem-reinigung","33":"product_tag-dpf-reiniger","34":"product_tag-dpf-reinigung","35":"product_tag-kfz-kraftstoffpflege","36":"product_tag-kraftstoff-additiv","37":"product_tag-kraftstoffadditiv-diesel","38":"product_tag-kraftstoffsystem-pflegen","39":"product_tag-kraftstoffsystem-reinigen","40":"product_tag-mathy","41":"product_tag-mathy-austria","42":"product_tag-mathy-dpf-kur-kaufen","43":"product_tag-mathy-hungaria","44":"product_tag-mathy-oesterreich","45":"product_tag-mathy-slovakia","46":"product_tag-mathy-slovenija","47":"product_tag-mathy-slowakei","48":"product_tag-mathy-slowenien","49":"product_tag-mathy-ungarn","50":"product_tag-mathy-universal","51":"product_tag-motor-dieselpflege","52":"product_tag-motorschutz-diesel","53":"product_tag-partikelfilter-reinigung","54":"product_tag-russpartikel-verbrennen","55":"product_tag-russpartikelfilter-reinigen","56":"product_tag-startverhalten-verbessern","57":"product_tag-ventile-reinigen","58":"product_tag-verbrennung-optimieren","59":"product_tag-verkokungen-entfernen","60":"description-off","62":"first","63":"instock","64":"taxable","65":"shipping-taxable","66":"purchasable","67":"product-type-simple"},"_links":{"self":[{"href":"https:\/\/mathy-austria.com\/sl\/wp-json\/wp\/v2\/product\/1083","targetHints":{"allow":["GET"]}}],"collection":[{"href":"https:\/\/mathy-austria.com\/sl\/wp-json\/wp\/v2\/product"}],"about":[{"href":"https:\/\/mathy-austria.com\/sl\/wp-json\/wp\/v2\/types\/product"}],"wp:featuredmedia":[{"embeddable":true,"href":"https:\/\/mathy-austria.com\/sl\/wp-json\/wp\/v2\/media\/146051"}],"wp:attachment":[{"href":"https:\/\/mathy-austria.com\/sl\/wp-json\/wp\/v2\/media?parent=1083"}],"wp:term":[{"taxonomy":"product_brand","embeddable":true,"href":"https:\/\/mathy-austria.com\/sl\/wp-json\/wp\/v2\/product_brand?post=1083"},{"taxonomy":"product_cat","embeddable":true,"href":"https:\/\/mathy-austria.com\/sl\/wp-json\/wp\/v2\/product_cat?post=1083"},{"taxonomy":"product_tag","embeddable":true,"href":"https:\/\/mathy-austria.com\/sl\/wp-json\/wp\/v2\/product_tag?post=1083"}],"curies":[{"name":"wp","href":"https:\/\/api.w.org\/{rel}","templated":true}]}}