{"id":1073,"date":"2014-06-19T16:17:51","date_gmt":"2014-06-19T14:17:51","guid":{"rendered":"https:\/\/mathy-austria.com\/?post_type=product&#038;p=1073"},"modified":"2024-07-15T07:11:36","modified_gmt":"2024-07-15T06:11:36","slug":"mathy-c-motorinnenreiniger","status":"publish","type":"product","link":"https:\/\/mathy-austria.com\/sl\/izdelek\/mathy-c-motorinnenreiniger\/","title":{"rendered":"MATHY-C"},"content":{"rendered":"<p><strong>MATHY-C<\/strong> je na novo razvito in zelo u\u010dinkovito \u010distilo za notranje motorje, ki se uporablja za notranje izpiranje in \u010di\u0161\u010denje bencinskih in dizelskih motorjev (tudi s katalizatorjem in turbopolnilnikom).<\/p>\n<p>Posebej u\u010dinkovito je pri odstranjevanju usedlin (\u010drnega blata) v motorju.<\/p>\n<p>Posebni dodatki za \u010di\u0161\u010denje raztapljajo usedline in ne\u010disto\u010de, ki jih je mogo\u010de ob menjavi olja izlo\u010diti skupaj z motornim oljem.<\/p>\n<p>Idealno za zamujene menjave olja!<\/p>\n<p>\u010cistilec motorja <strong>MATHY-C<\/strong> zagotavlja ne\u017eno in hitro \u010di\u0161\u010denje.<\/p>\n<p>Je nevtralen do pe\u010datov in dose\u017ee polno u\u010dinkovitost \u017ee po 10 minutah.<\/p>\n<p>&nbsp;<\/p>\n<h2>Zmanj\u0161ajo ali odpravijo se tehni\u010dne te\u017eave:<\/h2>\n<ul>\n<li>Odstranjuje onesna\u017eenje v naftnih vrtinah<\/li>\n<li>O\u010distite zataknjene\/rezinirane batne obro\u010dke ter ventilacijske pipe in lopute.<\/li>\n<li>Odstranjevanje oljnega mulja<\/li>\n<li>Izbolj\u0161ano obna\u0161anje pri zagonu (zlasti pozimi).<\/li>\n<li>Prepre\u010dimo pomanjkanje mazanja<\/li>\n<\/ul>\n<p>&nbsp;<\/p>\n<h2>Podro\u010dja uporabe:<\/h2>\n<ul>\n<li>za vse vrste motorjev (bencinske, dizelske, Wanklove in plinske motorje).<\/li>\n<li>v primeru zamujene menjave olja<\/li>\n<li>po dalj\u0161ih mirovanjih (klasi\u010dni avtomobili, \u010dolni in motorna kolesa brez sklopk v oljni kopeli).<\/li>\n<li>z neenakomerno delujo\u010dim motorjem<\/li>\n<li>za nastajanje dima<\/li>\n<\/ul>\n<p><strong>Opomba<\/strong>Ni primerno za uporabo v motornih kolesih z mokro sklopko ali s sklopko, ki deluje v oljni kopeli.<\/p>\n<p>&nbsp;<\/p>\n<h2>Odmerjanje:<\/h2>\n<p>Vsebina plo\u010devinke 400 ml <strong>MATHY-C<\/strong> \u010cistilo za notranje motorje je namenjeno \u010di\u0161\u010denju motorja z do 5 litri motornega olja.<br \/>\nUpo\u0161tevati je treba navodila za odmerjanje.<\/p>\n<p>&nbsp;<\/p>\n<h2>Uporaba:<\/h2>\n<p>Zagotovite delovno temperaturo motorja. Nato . <strong>MATHY-C<\/strong> v toplo motorno olje neposredno pred menjavo olja.<\/p>\n<p>Nivo olja ne sme biti ni\u017eji od minimalne ravni. Nato 10 minut poganjajte motor v prostem teku (ne vozite). Nato opravite menjavo olja v skladu z navodili proizvajalca.<\/p>\n<p>Po uporabi<strong> MATHY-C<\/strong> za \u010di\u0161\u010denje notranjosti motorja, priporo\u010damo uporabo na\u0161ega <strong>Dodatek za motorno olje MATHY-M<\/strong>.<\/p>\n<p>Prepre\u010duje nastajanje novih oblog in pove\u010duje zanesljivost motorja, saj zmanj\u0161uje obrabo in abrazijo.<\/p>\n<p>&nbsp;<\/p>\n<h2>Nevarnost:<\/h2>\n<ul>\n<li>H304: Pri zau\u017eitju in vstopu v dihalne poti je lahko smrtno nevaren.<\/li>\n<li>H319: Povzro\u010da hudo dra\u017eenje o\u010di.<\/li>\n<li>EUH066: Ponavljajo\u010da se izpostavljenost lahko povzro\u010di izsu\u0161itev ali razpokanje ko\u017ee.<\/li>\n<\/ul>","protected":false},"excerpt":{"rendered":"<p>\u010cistilo za notranjost motorja 400ml<\/p>","protected":false},"featured_media":1074,"template":"","meta":[],"product_brand":[125],"product_cat":[124],"product_tag":[],"class_list":{"0":"post-1073","1":"product","2":"type-product","3":"status-publish","4":"has-post-thumbnail","6":"product_brand-mvg-mathe-schmierstofftechnik-gmbh","7":"product_cat-motor","8":"description-off","10":"first","11":"instock","12":"taxable","13":"shipping-taxable","14":"purchasable","15":"product-type-variable"},"_links":{"self":[{"href":"https:\/\/mathy-austria.com\/sl\/wp-json\/wp\/v2\/product\/1073","targetHints":{"allow":["GET"]}}],"collection":[{"href":"https:\/\/mathy-austria.com\/sl\/wp-json\/wp\/v2\/product"}],"about":[{"href":"https:\/\/mathy-austria.com\/sl\/wp-json\/wp\/v2\/types\/product"}],"wp:featuredmedia":[{"embeddable":true,"href":"https:\/\/mathy-austria.com\/sl\/wp-json\/wp\/v2\/media\/1074"}],"wp:attachment":[{"href":"https:\/\/mathy-austria.com\/sl\/wp-json\/wp\/v2\/media?parent=1073"}],"wp:term":[{"taxonomy":"product_brand","embeddable":true,"href":"https:\/\/mathy-austria.com\/sl\/wp-json\/wp\/v2\/product_brand?post=1073"},{"taxonomy":"product_cat","embeddable":true,"href":"https:\/\/mathy-austria.com\/sl\/wp-json\/wp\/v2\/product_cat?post=1073"},{"taxonomy":"product_tag","embeddable":true,"href":"https:\/\/mathy-austria.com\/sl\/wp-json\/wp\/v2\/product_tag?post=1073"}],"curies":[{"name":"wp","href":"https:\/\/api.w.org\/{rel}","templated":true}]}}