{"id":1015,"date":"2014-04-10T11:09:01","date_gmt":"2014-04-10T10:09:01","guid":{"rendered":"https:\/\/mathy-austria.com\/?post_type=product&#038;p=1015"},"modified":"2024-07-15T07:11:37","modified_gmt":"2024-07-15T06:11:37","slug":"lwechsel-set-sae-15w40-performance-vx2","status":"publish","type":"product","link":"https:\/\/mathy-austria.com\/sl\/izdelek\/lwechsel-set-sae-15w40-performance-vx2\/","title":{"rendered":"Komplet za menjavo olja SAE 15W40 Performance VX2"},"content":{"rendered":"<p>Kombinacija za naslednjo menjavo olja je sestavljena iz motornega olja po va\u0161i izbiri, litra dodatka za motorno olje in merilne posode za natan\u010dno polnjenje.<\/p>\n<p>Upo\u0161tevajte tudi na\u0161o ponudbo 1,0-litrskih motornih olj vseh vrst. <strong>Razredi SAE<\/strong>!<\/p>\n<p>&nbsp;<\/p>\n<h2><\/h2>\n<h2>Pozornost:<\/h2>\n<ul>\n<li>H317: Lahko povzro\u010di alergijsko ko\u017eno reakcijo.<\/li>\n<li>H319: Povzro\u010da hudo dra\u017eenje o\u010di.<\/li>\n<li>H412: \u0160kodljivo za vodne organizme z dolgotrajnimi u\u010dinki.<\/li>\n<li>EUH208: Vsebuje alkilamin z dolgo verigo. Lahko povzro\u010di alergijske reakcije.<\/li>\n<\/ul>","protected":false},"excerpt":{"rendered":"<p>Komplet za menjavo olja SAE 15W40 Performance VX2<br \/>\n5,0 litra motornega olja + 1,0 litra MATHY-M + 0,5 litra merilne posode<\/p>","protected":false},"featured_media":1016,"template":"","meta":[],"product_brand":[125],"product_cat":[132],"product_tag":[],"class_list":{"0":"post-1015","1":"product","2":"type-product","3":"status-publish","4":"has-post-thumbnail","6":"product_brand-mvg-mathe-schmierstofftechnik-gmbh","7":"product_cat-produkt-sets","8":"description-off","10":"first","11":"instock","12":"taxable","13":"shipping-taxable","14":"purchasable","15":"product-type-simple"},"_links":{"self":[{"href":"https:\/\/mathy-austria.com\/sl\/wp-json\/wp\/v2\/product\/1015","targetHints":{"allow":["GET"]}}],"collection":[{"href":"https:\/\/mathy-austria.com\/sl\/wp-json\/wp\/v2\/product"}],"about":[{"href":"https:\/\/mathy-austria.com\/sl\/wp-json\/wp\/v2\/types\/product"}],"wp:featuredmedia":[{"embeddable":true,"href":"https:\/\/mathy-austria.com\/sl\/wp-json\/wp\/v2\/media\/1016"}],"wp:attachment":[{"href":"https:\/\/mathy-austria.com\/sl\/wp-json\/wp\/v2\/media?parent=1015"}],"wp:term":[{"taxonomy":"product_brand","embeddable":true,"href":"https:\/\/mathy-austria.com\/sl\/wp-json\/wp\/v2\/product_brand?post=1015"},{"taxonomy":"product_cat","embeddable":true,"href":"https:\/\/mathy-austria.com\/sl\/wp-json\/wp\/v2\/product_cat?post=1015"},{"taxonomy":"product_tag","embeddable":true,"href":"https:\/\/mathy-austria.com\/sl\/wp-json\/wp\/v2\/product_tag?post=1015"}],"curies":[{"name":"wp","href":"https:\/\/api.w.org\/{rel}","templated":true}]}}