{"id":2873,"date":"2020-10-21T15:22:10","date_gmt":"2020-10-21T13:22:10","guid":{"rendered":"https:\/\/mathy-austria.com\/?page_id=2873"},"modified":"2020-10-21T15:23:30","modified_gmt":"2020-10-21T13:23:30","slug":"fahrzeugpflege","status":"publish","type":"page","link":"https:\/\/mathy-austria.com\/sl\/anwendung\/offroad\/fahrzeugpflege\/","title":{"rendered":"Nega vozila"},"content":{"rendered":"<div data-elementor-type=\"wp-page\" data-elementor-id=\"2873\" class=\"elementor elementor-2873\" data-elementor-post-type=\"page\">\n\t\t\t\t\t\t<section class=\"elementor-section elementor-top-section elementor-element elementor-element-17d99ff elementor-section-boxed elementor-section-height-default elementor-section-height-default\" data-id=\"17d99ff\" data-element_type=\"section\" data-e-type=\"section\">\n\t\t\t\t\t\t<div class=\"elementor-container elementor-column-gap-default\">\n\t\t\t\t\t<div class=\"elementor-column elementor-col-100 elementor-top-column elementor-element elementor-element-722c005\" data-id=\"722c005\" data-element_type=\"column\" data-e-type=\"column\">\n\t\t\t<div class=\"elementor-widget-wrap elementor-element-populated\">\n\t\t\t\t\t\t<div class=\"elementor-element elementor-element-253b668 elementor-widget elementor-widget-text-editor\" data-id=\"253b668\" data-element_type=\"widget\" data-e-type=\"widget\" data-widget_type=\"text-editor.default\">\n\t\t\t\t<div class=\"elementor-widget-container\">\n\t\t\t\t\t\t\t\t\t<h1 class=\"\">Profesionalna nega povr\u0161in na osnovi akrila<\/h1><div id=\"c856\" class=\"frame frame-default frame-type-textmedia frame-layout-0\"><div class=\"ce-textpic ce-right ce-intext\"><div class=\"ce-bodytext\"><p class=\"lead\"><strong>Dolgotrajen in enostaven za uporabo<\/strong><\/p><p>TEC12 je nova vrsta nanoaktivnega izdelka za barvanje in nego povr\u0161in na osnovi akrila, ki se lahko uporablja na vseh lakiranih in gladkih povr\u0161inah. Umazanija in zunanji vplivi se na povr\u0161inah, obdelanih s sredstvom TEC12, prakti\u010dno ne oprimejo. Vodne kapljice se popolnoma odvalijo s zape\u010datene povr\u0161ine. Prava za\u0161\u010dita za uporabo na terenu.<\/p><\/div><\/div><\/div>\t\t\t\t\t\t\t\t<\/div>\n\t\t\t\t<\/div>\n\t\t\t\t<div class=\"elementor-element elementor-element-448852b elementor-widget elementor-widget-text-editor\" data-id=\"448852b\" data-element_type=\"widget\" data-e-type=\"widget\" data-widget_type=\"text-editor.default\">\n\t\t\t\t<div class=\"elementor-widget-container\">\n\t\t\t\t\t\t\t\t\t<h2>Prednosti na prvi pogled<\/h2><ul><li>Zanesljivo \u010disti umazane povr\u0161ine<\/li><li>Za\u0161\u010dita pred agresivnimi vplivi okolja<\/li><li>Osve\u017ei stare povr\u0161ine<\/li><li>Zagotavlja briljanten sijaj<\/li><li>Dolgotrajno tesnjenje<\/li><\/ul>\t\t\t\t\t\t\t\t<\/div>\n\t\t\t\t<\/div>\n\t\t\t\t\t<\/div>\n\t\t<\/div>\n\t\t\t\t\t<\/div>\n\t\t<\/section>\n\t\t\t\t<section class=\"elementor-section elementor-top-section elementor-element elementor-element-b971897 elementor-section-boxed elementor-section-height-default elementor-section-height-default\" data-id=\"b971897\" data-element_type=\"section\" data-e-type=\"section\">\n\t\t\t\t\t\t<div class=\"elementor-container elementor-column-gap-default\">\n\t\t\t\t\t<div class=\"elementor-column elementor-col-100 elementor-top-column elementor-element elementor-element-3a3f5af\" data-id=\"3a3f5af\" data-element_type=\"column\" data-e-type=\"column\">\n\t\t\t<div class=\"elementor-widget-wrap elementor-element-populated\">\n\t\t\t\t\t\t<div class=\"elementor-element elementor-element-63fa635 elementor-widget elementor-widget-text-editor\" data-id=\"63fa635\" data-element_type=\"widget\" data-e-type=\"widget\" data-widget_type=\"text-editor.default\">\n\t\t\t\t<div class=\"elementor-widget-container\">\n\t\t\t\t\t\t\t\t\t<div id=\"c1585\" class=\"frame frame-default frame-type-textmedia frame-layout-0\"><div class=\"ce-textpic ce-right ce-intext\"><div class=\"ce-bodytext\"><p><strong>Na\u0161a ponudba za popolno nego<\/strong><\/p><\/div><\/div><\/div>\t\t\t\t\t\t\t\t<\/div>\n\t\t\t\t<\/div>\n\t\t\t\t\t<\/div>\n\t\t<\/div>\n\t\t\t\t\t<\/div>\n\t\t<\/section>\n\t\t\t\t<\/div>","protected":false},"excerpt":{"rendered":"<p>Profesionalna nega povr\u0161in na akrilni osnovi. Dolgotrajna in enostavna za uporabo. TEC12 je nov, nanoaktivni izdelek za nego povr\u0161in na akrilni osnovi, ki se lahko uporablja na vseh barvanih in gladkih povr\u0161inah. Umazanija in zunanji vplivi se na povr\u0161inah, obdelanih s TEC12, le malo oprimejo. Kapljice vode se preprosto naberejo v obliki kapljic in se odkotalijo z zatesnjene povr\u0161ine. Popolna za\u0161\u010dita za uporabo na terenu. Prednosti pri\u2026<\/p>","protected":false},"author":1,"featured_media":0,"parent":2129,"menu_order":0,"comment_status":"closed","ping_status":"closed","template":"","meta":{"footnotes":""},"class_list":["post-2873","page","type-page","status-publish","hentry"],"_links":{"self":[{"href":"https:\/\/mathy-austria.com\/sl\/wp-json\/wp\/v2\/pages\/2873","targetHints":{"allow":["GET"]}}],"collection":[{"href":"https:\/\/mathy-austria.com\/sl\/wp-json\/wp\/v2\/pages"}],"about":[{"href":"https:\/\/mathy-austria.com\/sl\/wp-json\/wp\/v2\/types\/page"}],"author":[{"embeddable":true,"href":"https:\/\/mathy-austria.com\/sl\/wp-json\/wp\/v2\/users\/1"}],"replies":[{"embeddable":true,"href":"https:\/\/mathy-austria.com\/sl\/wp-json\/wp\/v2\/comments?post=2873"}],"version-history":[{"count":0,"href":"https:\/\/mathy-austria.com\/sl\/wp-json\/wp\/v2\/pages\/2873\/revisions"}],"up":[{"embeddable":true,"href":"https:\/\/mathy-austria.com\/sl\/wp-json\/wp\/v2\/pages\/2129"}],"wp:attachment":[{"href":"https:\/\/mathy-austria.com\/sl\/wp-json\/wp\/v2\/media?parent=2873"}],"curies":[{"name":"wp","href":"https:\/\/api.w.org\/{rel}","templated":true}]}}