{"id":2455,"date":"2020-09-01T13:18:26","date_gmt":"2020-09-01T11:18:26","guid":{"rendered":"https:\/\/mathy-austria.com\/?page_id=2455"},"modified":"2020-10-07T16:15:13","modified_gmt":"2020-10-07T14:15:13","slug":"fahrzeugpflege","status":"publish","type":"page","link":"https:\/\/mathy-austria.com\/sl\/anwendung\/tuning\/fahrzeugpflege\/","title":{"rendered":"Nega vozila"},"content":{"rendered":"<div data-elementor-type=\"wp-page\" data-elementor-id=\"2455\" class=\"elementor elementor-2455\" data-elementor-post-type=\"page\">\n\t\t\t\t\t\t<section class=\"elementor-section elementor-top-section elementor-element elementor-element-17d99ff elementor-section-boxed elementor-section-height-default elementor-section-height-default\" data-id=\"17d99ff\" data-element_type=\"section\" data-e-type=\"section\">\n\t\t\t\t\t\t<div class=\"elementor-container elementor-column-gap-default\">\n\t\t\t\t\t<div class=\"elementor-column elementor-col-100 elementor-top-column elementor-element elementor-element-722c005\" data-id=\"722c005\" data-element_type=\"column\" data-e-type=\"column\">\n\t\t\t<div class=\"elementor-widget-wrap elementor-element-populated\">\n\t\t\t\t\t\t<div class=\"elementor-element elementor-element-253b668 elementor-widget elementor-widget-text-editor\" data-id=\"253b668\" data-element_type=\"widget\" data-e-type=\"widget\" data-widget_type=\"text-editor.default\">\n\t\t\t\t<div class=\"elementor-widget-container\">\n\t\t\t\t\t\t\t\t\t<h1 class=\"\">Ugla\u0161evanje povr\u0161ine z ble\u0161\u010de\u010dim sijajem<\/h1><div id=\"c830\" class=\"frame frame-default frame-type-textmedia frame-layout-0\"><div class=\"ce-textpic ce-right ce-intext\"><div class=\"ce-bodytext\"><p class=\"lead\"><strong>Zaradi nove akrilne tehnologije ni ostankov poliranja<\/strong><\/p><p>Na\u0161a serija za nego TEC12 nudi navdu\u0161enim strokovnjakom za tuning popolno nego povr\u0161in. Za vse tri izdelke TEC12 je zna\u010dilna enostavna uporaba in dolgotrajna povr\u0161inska za\u0161\u010dita. Rezultati vas bodo navdu\u0161ili \u017ee po prvem \u010di\u0161\u010denju. \u00a0<\/p><\/div><\/div><\/div>\t\t\t\t\t\t\t\t<\/div>\n\t\t\t\t<\/div>\n\t\t\t\t<div class=\"elementor-element elementor-element-448852b elementor-widget elementor-widget-text-editor\" data-id=\"448852b\" data-element_type=\"widget\" data-e-type=\"widget\" data-widget_type=\"text-editor.default\">\n\t\t\t\t<div class=\"elementor-widget-container\">\n\t\t\t\t\t\t\t\t\t<h2>Prednosti na prvi pogled<\/h2><ul><li>Enostavna uporaba<\/li><li>Dolgotrajna povr\u0161inska za\u0161\u010dita<\/li><li>Brez progastega videza\u00a0<\/li><li>Najnovej\u0161a akrilna tehnologija<\/li><li>Briljanten sijaj<\/li><\/ul>\t\t\t\t\t\t\t\t<\/div>\n\t\t\t\t<\/div>\n\t\t\t\t\t<\/div>\n\t\t<\/div>\n\t\t\t\t\t<\/div>\n\t\t<\/section>\n\t\t\t\t<section class=\"elementor-section elementor-top-section elementor-element elementor-element-b971897 elementor-section-boxed elementor-section-height-default elementor-section-height-default\" data-id=\"b971897\" data-element_type=\"section\" data-e-type=\"section\">\n\t\t\t\t\t\t<div class=\"elementor-container elementor-column-gap-default\">\n\t\t\t\t\t<div class=\"elementor-column elementor-col-100 elementor-top-column elementor-element elementor-element-3a3f5af\" data-id=\"3a3f5af\" data-element_type=\"column\" data-e-type=\"column\">\n\t\t\t<div class=\"elementor-widget-wrap elementor-element-populated\">\n\t\t\t\t\t\t<div class=\"elementor-element elementor-element-63fa635 elementor-widget elementor-widget-text-editor\" data-id=\"63fa635\" data-element_type=\"widget\" data-e-type=\"widget\" data-widget_type=\"text-editor.default\">\n\t\t\t\t<div class=\"elementor-widget-container\">\n\t\t\t\t\t\t\t\t\t<div id=\"c1585\" class=\"frame frame-default frame-type-textmedia frame-layout-0\"><div class=\"ce-textpic ce-right ce-intext\"><div class=\"ce-bodytext\"><p><strong>Na\u0161a ponudba za popolno nego<\/strong><\/p><\/div><\/div><\/div>\t\t\t\t\t\t\t\t<\/div>\n\t\t\t\t<\/div>\n\t\t\t\t\t<\/div>\n\t\t<\/div>\n\t\t\t\t\t<\/div>\n\t\t<\/section>\n\t\t\t\t<\/div>","protected":false},"excerpt":{"rendered":"<p>Povr\u0161inska obdelava z briljantnim sijajem. Brez ostankov poliranja zaradi nove akrilne tehnologije. Na\u0161a serija za nego TEC12 ponuja navdu\u0161enim strokovnjakom za obdelavo popolno nego povr\u0161in. Trije izdelki TEC12 so enostavni za uporabo in zagotavljajo dolgotrajno za\u0161\u010dito povr\u0161in. Navdu\u0161eni boste nad rezultati \u017ee po prvem \u010di\u0161\u010denju. Prednosti na prvi pogled: Enostaven nanos, dolgotrajna za\u0161\u010dita povr\u0161in, brez lis, najnovej\u0161a akrilna tehnologija, briljanten sijaj ...<\/p>","protected":false},"author":1,"featured_media":0,"parent":2127,"menu_order":0,"comment_status":"closed","ping_status":"closed","template":"","meta":{"footnotes":""},"class_list":["post-2455","page","type-page","status-publish","hentry"],"_links":{"self":[{"href":"https:\/\/mathy-austria.com\/sl\/wp-json\/wp\/v2\/pages\/2455","targetHints":{"allow":["GET"]}}],"collection":[{"href":"https:\/\/mathy-austria.com\/sl\/wp-json\/wp\/v2\/pages"}],"about":[{"href":"https:\/\/mathy-austria.com\/sl\/wp-json\/wp\/v2\/types\/page"}],"author":[{"embeddable":true,"href":"https:\/\/mathy-austria.com\/sl\/wp-json\/wp\/v2\/users\/1"}],"replies":[{"embeddable":true,"href":"https:\/\/mathy-austria.com\/sl\/wp-json\/wp\/v2\/comments?post=2455"}],"version-history":[{"count":0,"href":"https:\/\/mathy-austria.com\/sl\/wp-json\/wp\/v2\/pages\/2455\/revisions"}],"up":[{"embeddable":true,"href":"https:\/\/mathy-austria.com\/sl\/wp-json\/wp\/v2\/pages\/2127"}],"wp:attachment":[{"href":"https:\/\/mathy-austria.com\/sl\/wp-json\/wp\/v2\/media?parent=2455"}],"curies":[{"name":"wp","href":"https:\/\/api.w.org\/{rel}","templated":true}]}}