{"id":2402,"date":"2020-08-20T15:11:31","date_gmt":"2020-08-20T13:11:31","guid":{"rendered":"https:\/\/mathy-austria.com\/?page_id=2402"},"modified":"2020-09-22T19:56:34","modified_gmt":"2020-09-22T17:56:34","slug":"kraftstoff-additive","status":"publish","type":"page","link":"https:\/\/mathy-austria.com\/sl\/anwendung\/motorrad\/kraftstoff-additive\/","title":{"rendered":"Dodatki za gorivo"},"content":{"rendered":"<div data-elementor-type=\"wp-page\" data-elementor-id=\"2402\" class=\"elementor elementor-2402\" data-elementor-post-type=\"page\">\n\t\t\t\t\t\t<section class=\"elementor-section elementor-top-section elementor-element elementor-element-17d99ff elementor-section-boxed elementor-section-height-default elementor-section-height-default\" data-id=\"17d99ff\" data-element_type=\"section\" data-e-type=\"section\">\n\t\t\t\t\t\t<div class=\"elementor-container elementor-column-gap-default\">\n\t\t\t\t\t<div class=\"elementor-column elementor-col-100 elementor-top-column elementor-element elementor-element-722c005\" data-id=\"722c005\" data-element_type=\"column\" data-e-type=\"column\">\n\t\t\t<div class=\"elementor-widget-wrap elementor-element-populated\">\n\t\t\t\t\t\t<div class=\"elementor-element elementor-element-253b668 elementor-widget elementor-widget-text-editor\" data-id=\"253b668\" data-element_type=\"widget\" data-e-type=\"widget\" data-widget_type=\"text-editor.default\">\n\t\t\t\t<div class=\"elementor-widget-container\">\n\t\t\t\t\t\t\t\t\t<h1>Zelo u\u010dinkovit in enostaven za uporabo<\/h1><p><strong>Le delujo\u010d sistem za gorivo zagotavlja mo\u010d kolesu.<\/strong><\/p><p>Aditivi za gorivo MATHY so \u017ee vrsto let dobro znani tudi na podro\u010dju motornih koles. Redno dodajanje dodatkov MATHY v rezervoar za gorivo ne\u017eno obnovi polno zmogljivost sistema za gorivo in pomaga ohranjati njegovo vrednost. Sestavine za \u010di\u0161\u010denje trajnostno izbolj\u0161ajo proces izgorevanja in optimizirajo porabo goriva.<\/p>\t\t\t\t\t\t\t\t<\/div>\n\t\t\t\t<\/div>\n\t\t\t\t<div class=\"elementor-element elementor-element-448852b elementor-widget elementor-widget-text-editor\" data-id=\"448852b\" data-element_type=\"widget\" data-e-type=\"widget\" data-widget_type=\"text-editor.default\">\n\t\t\t\t<div class=\"elementor-widget-container\">\n\t\t\t\t\t\t\t\t\t<h2>Prednosti na prvi pogled<\/h2><ul><li>O\u010distite celoten sistem za gorivo.<\/li><li>Optimizacija porabe goriva<\/li><li>Izbolj\u0161a proces izgorevanja<\/li><li>Zmanj\u0161anje emisij NOx<\/li><li>Izbolj\u0161uje obna\u0161anje pri zagonu<\/li><\/ul>\t\t\t\t\t\t\t\t<\/div>\n\t\t\t\t<\/div>\n\t\t\t\t\t<\/div>\n\t\t<\/div>\n\t\t\t\t\t<\/div>\n\t\t<\/section>\n\t\t\t\t<section class=\"elementor-section elementor-top-section elementor-element elementor-element-94528d8 elementor-section-boxed elementor-section-height-default elementor-section-height-default\" data-id=\"94528d8\" data-element_type=\"section\" data-e-type=\"section\">\n\t\t\t\t\t\t<div class=\"elementor-container elementor-column-gap-default\">\n\t\t\t\t\t<div class=\"elementor-column elementor-col-100 elementor-top-column elementor-element elementor-element-2d5524d4\" data-id=\"2d5524d4\" data-element_type=\"column\" data-e-type=\"column\">\n\t\t\t<div class=\"elementor-widget-wrap elementor-element-populated\">\n\t\t\t\t\t\t<div class=\"elementor-element elementor-element-14790e9e elementor-widget elementor-widget-heading\" data-id=\"14790e9e\" data-element_type=\"widget\" data-e-type=\"widget\" data-widget_type=\"heading.default\">\n\t\t\t\t<div class=\"elementor-widget-container\">\n\t\t\t\t\t<h2 class=\"elementor-heading-title elementor-size-default\">Pogosto zastavljena vpra\u0161anja ali te\u017eave, ki se pojavljajo.<\/h2>\t\t\t\t<\/div>\n\t\t\t\t<\/div>\n\t\t\t\t<div class=\"elementor-element elementor-element-4f9f1ee5 elementor-widget elementor-widget-accordion\" data-id=\"4f9f1ee5\" data-element_type=\"widget\" data-e-type=\"widget\" data-widget_type=\"accordion.default\">\n\t\t\t\t<div class=\"elementor-widget-container\">\n\t\t\t\t\t\t\t<div class=\"elementor-accordion\">\n\t\t\t\t\t\t\t<div class=\"elementor-accordion-item\">\n\t\t\t\t\t<div id=\"elementor-tab-title-1331\" class=\"elementor-tab-title\" data-tab=\"1\" role=\"button\" aria-controls=\"elementor-tab-content-1331\" aria-expanded=\"false\">\n\t\t\t\t\t\t\t\t\t\t\t\t\t<span class=\"elementor-accordion-icon elementor-accordion-icon-left\" aria-hidden=\"true\">\n\t\t\t\t\t\t\t\t\t\t\t\t\t\t\t<span class=\"elementor-accordion-icon-closed\"><i class=\"fas fa-plus\"><\/i><\/span>\n\t\t\t\t\t\t\t\t<span class=\"elementor-accordion-icon-opened\"><i class=\"fas fa-minus\"><\/i><\/span>\n\t\t\t\t\t\t\t\t\t\t\t\t\t\t<\/span>\n\t\t\t\t\t\t\t\t\t\t\t\t<a class=\"elementor-accordion-title\" tabindex=\"0\">Kako se uporabljajo dodatki za gorivo MATHY?<\/a>\n\t\t\t\t\t<\/div>\n\t\t\t\t\t<div id=\"elementor-tab-content-1331\" class=\"elementor-tab-content elementor-clearfix\" data-tab=\"1\" role=\"region\" aria-labelledby=\"elementor-tab-title-1331\"><section class=\"m-accordion-item js-accordion-item m-accordion--open\"><div class=\"m-accordion-content js-accordion-content\"><section class=\"m-accordion-item js-accordion-item m-accordion--open\"><div class=\"m-accordion-content js-accordion-content\"><p>Uporaba dodatkov za gorivo MATHY je zelo preprosta. Dodatek za gorivo dodajte v skoraj prazen rezervoar neposredno pred polnjenjem in nato nato\u010dite gorivo.<\/p><\/div><\/section><section class=\"m-accordion-item js-accordion-item\"><\/section><\/div><\/section><section class=\"m-accordion-item js-accordion-item\"><\/section><\/div>\n\t\t\t\t<\/div>\n\t\t\t\t\t\t\t<div class=\"elementor-accordion-item\">\n\t\t\t\t\t<div id=\"elementor-tab-title-1332\" class=\"elementor-tab-title\" data-tab=\"2\" role=\"button\" aria-controls=\"elementor-tab-content-1332\" aria-expanded=\"false\">\n\t\t\t\t\t\t\t\t\t\t\t\t\t<span class=\"elementor-accordion-icon elementor-accordion-icon-left\" aria-hidden=\"true\">\n\t\t\t\t\t\t\t\t\t\t\t\t\t\t\t<span class=\"elementor-accordion-icon-closed\"><i class=\"fas fa-plus\"><\/i><\/span>\n\t\t\t\t\t\t\t\t<span class=\"elementor-accordion-icon-opened\"><i class=\"fas fa-minus\"><\/i><\/span>\n\t\t\t\t\t\t\t\t\t\t\t\t\t\t<\/span>\n\t\t\t\t\t\t\t\t\t\t\t\t<a class=\"elementor-accordion-title\" tabindex=\"0\">Kako pogosto je treba uporabljati dodatke za gorivo MATHY?<\/a>\n\t\t\t\t\t<\/div>\n\t\t\t\t\t<div id=\"elementor-tab-content-1332\" class=\"elementor-tab-content elementor-clearfix\" data-tab=\"2\" role=\"region\" aria-labelledby=\"elementor-tab-title-1332\"><section class=\"m-accordion-item js-accordion-item m-accordion--open\"><div class=\"m-accordion-content js-accordion-content\"><p>Priporo\u010damo stalno dodajanje dodatka za gorivo MATHY-F. Ne\u017eno \u010disti in dolgoro\u010dno ohranja \u010disto\u010do gorivnega sistema in zgorevalnega prostora.<\/p><\/div><\/section><section class=\"m-accordion-item js-accordion-item\"><\/section><\/div>\n\t\t\t\t<\/div>\n\t\t\t\t\t\t\t<div class=\"elementor-accordion-item\">\n\t\t\t\t\t<div id=\"elementor-tab-title-1333\" class=\"elementor-tab-title\" data-tab=\"3\" role=\"button\" aria-controls=\"elementor-tab-content-1333\" aria-expanded=\"false\">\n\t\t\t\t\t\t\t\t\t\t\t\t\t<span class=\"elementor-accordion-icon elementor-accordion-icon-left\" aria-hidden=\"true\">\n\t\t\t\t\t\t\t\t\t\t\t\t\t\t\t<span class=\"elementor-accordion-icon-closed\"><i class=\"fas fa-plus\"><\/i><\/span>\n\t\t\t\t\t\t\t\t<span class=\"elementor-accordion-icon-opened\"><i class=\"fas fa-minus\"><\/i><\/span>\n\t\t\t\t\t\t\t\t\t\t\t\t\t\t<\/span>\n\t\t\t\t\t\t\t\t\t\t\t\t<a class=\"elementor-accordion-title\" tabindex=\"0\">Ali dodajanje dodatkov za gorivo MATHY vpliva na porabo goriva?<\/a>\n\t\t\t\t\t<\/div>\n\t\t\t\t\t<div id=\"elementor-tab-content-1333\" class=\"elementor-tab-content elementor-clearfix\" data-tab=\"3\" role=\"region\" aria-labelledby=\"elementor-tab-title-1333\"><section class=\"m-accordion-item js-accordion-item m-accordion--open\"><div class=\"m-accordion-content js-accordion-content\"><p>U\u010dinkovito deluje le brezhibno delujo\u010d sistem za gorivo. \u010ce se iz onesna\u017eenega sistema odstrani koks, se optimizira tudi poraba goriva. \u00a0<\/p><\/div><\/section><section class=\"m-accordion-item js-accordion-item js-accordion-item--last\"><\/section><\/div>\n\t\t\t\t<\/div>\n\t\t\t\t\t\t\t<div class=\"elementor-accordion-item\">\n\t\t\t\t\t<div id=\"elementor-tab-title-1334\" class=\"elementor-tab-title\" data-tab=\"4\" role=\"button\" aria-controls=\"elementor-tab-content-1334\" aria-expanded=\"false\">\n\t\t\t\t\t\t\t\t\t\t\t\t\t<span class=\"elementor-accordion-icon elementor-accordion-icon-left\" aria-hidden=\"true\">\n\t\t\t\t\t\t\t\t\t\t\t\t\t\t\t<span class=\"elementor-accordion-icon-closed\"><i class=\"fas fa-plus\"><\/i><\/span>\n\t\t\t\t\t\t\t\t<span class=\"elementor-accordion-icon-opened\"><i class=\"fas fa-minus\"><\/i><\/span>\n\t\t\t\t\t\t\t\t\t\t\t\t\t\t<\/span>\n\t\t\t\t\t\t\t\t\t\t\t\t<a class=\"elementor-accordion-title\" tabindex=\"0\">Ali je mogo\u010de po zimskih po\u010ditnicah zmanj\u0161ati te\u017eave pri za\u010detku pouka?<\/a>\n\t\t\t\t\t<\/div>\n\t\t\t\t\t<div id=\"elementor-tab-content-1334\" class=\"elementor-tab-content elementor-clearfix\" data-tab=\"4\" role=\"region\" aria-labelledby=\"elementor-tab-title-1334\"><div class=\"m-accordion js-accordion\"><section class=\"m-accordion-item js-accordion-item js-accordion-item--last m-accordion--open\"><div class=\"m-accordion-content js-accordion-content\"><p>Ko po zimskem premoru za\u017eenete motorje, motor vedno deluje neenakomerno. Eden od razlogov za to je padec oktanskega \u0161tevila. Sestavni deli zaradi izostankov (pozimi) izhlapevajo v okoli\u0161ki zrak. S tem se zmanj\u0161a kakovost bencinskega goriva. \u010ce bencinsko gorivo nima ve\u010d dovolj visokega oktanskega \u0161tevila, je proces zgorevanja moten in motor deluje neenakomerno.\u00a0\u00a0<\/p><\/div><\/section><\/div><\/div>\n\t\t\t\t<\/div>\n\t\t\t\t\t\t\t\t<\/div>\n\t\t\t\t\t\t<\/div>\n\t\t\t\t<\/div>\n\t\t\t\t\t<\/div>\n\t\t<\/div>\n\t\t\t\t\t<\/div>\n\t\t<\/section>\n\t\t\t\t<section class=\"elementor-section elementor-top-section elementor-element elementor-element-b971897 elementor-section-boxed elementor-section-height-default elementor-section-height-default\" data-id=\"b971897\" data-element_type=\"section\" data-e-type=\"section\">\n\t\t\t\t\t\t<div class=\"elementor-container elementor-column-gap-default\">\n\t\t\t\t\t<div class=\"elementor-column elementor-col-100 elementor-top-column elementor-element elementor-element-3a3f5af\" data-id=\"3a3f5af\" data-element_type=\"column\" data-e-type=\"column\">\n\t\t\t<div class=\"elementor-widget-wrap elementor-element-populated\">\n\t\t\t\t\t\t<div class=\"elementor-element elementor-element-63fa635 elementor-widget elementor-widget-text-editor\" data-id=\"63fa635\" data-element_type=\"widget\" data-e-type=\"widget\" data-widget_type=\"text-editor.default\">\n\t\t\t\t<div class=\"elementor-widget-container\">\n\t\t\t\t\t\t\t\t\t<div id=\"c1583\" class=\"frame frame-default frame-type-textmedia frame-layout-0\"><div class=\"ce-textpic ce-right ce-intext\"><div class=\"ce-bodytext\"><strong>Na\u0161i re\u0161itelji te\u017eav za \u010dist sistem za gorivo\u00a0<\/strong><\/div><\/div><\/div>\t\t\t\t\t\t\t\t<\/div>\n\t\t\t\t<\/div>\n\t\t\t\t<div class=\"elementor-element elementor-element-7ac161f elementor-widget elementor-widget-the7-elements-woo-carousel\" data-id=\"7ac161f\" data-element_type=\"widget\" data-e-type=\"widget\" data-widget_type=\"the7-elements-woo-carousel.default\">\n\t\t\t\t<div class=\"elementor-widget-container\">\n\t\t\t\t\t<div class=\"owl-carousel products-carousel-shortcode dt-owl-carousel-call the7-elements-woo-carousel-7ac161f cart-btn-below-img bullets-small-dot-stroke reposition-arrows arrows-bg-on dt-arrow-border-on dt-arrow-hover-border-on disable-arrows-hover-bg arrows-hover-bg-on wc-img-hover hide-description\" data-scroll-mode=\"1\" data-wide-col-num=\"4\" data-col-num=\"3\" data-laptop-col=\"3\" data-h-tablet-columns-num=\"2\" data-v-tablet-columns-num=\"2\" data-phone-columns-num=\"1\" data-auto-height=\"false\" data-col-gap=\"15\" data-stage-padding=\"0\" data-speed=\"600\" data-autoplay=\"false\" data-autoplay_speed=\"6000\" data-arrows=\"true\" data-bullet=\"false\" data-next-icon=\"fas fa-chevron-right\" data-prev-icon=\"fas fa-chevron-left\"><article class=\"post post-904 product type-product status-publish has-post-thumbnail product_brand-mvg-mathe-schmierstofftechnik-gmbh product_cat-kraftstoffsystem description-off first instock taxable shipping-taxable purchasable product-type-variable\" ><figure class=\"woocom-project\">\n\t<div class=\"woo-buttons-on-img\">\n\n\t\t<a href=\"https:\/\/mathy-austria.com\/sl\/izdelek\/mathy-be\/\" class=\"alignnone layzr-bg\"><img fetchpriority=\"high\" decoding=\"async\" width=\"300\" height=\"300\" src=\"data:image\/svg+xml;charset=utf-8,%3Csvg xmlns%3D&#039;http%3A%2F%2Fwww.w3.org%2F2000%2Fsvg&#039; viewBox%3D&#039;0 0 300 300&#039;%2F%3E\" class=\"attachment-woocommerce_thumbnail size-woocommerce_thumbnail owl-lazy-load preload-me\" alt=\"MATHY-BE\" data-src=\"https:\/\/mathy-austria.com\/wp-content\/uploads\/2019\/08\/products-mathy-be_benzin-systemreiniger_250ml-300x300.jpg\" data-srcset=\"https:\/\/mathy-austria.com\/wp-content\/uploads\/2019\/08\/products-mathy-be_benzin-systemreiniger_250ml-300x300.jpg 300w, https:\/\/mathy-austria.com\/wp-content\/uploads\/2019\/08\/products-mathy-be_benzin-systemreiniger_250ml-200x200.jpg 200w, https:\/\/mathy-austria.com\/wp-content\/uploads\/2019\/08\/products-mathy-be_benzin-systemreiniger_250ml.jpg 150w, https:\/\/mathy-austria.com\/wp-content\/uploads\/2019\/08\/products-mathy-be_benzin-systemreiniger_250ml.jpg 475w\" \/><img decoding=\"async\" width=\"300\" height=\"300\" src=\"data:image\/svg+xml;charset=utf-8,%3Csvg xmlns%3D&#039;http%3A%2F%2Fwww.w3.org%2F2000%2Fsvg&#039; viewBox%3D&#039;0 0 300 300&#039;%2F%3E\" class=\"show-on-hover back-image owl-lazy-load preload-me\" alt=\"\" data-src=\"https:\/\/mathy-austria.com\/wp-content\/uploads\/2014\/04\/mathy-be-benzin-Systemreiniger_3x2500ml-300x300.jpg\" data-srcset=\"https:\/\/mathy-austria.com\/wp-content\/uploads\/2014\/04\/mathy-be-benzin-Systemreiniger_3x2500ml-300x300.jpg 300w, https:\/\/mathy-austria.com\/wp-content\/uploads\/2014\/04\/mathy-be-benzin-Systemreiniger_3x2500ml-1024x1024.jpg 1024w, https:\/\/mathy-austria.com\/wp-content\/uploads\/2014\/04\/mathy-be-benzin-Systemreiniger_3x2500ml-150x150.jpg 150w, https:\/\/mathy-austria.com\/wp-content\/uploads\/2014\/04\/mathy-be-benzin-Systemreiniger_3x2500ml-768x768.jpg 768w, https:\/\/mathy-austria.com\/wp-content\/uploads\/2014\/04\/mathy-be-benzin-Systemreiniger_3x2500ml-1536x1536.jpg 1536w, https:\/\/mathy-austria.com\/wp-content\/uploads\/2014\/04\/mathy-be-benzin-Systemreiniger_3x2500ml-600x600.jpg 600w, https:\/\/mathy-austria.com\/wp-content\/uploads\/2014\/04\/mathy-be-benzin-Systemreiniger_3x2500ml-200x200.jpg 200w, https:\/\/mathy-austria.com\/wp-content\/uploads\/2014\/04\/mathy-be-benzin-Systemreiniger_3x2500ml.jpg 1772w\" \/><\/a>\n\t<\/div>\n\t<figcaption class=\"woocom-list-content\">\n\n\t\t<div class=\"woo-buttons\"><a href=\"https:\/\/mathy-austria.com\/sl\/izdelek\/mathy-be\/\" aria-describedby=\"woocommerce_loop_add_to_cart_link_describedby_904\" data-quantity=\"1\" class=\"product_type_variable add_to_cart_button\" data-product_id=\"904\" data-product_sku=\"1270-999\" aria-label=\"Izberite mo\u017enosti za \u201cMATHY-BE\u201d\" rel=\"nofollow\" data-no-translation=\"\" data-trp-gettext=\"\" data-no-translation-aria-label=\"\">Izberite mo\u017enosti<\/a>\t<span id=\"woocommerce_loop_add_to_cart_link_describedby_904\" class=\"screen-reader-text\">\n\t\tTa izdelek ima ve\u010d razli\u010dic. Mo\u017enosti lahko izberete na strani izdelka\t<\/span>\n<\/div>\n\t<\/figcaption>\n<\/figure>\n<\/article><\/div>\t\t\t\t<\/div>\n\t\t\t\t<\/div>\n\t\t\t\t\t<\/div>\n\t\t<\/div>\n\t\t\t\t\t<\/div>\n\t\t<\/section>\n\t\t\t\t<\/div>","protected":false},"excerpt":{"rendered":"<p>Zelo u\u010dinkovit in enostaven za uporabo. Le delujo\u010d sistem za gorivo zagotavlja mo\u010d motorju. Dodatki za gorivo MATHY so v motociklisti\u010dni industriji dobro znani \u017ee vrsto let. Redno dodajanje dodatkov MATHY v rezervoar za gorivo ne\u017eno obnovi polno zmogljivost sistema za gorivo in prispeva k ohranjanju njegove vrednosti. \u010cistilne komponente trajnostno izbolj\u0161ajo proces zgorevanja ...<\/p>","protected":false},"author":1,"featured_media":0,"parent":2125,"menu_order":0,"comment_status":"closed","ping_status":"closed","template":"","meta":{"footnotes":""},"class_list":["post-2402","page","type-page","status-publish","hentry"],"_links":{"self":[{"href":"https:\/\/mathy-austria.com\/sl\/wp-json\/wp\/v2\/pages\/2402","targetHints":{"allow":["GET"]}}],"collection":[{"href":"https:\/\/mathy-austria.com\/sl\/wp-json\/wp\/v2\/pages"}],"about":[{"href":"https:\/\/mathy-austria.com\/sl\/wp-json\/wp\/v2\/types\/page"}],"author":[{"embeddable":true,"href":"https:\/\/mathy-austria.com\/sl\/wp-json\/wp\/v2\/users\/1"}],"replies":[{"embeddable":true,"href":"https:\/\/mathy-austria.com\/sl\/wp-json\/wp\/v2\/comments?post=2402"}],"version-history":[{"count":0,"href":"https:\/\/mathy-austria.com\/sl\/wp-json\/wp\/v2\/pages\/2402\/revisions"}],"up":[{"embeddable":true,"href":"https:\/\/mathy-austria.com\/sl\/wp-json\/wp\/v2\/pages\/2125"}],"wp:attachment":[{"href":"https:\/\/mathy-austria.com\/sl\/wp-json\/wp\/v2\/media?parent=2402"}],"curies":[{"name":"wp","href":"https:\/\/api.w.org\/{rel}","templated":true}]}}