{"id":2386,"date":"2020-08-20T14:06:51","date_gmt":"2020-08-20T12:06:51","guid":{"rendered":"https:\/\/mathy-austria.com\/?page_id=2386"},"modified":"2020-09-22T20:00:25","modified_gmt":"2020-09-22T18:00:25","slug":"fahrzeugpflege","status":"publish","type":"page","link":"https:\/\/mathy-austria.com\/sl\/anwendung\/pkw\/fahrzeugpflege\/","title":{"rendered":"Nega vozila"},"content":{"rendered":"<div data-elementor-type=\"wp-page\" data-elementor-id=\"2386\" class=\"elementor elementor-2386\" data-elementor-post-type=\"page\">\n\t\t\t\t\t\t<section class=\"elementor-section elementor-top-section elementor-element elementor-element-17d99ff elementor-section-boxed elementor-section-height-default elementor-section-height-default\" data-id=\"17d99ff\" data-element_type=\"section\" data-e-type=\"section\">\n\t\t\t\t\t\t<div class=\"elementor-container elementor-column-gap-default\">\n\t\t\t\t\t<div class=\"elementor-column elementor-col-100 elementor-top-column elementor-element elementor-element-722c005\" data-id=\"722c005\" data-element_type=\"column\" data-e-type=\"column\">\n\t\t\t<div class=\"elementor-widget-wrap elementor-element-populated\">\n\t\t\t\t\t\t<div class=\"elementor-element elementor-element-253b668 elementor-widget elementor-widget-text-editor\" data-id=\"253b668\" data-element_type=\"widget\" data-e-type=\"widget\" data-widget_type=\"text-editor.default\">\n\t\t\t\t<div class=\"elementor-widget-container\">\n\t\t\t\t\t\t\t\t\t<h1>TEC12 \u2013 Fahrzeugpflege der n\u00e4chsten Generation<\/h1><p>Unsere neue Pflegeserie \u00fcberzeugt mit einer neuartigen Akryltechnologie. Alle drei Produkte sind einfach in ihrer Anwendung und zeichnen sich durch eine lang anhaltende Wirkung aus. Sch\u00fctzen Sie strapazierte Lackoberfl\u00e4chen vor allen Witterungseinfl\u00fcssen.<\/p>\t\t\t\t\t\t\t\t<\/div>\n\t\t\t\t<\/div>\n\t\t\t\t<div class=\"elementor-element elementor-element-448852b elementor-widget elementor-widget-text-editor\" data-id=\"448852b\" data-element_type=\"widget\" data-e-type=\"widget\" data-widget_type=\"text-editor.default\">\n\t\t\t\t<div class=\"elementor-widget-container\">\n\t\t\t\t\t\t\t\t\t<h2>Prednosti na prvi pogled<\/h2><ul><li>Fahrzeugpflege auf Profiniveau<\/li><li>Langanhaltende Oberfl\u00e4chenpflege<\/li><li>Enostavna uporaba<\/li><li>Entfernt selbst starken Schmutz<\/li><li>Versiegelt und sch\u00fctzt Oberfl\u00e4chen<\/li><\/ul>\t\t\t\t\t\t\t\t<\/div>\n\t\t\t\t<\/div>\n\t\t\t\t\t<\/div>\n\t\t<\/div>\n\t\t\t\t\t<\/div>\n\t\t<\/section>\n\t\t\t\t<section class=\"elementor-section elementor-top-section elementor-element elementor-element-b971897 elementor-section-boxed elementor-section-height-default elementor-section-height-default\" data-id=\"b971897\" data-element_type=\"section\" data-e-type=\"section\">\n\t\t\t\t\t\t<div class=\"elementor-container elementor-column-gap-default\">\n\t\t\t\t\t<div class=\"elementor-column elementor-col-100 elementor-top-column elementor-element elementor-element-3a3f5af\" data-id=\"3a3f5af\" data-element_type=\"column\" data-e-type=\"column\">\n\t\t\t<div class=\"elementor-widget-wrap elementor-element-populated\">\n\t\t\t\t\t\t<div class=\"elementor-element elementor-element-63fa635 elementor-widget elementor-widget-text-editor\" data-id=\"63fa635\" data-element_type=\"widget\" data-e-type=\"widget\" data-widget_type=\"text-editor.default\">\n\t\t\t\t<div class=\"elementor-widget-container\">\n\t\t\t\t\t\t\t\t\t<p><strong>Unsere Produkte f\u00fcr eine optimale Oberfl\u00e4chenpflege von Autolack und Felge<\/strong><\/p>\t\t\t\t\t\t\t\t<\/div>\n\t\t\t\t<\/div>\n\t\t\t\t\t<\/div>\n\t\t<\/div>\n\t\t\t\t\t<\/div>\n\t\t<\/section>\n\t\t\t\t<\/div>","protected":false},"excerpt":{"rendered":"<p>TEC12 \u2013 Nega vozil naslednje generacije Na\u0161a nova serija izdelkov za nego navdu\u0161uje z inovativno akrilno tehnologijo. Vsi trije izdelki so enostavni za uporabo in zagotavljajo dolgotrajne rezultate. Za\u0161\u010ditijo obremenjene lakirane povr\u0161ine pred vsemi vremenskimi vplivi. Prednosti na prvi pogled Profesionalna nega vozil Dolgotrajna nega povr\u0161in Enostavna uporaba Odstrani tudi trdovratno umazanijo Zatesni in za\u0161\u010diti\u2026<\/p>","protected":false},"author":1,"featured_media":0,"parent":624,"menu_order":0,"comment_status":"closed","ping_status":"closed","template":"","meta":{"footnotes":""},"class_list":["post-2386","page","type-page","status-publish","hentry"],"_links":{"self":[{"href":"https:\/\/mathy-austria.com\/sl\/wp-json\/wp\/v2\/pages\/2386","targetHints":{"allow":["GET"]}}],"collection":[{"href":"https:\/\/mathy-austria.com\/sl\/wp-json\/wp\/v2\/pages"}],"about":[{"href":"https:\/\/mathy-austria.com\/sl\/wp-json\/wp\/v2\/types\/page"}],"author":[{"embeddable":true,"href":"https:\/\/mathy-austria.com\/sl\/wp-json\/wp\/v2\/users\/1"}],"replies":[{"embeddable":true,"href":"https:\/\/mathy-austria.com\/sl\/wp-json\/wp\/v2\/comments?post=2386"}],"version-history":[{"count":0,"href":"https:\/\/mathy-austria.com\/sl\/wp-json\/wp\/v2\/pages\/2386\/revisions"}],"up":[{"embeddable":true,"href":"https:\/\/mathy-austria.com\/sl\/wp-json\/wp\/v2\/pages\/624"}],"wp:attachment":[{"href":"https:\/\/mathy-austria.com\/sl\/wp-json\/wp\/v2\/media?parent=2386"}],"curies":[{"name":"wp","href":"https:\/\/api.w.org\/{rel}","templated":true}]}}