{"id":2128,"date":"2020-07-17T09:51:05","date_gmt":"2020-07-17T07:51:05","guid":{"rendered":"https:\/\/mathy-austria.com\/?page_id=2128"},"modified":"2020-10-22T11:19:09","modified_gmt":"2020-10-22T09:19:09","slug":"oldtimer","status":"publish","type":"page","link":"https:\/\/mathy-austria.com\/sl\/anwendung\/oldtimer\/","title":{"rendered":"Starodobni avtomobil"},"content":{"rendered":"<div data-elementor-type=\"wp-page\" data-elementor-id=\"2128\" class=\"elementor elementor-2128\" data-elementor-post-type=\"page\">\n\t\t\t\t\t\t<section class=\"elementor-section elementor-top-section elementor-element elementor-element-6164498 elementor-section-boxed elementor-section-height-default elementor-section-height-default\" data-id=\"6164498\" data-element_type=\"section\" data-e-type=\"section\">\n\t\t\t\t\t\t<div class=\"elementor-container elementor-column-gap-default\">\n\t\t\t\t\t<div class=\"elementor-column elementor-col-100 elementor-top-column elementor-element elementor-element-51ac624\" data-id=\"51ac624\" data-element_type=\"column\" data-e-type=\"column\">\n\t\t\t<div class=\"elementor-widget-wrap elementor-element-populated\">\n\t\t\t\t\t\t<div class=\"elementor-element elementor-element-7be1869 elementor-widget elementor-widget-text-editor\" data-id=\"7be1869\" data-element_type=\"widget\" data-e-type=\"widget\" data-widget_type=\"text-editor.default\">\n\t\t\t\t<div class=\"elementor-widget-container\">\n\t\t\t\t\t\t\t\t\t<h1>Einfache Anwendung und optimaler Schutz\u200b\u00a0<\/h1><p class=\"lead\"><strong>Langlebigkeit f\u00fcr Young- und Oldtimer ist unserer St\u00e4rke<\/strong><\/p><p>Wer in seinem Leben einmal die M\u00f6glichkeit hatte, ein altes Fahrzeug zu fahren, kennt den Sprung in eine andere Welt. Das Leben ist hier beschaulicher, die Technik direkter. Man sp\u00fcrt die Mechanik unter einem werkeln und lauscht den Ger\u00e4uschen. Vielleicht geht es Ihnen ja \u00e4hnlich. Diese sch\u00f6ne alte Welt soll Ihnen m\u00f6glichst lange erhalten bleiben. Motor und Fahrzeug sollen lange leben. Das ist der Grund, aus dem wir vor \u00fcber 30 Jahren die geniale Schmierstofftechnik von Otto Math\u00e9 \u00fcbernommen haben. 70 Jahre Erfahrung in der Entwicklung von Schmierstoffen und Additiven geben Ihnen die Sicherheit auf Qualit\u00e4tsprodukte.<\/p>\t\t\t\t\t\t\t\t<\/div>\n\t\t\t\t<\/div>\n\t\t\t\t<div class=\"elementor-element elementor-element-611eb60 elementor-widget elementor-widget-text-editor\" data-id=\"611eb60\" data-element_type=\"widget\" data-e-type=\"widget\" data-widget_type=\"text-editor.default\">\n\t\t\t\t<div class=\"elementor-widget-container\">\n\t\t\t\t\t\t\t\t\t<div class=\"page-header\"><h2 class=\"vorteile\">To so va\u0161e prednosti.<\/h2><ul class=\"csc-bulletlist csc-bulletlist-0\"><li>Prepre\u010duje korozijo<\/li><li>Zmanj\u0161a obrabo<\/li><li>Sch\u00fctzt vor Standsch\u00e4den<\/li><li>Pove\u010duje varnost pri delu<\/li><li>Izbolj\u0161uje obna\u0161anje pri zagonu<\/li><\/ul><\/div>\t\t\t\t\t\t\t\t<\/div>\n\t\t\t\t<\/div>\n\t\t\t\t\t<\/div>\n\t\t<\/div>\n\t\t\t\t\t<\/div>\n\t\t<\/section>\n\t\t\t\t<section class=\"elementor-section elementor-top-section elementor-element elementor-element-1d189f7f elementor-section-boxed elementor-section-height-default elementor-section-height-default\" data-id=\"1d189f7f\" data-element_type=\"section\" data-e-type=\"section\">\n\t\t\t\t\t\t<div class=\"elementor-container elementor-column-gap-default\">\n\t\t\t\t\t<div class=\"elementor-column elementor-col-100 elementor-top-column elementor-element elementor-element-685fa778\" data-id=\"685fa778\" data-element_type=\"column\" data-e-type=\"column\">\n\t\t\t<div class=\"elementor-widget-wrap elementor-element-populated\">\n\t\t\t\t\t\t<div class=\"elementor-element elementor-element-66c1ff2b elementor-widget elementor-widget-heading\" data-id=\"66c1ff2b\" data-element_type=\"widget\" data-e-type=\"widget\" data-widget_type=\"heading.default\">\n\t\t\t\t<div class=\"elementor-widget-container\">\n\t\t\t\t\t<h2 class=\"elementor-heading-title elementor-size-default\">Die h\u00e4ufigsten Fragen rund um die Anwendung im Oldtimer<\/h2>\t\t\t\t<\/div>\n\t\t\t\t<\/div>\n\t\t\t\t<div class=\"elementor-element elementor-element-382b2e55 elementor-widget elementor-widget-accordion\" data-id=\"382b2e55\" data-element_type=\"widget\" data-e-type=\"widget\" data-widget_type=\"accordion.default\">\n\t\t\t\t<div class=\"elementor-widget-container\">\n\t\t\t\t\t\t\t<div class=\"elementor-accordion\">\n\t\t\t\t\t\t\t<div class=\"elementor-accordion-item\">\n\t\t\t\t\t<div id=\"elementor-tab-title-9421\" class=\"elementor-tab-title\" data-tab=\"1\" role=\"button\" aria-controls=\"elementor-tab-content-9421\" aria-expanded=\"false\">\n\t\t\t\t\t\t\t\t\t\t\t\t\t<span class=\"elementor-accordion-icon elementor-accordion-icon-left\" aria-hidden=\"true\">\n\t\t\t\t\t\t\t\t\t\t\t\t\t\t\t<span class=\"elementor-accordion-icon-closed\"><i class=\"fas fa-plus\"><\/i><\/span>\n\t\t\t\t\t\t\t\t<span class=\"elementor-accordion-icon-opened\"><i class=\"fas fa-minus\"><\/i><\/span>\n\t\t\t\t\t\t\t\t\t\t\t\t\t\t<\/span>\n\t\t\t\t\t\t\t\t\t\t\t\t<a class=\"elementor-accordion-title\" tabindex=\"0\">Welche Vorteile bringt MATH\u00c9 Classic Motoren\u00f6l-Zusatz f\u00fcr Old- und Youngtimer?<\/a>\n\t\t\t\t\t<\/div>\n\t\t\t\t\t<div id=\"elementor-tab-content-9421\" class=\"elementor-tab-content elementor-clearfix\" data-tab=\"1\" role=\"region\" aria-labelledby=\"elementor-tab-title-9421\"><section class=\"m-accordion-item js-accordion-item m-accordion--open\"><div class=\"m-accordion-content js-accordion-content\"><p><b>MATH\u00c9 Classic dodatek za motorno olje<\/b>\u00a0ist besonders gut geeignet f\u00fcr Motoren, die mit etwas dickeren \u00d6len gefahren werden. \u00c4ltere Motoren wurden nicht mit der Pr\u00e4zision und den Spaltma\u00dfen gefertigt, wie es heutzutage bei modernen Motoren der Fall ist. Das dickere \u00d6l wirkt einem erh\u00f6hten \u00d6lverbrauch entgegen. Ein weiterer gro\u00dfer Vorteil ist der\u00a0<b>hervorragende Korrosionsschutz<\/b>, der den Motor au\u00dferhalb der Saison auch von innen vor Oberfl\u00e4chenkorrosion sch\u00fctzt. Selbstverst\u00e4ndlich ist Ihr Motor durch die verbesserte Schmierwirkung von\u00a0<b>MATH\u00c9 Classic dodatek za motorno olje<\/b>\u00a0auch bestens vor weiterem Verschlei\u00df gesch\u00fctzt.<\/p><\/div><\/section><section class=\"m-accordion-item js-accordion-item\"><\/section><\/div>\n\t\t\t\t<\/div>\n\t\t\t\t\t\t\t<div class=\"elementor-accordion-item\">\n\t\t\t\t\t<div id=\"elementor-tab-title-9422\" class=\"elementor-tab-title\" data-tab=\"2\" role=\"button\" aria-controls=\"elementor-tab-content-9422\" aria-expanded=\"false\">\n\t\t\t\t\t\t\t\t\t\t\t\t\t<span class=\"elementor-accordion-icon elementor-accordion-icon-left\" aria-hidden=\"true\">\n\t\t\t\t\t\t\t\t\t\t\t\t\t\t\t<span class=\"elementor-accordion-icon-closed\"><i class=\"fas fa-plus\"><\/i><\/span>\n\t\t\t\t\t\t\t\t<span class=\"elementor-accordion-icon-opened\"><i class=\"fas fa-minus\"><\/i><\/span>\n\t\t\t\t\t\t\t\t\t\t\t\t\t\t<\/span>\n\t\t\t\t\t\t\t\t\t\t\t\t<a class=\"elementor-accordion-title\" tabindex=\"0\">Kann MATH\u00c9 Classic Motoren\u00f6l-Zusatz auch bei \u00fcberholten Motoren eingesetzt werden?<\/a>\n\t\t\t\t\t<\/div>\n\t\t\t\t\t<div id=\"elementor-tab-content-9422\" class=\"elementor-tab-content elementor-clearfix\" data-tab=\"2\" role=\"region\" aria-labelledby=\"elementor-tab-title-9422\"><section class=\"m-accordion-item js-accordion-item m-accordion--open\"><div class=\"m-accordion-content js-accordion-content\"><p>Gerade bei restaurierten bzw. \u00fcberholten Motoren kann der MATH\u00c9 Classic Motoren\u00f6l-Zusatz zwei seiner Eigenschaften besonders gut unter Beweis stellen, die Verschlei\u00dfminimierung und die Verhinderung von Ablagerungen. Der Motor bleibt von Anfang an sauber und die \u00d6lkan\u00e4le bleiben frei von Ablagerungen. Dies sichert eine optimale \u00d6ldurchflutung aller geschmierten Bauteile im Innern des Motors.<\/p><\/div><\/section><section class=\"m-accordion-item js-accordion-item\"><\/section><\/div>\n\t\t\t\t<\/div>\n\t\t\t\t\t\t\t<div class=\"elementor-accordion-item\">\n\t\t\t\t\t<div id=\"elementor-tab-title-9423\" class=\"elementor-tab-title\" data-tab=\"3\" role=\"button\" aria-controls=\"elementor-tab-content-9423\" aria-expanded=\"false\">\n\t\t\t\t\t\t\t\t\t\t\t\t\t<span class=\"elementor-accordion-icon elementor-accordion-icon-left\" aria-hidden=\"true\">\n\t\t\t\t\t\t\t\t\t\t\t\t\t\t\t<span class=\"elementor-accordion-icon-closed\"><i class=\"fas fa-plus\"><\/i><\/span>\n\t\t\t\t\t\t\t\t<span class=\"elementor-accordion-icon-opened\"><i class=\"fas fa-minus\"><\/i><\/span>\n\t\t\t\t\t\t\t\t\t\t\t\t\t\t<\/span>\n\t\t\t\t\t\t\t\t\t\t\t\t<a class=\"elementor-accordion-title\" tabindex=\"0\">Welche Bauteile werden durch den MATH\u00c9 Classic Kraftstoff-Zusatz gesch\u00fctzt?<\/a>\n\t\t\t\t\t<\/div>\n\t\t\t\t\t<div id=\"elementor-tab-content-9423\" class=\"elementor-tab-content elementor-clearfix\" data-tab=\"3\" role=\"region\" aria-labelledby=\"elementor-tab-title-9423\"><section class=\"m-accordion-item js-accordion-item m-accordion--open\"><div class=\"m-accordion-content js-accordion-content\"><p>MATH\u00c9 Classic Kraftstoff-Zusatz (Stabilisator) sch\u00fctzt die kraftstofff\u00fchrenden Bauteile, wie zum Beispiel den Kraftstofftank, die Kraftstoffleitungen, die Kraftstoffpumpe, die Einspritzd\u00fcsen und Vergaser. Auch die Ein- und Auslassventile werden aufgrund der besseren Kraftstoffverbrennung vor Verunreinigungen und Ablagerungen gesch\u00fctzt. Des Weiteren h\u00e4lt der MATH\u00c9 Classic Kraftstoff-Stabilisator den Kraftstoff z\u00fcndstabil. Dies sorgt f\u00fcr einen problemlosen Start nach der langen Stillstandzeit im Winter.<\/p><\/div><\/section><section class=\"m-accordion-item js-accordion-item\"><\/section><\/div>\n\t\t\t\t<\/div>\n\t\t\t\t\t\t\t<div class=\"elementor-accordion-item\">\n\t\t\t\t\t<div id=\"elementor-tab-title-9424\" class=\"elementor-tab-title\" data-tab=\"4\" role=\"button\" aria-controls=\"elementor-tab-content-9424\" aria-expanded=\"false\">\n\t\t\t\t\t\t\t\t\t\t\t\t\t<span class=\"elementor-accordion-icon elementor-accordion-icon-left\" aria-hidden=\"true\">\n\t\t\t\t\t\t\t\t\t\t\t\t\t\t\t<span class=\"elementor-accordion-icon-closed\"><i class=\"fas fa-plus\"><\/i><\/span>\n\t\t\t\t\t\t\t\t<span class=\"elementor-accordion-icon-opened\"><i class=\"fas fa-minus\"><\/i><\/span>\n\t\t\t\t\t\t\t\t\t\t\t\t\t\t<\/span>\n\t\t\t\t\t\t\t\t\t\t\t\t<a class=\"elementor-accordion-title\" tabindex=\"0\">Welche MATH\u00c9 Produkte verwendet man bei Hinterachsjaulen?<\/a>\n\t\t\t\t\t<\/div>\n\t\t\t\t\t<div id=\"elementor-tab-content-9424\" class=\"elementor-tab-content elementor-clearfix\" data-tab=\"4\" role=\"region\" aria-labelledby=\"elementor-tab-title-9424\"><section class=\"m-accordion-item js-accordion-item m-accordion--open\"><div class=\"m-accordion-content js-accordion-content\"><p>Um ein sogenanntes \u201eHinterachsjaulen\u201c zu beseitigen, wird das alte Hinterachs\u00f6l abgelassen und durch frisches \u00d6l + 30% MATH\u00c9 Classic Getriebe\u00f6l-Zusatz ersetzt. Nach ca. 1.500km Einlaufzeit sollte sich die Ger\u00e4uschkulisse merklich reduziert haben und durch die Erh\u00f6hung der Druckfestigkeit des Hinterachs\u00f6ls der Verschlei\u00dfabstand zwischen den Zahnflanken ausgeglichen sein.<\/p><\/div><\/section><section class=\"m-accordion-item js-accordion-item js-accordion-item--last\"><\/section><\/div>\n\t\t\t\t<\/div>\n\t\t\t\t\t\t\t<div class=\"elementor-accordion-item\">\n\t\t\t\t\t<div id=\"elementor-tab-title-9425\" class=\"elementor-tab-title\" data-tab=\"5\" role=\"button\" aria-controls=\"elementor-tab-content-9425\" aria-expanded=\"false\">\n\t\t\t\t\t\t\t\t\t\t\t\t\t<span class=\"elementor-accordion-icon elementor-accordion-icon-left\" aria-hidden=\"true\">\n\t\t\t\t\t\t\t\t\t\t\t\t\t\t\t<span class=\"elementor-accordion-icon-closed\"><i class=\"fas fa-plus\"><\/i><\/span>\n\t\t\t\t\t\t\t\t<span class=\"elementor-accordion-icon-opened\"><i class=\"fas fa-minus\"><\/i><\/span>\n\t\t\t\t\t\t\t\t\t\t\t\t\t\t<\/span>\n\t\t\t\t\t\t\t\t\t\t\t\t<a class=\"elementor-accordion-title\" tabindex=\"0\">Wo k\u00f6nnen MATH\u00c9 Classic-Zus\u00e4tze \u00fcberall eingesetzt werden?<\/a>\n\t\t\t\t\t<\/div>\n\t\t\t\t\t<div id=\"elementor-tab-content-9425\" class=\"elementor-tab-content elementor-clearfix\" data-tab=\"5\" role=\"region\" aria-labelledby=\"elementor-tab-title-9425\"><div class=\"m-accordion js-accordion\"><section class=\"m-accordion-item js-accordion-item js-accordion-item--last m-accordion--open\"><div class=\"m-accordion-content js-accordion-content\"><p>In Motoren, Getrieben, Lenkhilfen, Hydraulikanlagen, Einspritzpumpen, Turboladern, Differenzialen, Turbinen, Kompressoren, Kraftstoffsystemen und in vielen anderen Einsatzbereichen, in denen es auf optimale Schmierung, Reinigung, Pflege und Schutz ankommt.<\/p><\/div><\/section><\/div><\/div>\n\t\t\t\t<\/div>\n\t\t\t\t\t\t\t\t<\/div>\n\t\t\t\t\t\t<\/div>\n\t\t\t\t<\/div>\n\t\t\t\t\t<\/div>\n\t\t<\/div>\n\t\t\t\t\t<\/div>\n\t\t<\/section>\n\t\t\t\t<\/div>","protected":false},"excerpt":{"rendered":"<p>Enostavna uporaba in optimalna za\u0161\u010dita. Dolga \u017eivljenjska doba sodobnih in klasi\u010dnih avtomobilov je na\u0161a mo\u010d. Vsak, ki je kdaj imel prilo\u017enost voziti starodobno vozilo, ve, kako je stopiti v drug svet. \u017divljenje je tukaj mirnej\u0161e, tehnologija bolj neposredna. Ob\u010dutite lahko mehaniko, ki deluje pod vami, in poslu\u0161ate zvoke. Morda je to ...<\/p>","protected":false},"author":1,"featured_media":0,"parent":1623,"menu_order":0,"comment_status":"closed","ping_status":"closed","template":"","meta":{"footnotes":""},"class_list":["post-2128","page","type-page","status-publish","hentry"],"_links":{"self":[{"href":"https:\/\/mathy-austria.com\/sl\/wp-json\/wp\/v2\/pages\/2128","targetHints":{"allow":["GET"]}}],"collection":[{"href":"https:\/\/mathy-austria.com\/sl\/wp-json\/wp\/v2\/pages"}],"about":[{"href":"https:\/\/mathy-austria.com\/sl\/wp-json\/wp\/v2\/types\/page"}],"author":[{"embeddable":true,"href":"https:\/\/mathy-austria.com\/sl\/wp-json\/wp\/v2\/users\/1"}],"replies":[{"embeddable":true,"href":"https:\/\/mathy-austria.com\/sl\/wp-json\/wp\/v2\/comments?post=2128"}],"version-history":[{"count":0,"href":"https:\/\/mathy-austria.com\/sl\/wp-json\/wp\/v2\/pages\/2128\/revisions"}],"up":[{"embeddable":true,"href":"https:\/\/mathy-austria.com\/sl\/wp-json\/wp\/v2\/pages\/1623"}],"wp:attachment":[{"href":"https:\/\/mathy-austria.com\/sl\/wp-json\/wp\/v2\/media?parent=2128"}],"curies":[{"name":"wp","href":"https:\/\/api.w.org\/{rel}","templated":true}]}}