{"id":969,"date":"2014-04-10T09:21:39","date_gmt":"2014-04-10T07:21:39","guid":{"rendered":"https:\/\/mathy-austria.com\/?post_type=product&#038;p=969"},"modified":"2025-03-19T09:36:55","modified_gmt":"2025-03-19T08:36:55","slug":"mathy-spezial-h-winter-1x-1-0l","status":"publish","type":"product","link":"https:\/\/mathy-austria.com\/sk\/produkt\/mathy-spezial-h-winter-1x-1-0l\/","title":{"rendered":"MATHY SPECIAL-H WINTER"},"content":{"rendered":"<div class=\"ka-content\">\n<div class=\"ka-content\">\n<div class=\"ka-content\"><\/div>\n<\/div>\n<\/div>\n<p>Pri poklese tepl\u00f4t, najm\u00e4 v zime, doch\u00e1dza v olejov\u00fdch vykurovac\u00edch syst\u00e9moch \u010dastej\u0161ie k upchatiu filtrov a potrub\u00ed. V najhor\u0161om pr\u00edpade m\u00f4\u017eu \u00faplne zastavi\u0165 prev\u00e1dzku olejov\u00e9ho vykurovacieho syst\u00e9mu a vies\u0165 tak k v\u00fdpadku vykurovania.<\/p>\n<p><strong>MATHY SPECIAL-H WINTER<\/strong> <strong>Pr\u00eddavn\u00e9 l\u00e1tky<\/strong> m\u00f4\u017ee zabr\u00e1ni\u0165 upchatiu filtrov a potrub\u00ed v d\u00f4sledku teploty. Sta\u010d\u00ed prija\u0165 prevent\u00edvne opatrenia! Vykurovac\u00ed olej obsahuje paraf\u00edny, ktor\u00e9 sa pri ochladzovan\u00ed odde\u013euj\u00fa a vytv\u00e1raj\u00fa tak v\u00e4\u010d\u0161ie kry\u0161t\u00e1ly. Je zn\u00e1me, \u017ee sa to deje aj v pr\u00edpade nafty, \u010do sa hovorovo ozna\u010duje ako flokul\u00e1cia.<\/p>\n<p><strong>MATHY SPEZIAL-H WINTER Pr\u00edsada<\/strong> je ide\u00e1lnym prevent\u00edvnym opatren\u00edm pre v\u00e1\u0161 olejov\u00fd vykurovac\u00ed syst\u00e9m. Jeho \u0161peci\u00e1lna kombin\u00e1cia \u00fa\u010dinn\u00fdch l\u00e1tok prisp\u00f4soben\u00e1 chladn\u00e9mu ro\u010dn\u00e9mu obdobiu vo ve\u013ekej miere zabra\u0148uje zrastaniu kry\u0161t\u00e1lov, \u010d\u00edm zvy\u0161uje prieto\u010dnos\u0165 vykurovacieho oleja a zni\u017euje CFPP (Cold Filter Plugging Point), \u010do n\u00e1sledne zabra\u0148uje upch\u00e1vaniu filtrov a potrub\u00ed.<\/p>\n<p><strong>MATHY-H SPEZIAL Zimn\u00e1 pr\u00edsada<\/strong> p\u00f4sob\u00ed proti pr\u00ed\u010din\u00e1m por\u00fach vykurovania sp\u00f4soben\u00fdch chladom<\/p>\n<p>Odde\u013eovanie kry\u0161t\u00e1lov paraf\u00ednu vo vykurovacom oleji sp\u00f4soben\u00e9 chladom je v praxi v zime st\u00e1le najv\u00e4\u010d\u0161ou pr\u00ed\u010dinou por\u00fach vykurovac\u00edch syst\u00e9mov, a to aj napriek tomu, \u017ee s\u00fa splnen\u00e9 po\u017eiadavky normy DIN pre vykurovac\u00ed olej EL!<\/p>\n<p>Ke\u010f sa v d\u00f4sledku chladu vytvoria kry\u0161t\u00e1liky paraf\u00ednu a upchaj\u00fa filter alebo potrubie, pom\u00f4\u017ee len teplo. V tomto pr\u00edpade sa u\u017e zvy\u010dajne ned\u00e1 vyhn\u00fa\u0165 spoplatnenej n\u00e1v\u0161teve k\u00faren\u00e1ra! U\u017e vytvoren\u00e9 kry\u0161t\u00e1liky paraf\u00ednu nie je mo\u017en\u00e9 rozpusti\u0165 pridan\u00edm ak\u00fdchko\u013evek l\u00e1tok, aby boli filtre a potrubia op\u00e4\u0165 priechodn\u00e9.<\/p>\n<p>Iba prostredn\u00edctvom prevent\u00edvnych opatren\u00ed - pridan\u00edm<strong> MATHY-H SPEZIAL Zimn\u00e1 pr\u00edsada<\/strong> - m\u00f4\u017ee zabr\u00e1ni\u0165 tvorbe paraf\u00ednov\u00e9ho vosku sp\u00f4soben\u00e9ho chladom, a t\u00fdm zabr\u00e1ni\u0165 probl\u00e9mom so \u0161tartovan\u00edm a prev\u00e1dzkou sp\u00f4soben\u00fdm upchat\u00fdmi filtrami a potrub\u00edm.<\/p>\n<h2>Ako vlastne funguje zimn\u00e1 pr\u00edsada MATHY-H SPEZIAL?<\/h2>\n<p>EL (extra \u013eahk\u00fd) vykurovac\u00ed olej obsahuje paraf\u00edny, ktor\u00e9 maj\u00fa vynikaj\u00facu v\u00fdhrevnos\u0165, ale bohu\u017eia\u013e s\u00fa ve\u013emi citliv\u00e9 na chlad. Po dosiahnut\u00ed bodu z\u00e1kalu (CP) doch\u00e1dza ku kry\u0161taliz\u00e1cii paraf\u00ednov, ktor\u00e1 sp\u00f4sobuje tvorbu ve\u013ek\u00fdch kry\u0161t\u00e1lov vosku v tvare do\u0161ti\u010diek. Ich \u0161pongiovit\u00e1 \u0161trukt\u00fara vedie k tomu, \u017ee sa do kry\u0161t\u00e1lovej \u0161trukt\u00fary za\u010dle\u0148uj\u00fa \u010fal\u0161ie zlo\u017eky vykurovacieho oleja. T\u00fdm sa zna\u010dne zv\u00e4\u010d\u0161uje ve\u013ekos\u0165 kry\u0161t\u00e1lov.<\/p>\n<p>Aby sa zabezpe\u010dilo, \u017ee kry\u0161t\u00e1liky paraf\u00ednu zostan\u00fa pri zvy\u0161uj\u00facom sa chlade dlh\u0161ie filtrovate\u013en\u00e9 a vodiv\u00e9.<strong> MATHY-H SPEZIAL Zimn\u00e1 pr\u00edsada<\/strong> vr\u00e1tane t\u00fdchto \u00fa\u010dinn\u00fdch l\u00e1tok:<\/p>\n<p>Pr\u00edsada WASA (Wax Anti Settling Additive) zabra\u0148uje usadzovaniu mal\u00fdch kry\u0161t\u00e1lov v stredn\u00fdch destil\u00e1toch (HEL a\/alebo DK).<br \/>\n\u0160peci\u00e1lny povrchov\u00fd obmedzova\u010d obal\u00ed u\u017e vytvoren\u00e9 paraf\u00edny akousi \"pomaran\u010dovou k\u00f4rou\" a zabr\u00e1ni tak rastu a\/alebo zlepeniu kry\u0161t\u00e1lov.<br \/>\nNuklea\u010dn\u00e9 \u010dinidl\u00e1 (naz\u00fdvan\u00e9 aj nukle\u00e1tory) poskytuj\u00fa kry\u0161t\u00e1lom paraf\u00ednu vytvoren\u00fdm pri n\u00edzkych teplot\u00e1ch prostredie kondenza\u010dn\u00fdch jadier. V d\u00f4sledku toho sa paraf\u00edny \"zaplet\u00fa\". To znamen\u00e1, \u017ee namiesto nieko\u013ek\u00fdch ve\u013ek\u00fdch kry\u0161t\u00e1lov vznik\u00e1 nekone\u010dn\u00e9 mno\u017estvo (vymie\u0148aj\u00facich sa) extr\u00e9mne mal\u00fdch kry\u0161t\u00e1lov. V d\u00f4sledku toho zost\u00e1vaj\u00fa filtrovate\u013en\u00e9 a vodiv\u00e9 podstatne dlh\u0161ie ako ve\u013ek\u00e9 kry\u0161t\u00e1ly.<\/p>\n<h2>Oblasti pou\u017eitia<\/h2>\n<p>M\u00f4\u017ee sa pou\u017e\u00edva\u0165 vo v\u0161etk\u00fdch typoch vykurovac\u00edch syst\u00e9mov vr\u00e1tane \u017elt\u00fdch, modr\u00fdch a pl\u00e1\u0161\u0165ov\u00fdch hor\u00e1kov (olejov\u00e9 pece) a predv\u00fdparn\u00edkov.<\/p>\n<p>Odpor\u00fa\u010da sa pre vykurovac\u00ed olej EL s n\u00edzkym obsahom s\u00edry, tie\u017e s n\u00edzkym obsahom organick\u00fdch l\u00e1tok, a \u0161tandardn\u00fd vykurovac\u00ed olej.<\/p>\n<p><strong>MATHY-H SPEZIAL Zimn\u00e1 pr\u00edsada<\/strong> je \u00faplne rozpustn\u00fd v oleji, \u00fa\u010dinn\u00fd v akomko\u013evek vykurovacom oleji EL, m\u00f4\u017ee sa pou\u017e\u00edva\u0165 vo v\u0161etk\u00fdch vykurovac\u00edch syst\u00e9moch a je kompatibiln\u00fd s materi\u00e1lmi.<\/p>\n<h2>Aplik\u00e1cia<\/h2>\n<p>Prevent\u00edvna aplik\u00e1cia sa odpor\u00fa\u010da pre v\u0161etky vykurovacie syst\u00e9my, ktor\u00fdch olejov\u00e9 n\u00e1dr\u017ee alebo potrubia na dod\u00e1vku oleja s\u00fa vystaven\u00e9 priamemu chladu (aj v zle izolovan\u00fdch budov\u00e1ch alebo pivniciach). Pri podzemn\u00fdch n\u00e1dr\u017eiach existuje aj riziko podchladenia syst\u00e9mu olejov\u00e9ho potrubia v oblasti kupolov\u00e9ho krytu.<\/p>\n<p><strong>MATHY-H \u0160PECI\u00c1LNA ZIMN\u00c1 pr\u00edsada<\/strong> sa mus\u00ed prida\u0165 do vykurovacieho oleja pred dosiahnut\u00edm bodu z\u00e1kalu, t. j. pred chladn\u00fdm obdob\u00edm (zima), aby bol plne \u00fa\u010dinn\u00fd.<\/p>\n<p>Ak sa kry\u0161taliz\u00e1cia paraf\u00ednov u\u017e za\u010dala v d\u00f4sledku n\u00e1stupu zimy (teploty pod bodom mrazu) (CP = Clod Point), potom <strong>MATHY-H \u0160PECI\u00c1LNA ZIMN\u00c1 pr\u00edsada<\/strong> u\u017e nie je plne \u00fa\u010dinn\u00fd, preto\u017ee st\u00e1le funguje len obmedzova\u010d povrchu!<\/p>\n<h2>D\u00e1vkovanie<\/h2>\n<p>Obsah f\u013ea\u0161e <strong>MATHY-H \u0160PECI\u00c1LNA ZIMN\u00c1 pr\u00edsada<\/strong> vysta\u010d\u00ed a\u017e na 1 000 litrov vykurovacieho oleja. Ak o\u010dak\u00e1vate tuh\u00fa zimu (viac ako -20 \u00b0C), pridajte dve f\u013ea\u0161e <strong>MATHY-H \u0160PECI\u00c1LNA ZIMN\u00c1 pr\u00edsada<\/strong> na 1 000 litrov vykurovacieho oleja.<\/p>\n<p>(Mie\u0161ac\u00ed pomer 1 : 1 000 a\u017e 1 : 500 = 1 a\u017e 2 litre na 1 000 litrov vykurovacieho oleja)<\/p>\n<h2>N\u00e1poveda<\/h2>\n<p>Str\u00e1nka <strong>MATHY-H \u0160PECI\u00c1LNA ZIMN\u00c1 pr\u00edsada<\/strong> je v koncentrovanom stave \u010diasto\u010dne citliv\u00fd na chlad. A\u017e po zmie\u0161an\u00ed s vykurovac\u00edm olejom sa st\u00e1va plne \u00fa\u010dinn\u00fdm. Preto <strong>MATHY-H \u0160PECI\u00c1LNA ZIMN\u00c1 pr\u00edsada<\/strong> Nikdy neskladujte pri teplot\u00e1ch ni\u017e\u0161\u00edch ako -20 \u00b0C.<br \/>\n(Ak sa v\u00fdrobok stal \"tuh\u00fdm\", mo\u017eno ho op\u00e4\u0165 pou\u017ei\u0165 zahriat\u00edm bez toho, aby stratil \u00fa\u010dinnos\u0165 vykurovacieho oleja).<br \/>\nSkladovanie vo vykurovan\u00fdch priestoroch<br \/>\n\u010c\u00edm teplej\u0161\u00ed je v\u00fdrobok, t\u00fdm \u00fa\u010dinnej\u0161ie je jeho reak\u010dn\u00e9 spr\u00e1vanie po pridan\u00ed do vykurovacieho oleja<\/p>\n<h2>Nebezpe\u010denstvo<\/h2>\n<ul>\n<li>H304: M\u00f4\u017ee by\u0165 smrte\u013en\u00fd pri po\u017eit\u00ed a vniknut\u00ed do d\u00fdchac\u00edch ciest.<\/li>\n<li>H317: M\u00f4\u017ee sp\u00f4sobi\u0165 alergick\u00fa ko\u017en\u00fa reakciu.<\/li>\n<li>H336: M\u00f4\u017ee sp\u00f4sobi\u0165 ospalos\u0165 alebo z\u00e1vraty.<\/li>\n<li>H411: Toxick\u00fd pre vodn\u00e9 organizmy s dlhodob\u00fdmi \u00fa\u010dinkami.<\/li>\n<li>EUH066: Opakovan\u00e1 expoz\u00edcia m\u00f4\u017ee sp\u00f4sobi\u0165 vysu\u0161enie alebo popraskanie poko\u017eky.<\/li>\n<\/ul>","protected":false},"excerpt":{"rendered":"<p>Heiz\u00f6l-Additiv-Flie\u00dfverbesserer \u2013 Spezial Winter<br \/>\n1 l<\/p>","protected":false},"featured_media":29484,"template":"","meta":[],"product_brand":[125],"product_cat":[130],"product_tag":[],"class_list":{"0":"post-969","1":"product","2":"type-product","3":"status-publish","4":"has-post-thumbnail","6":"product_brand-mvg-mathe-schmierstofftechnik-gmbh","7":"product_cat-heizung","8":"description-off","10":"first","11":"onbackorder","12":"taxable","13":"shipping-taxable","14":"purchasable","15":"product-type-variable"},"_links":{"self":[{"href":"https:\/\/mathy-austria.com\/sk\/wp-json\/wp\/v2\/product\/969","targetHints":{"allow":["GET"]}}],"collection":[{"href":"https:\/\/mathy-austria.com\/sk\/wp-json\/wp\/v2\/product"}],"about":[{"href":"https:\/\/mathy-austria.com\/sk\/wp-json\/wp\/v2\/types\/product"}],"wp:featuredmedia":[{"embeddable":true,"href":"https:\/\/mathy-austria.com\/sk\/wp-json\/wp\/v2\/media\/29484"}],"wp:attachment":[{"href":"https:\/\/mathy-austria.com\/sk\/wp-json\/wp\/v2\/media?parent=969"}],"wp:term":[{"taxonomy":"product_brand","embeddable":true,"href":"https:\/\/mathy-austria.com\/sk\/wp-json\/wp\/v2\/product_brand?post=969"},{"taxonomy":"product_cat","embeddable":true,"href":"https:\/\/mathy-austria.com\/sk\/wp-json\/wp\/v2\/product_cat?post=969"},{"taxonomy":"product_tag","embeddable":true,"href":"https:\/\/mathy-austria.com\/sk\/wp-json\/wp\/v2\/product_tag?post=969"}],"curies":[{"name":"wp","href":"https:\/\/api.w.org\/{rel}","templated":true}]}}