{"id":961,"date":"2014-04-10T07:54:18","date_gmt":"2014-04-10T06:54:18","guid":{"rendered":"https:\/\/mathy-austria.com\/?post_type=product&#038;p=961"},"modified":"2025-06-15T08:43:49","modified_gmt":"2025-06-15T07:43:49","slug":"mathy-a-allzweck-l","status":"publish","type":"product","link":"https:\/\/mathy-austria.com\/sk\/produkt\/mathy-a-allzweck-l\/","title":{"rendered":"MATHY-A univerz\u00e1lny olej"},"content":{"rendered":"<p>Vysoko\u00fa\u010dinn\u00fd univerz\u00e1lny olej na mazanie po kvapk\u00e1ch v dom\u00e1cnosti, v pr\u00e1ci a pri z\u00e1\u013eub\u00e1ch, napr. pre \u0161ijacie stroje, z\u00e1vesy a loveck\u00e9 a streleck\u00e9 zbrane. <strong>MATHY-A<\/strong> poskytuje ve\u013emi dobr\u00fa ochranu proti kor\u00f3zii a vynikaj\u00face mazanie v\u010faka svojim plaziv\u00fdm vlastnostiam.<\/p>\n<h2>Oblasti pou\u017eitia<\/h2>\n<ul>\n<li>Gu\u013e\u00f4\u010dkov\u00e9 a klietkov\u00e9 zostavy v lo\u017eisk\u00e1ch kolies<\/li>\n<li>ak\u00fdko\u013evek typ be\u017eeckej dr\u00e1hy<\/li>\n<li>\u00fcberall da, wo der \u201eTropfen \u00d6l\u201c fehlt<\/li>\n<li>Z\u00e1vesy<\/li>\n<\/ul>\n<h2>D\u00e1vkovanie<\/h2>\n<p>Pred pou\u017eit\u00edm <strong>MATHY-A<\/strong> odstr\u00e1\u0148te star\u00e9, \u017eivicov\u00e9 oleje a <strong>MATHY-A<\/strong> po kvapk\u00e1ch. Vzh\u013eadom na vysok\u00fa te\u010denie vlastnosti<strong> MATHY-A<\/strong> do ka\u017edej trhliny.<\/p>\n<h2>Pozor<\/h2>\n<ul>\n<li>H317: M\u00f4\u017ee sp\u00f4sobi\u0165 alergick\u00fa ko\u017en\u00fa reakciu.<\/li>\n<li>H319: Sp\u00f4sobuje v\u00e1\u017ene podr\u00e1\u017edenie o\u010d\u00ed.<\/li>\n<li>H412: \u0160kodliv\u00fd pre vodn\u00e9 organizmy s dlhodob\u00fdmi \u00fa\u010dinkami.<\/li>\n<li>EUH031: Pri kontakte s kyselinami sa uvo\u013e\u0148uje toxick\u00fd plyn.<\/li>\n<\/ul>","protected":false},"excerpt":{"rendered":"<p>Univerz\u00e1lny olej<\/p>","protected":false},"featured_media":100989,"template":"","meta":[],"product_brand":[125],"product_cat":[128],"product_tag":[],"class_list":{"0":"post-961","1":"product","2":"type-product","3":"status-publish","4":"has-post-thumbnail","6":"product_brand-mvg-mathe-schmierstofftechnik-gmbh","7":"product_cat-pflege-wartung","8":"description-off","10":"first","11":"instock","12":"taxable","13":"shipping-taxable","14":"purchasable","15":"product-type-simple"},"_links":{"self":[{"href":"https:\/\/mathy-austria.com\/sk\/wp-json\/wp\/v2\/product\/961","targetHints":{"allow":["GET"]}}],"collection":[{"href":"https:\/\/mathy-austria.com\/sk\/wp-json\/wp\/v2\/product"}],"about":[{"href":"https:\/\/mathy-austria.com\/sk\/wp-json\/wp\/v2\/types\/product"}],"wp:featuredmedia":[{"embeddable":true,"href":"https:\/\/mathy-austria.com\/sk\/wp-json\/wp\/v2\/media\/100989"}],"wp:attachment":[{"href":"https:\/\/mathy-austria.com\/sk\/wp-json\/wp\/v2\/media?parent=961"}],"wp:term":[{"taxonomy":"product_brand","embeddable":true,"href":"https:\/\/mathy-austria.com\/sk\/wp-json\/wp\/v2\/product_brand?post=961"},{"taxonomy":"product_cat","embeddable":true,"href":"https:\/\/mathy-austria.com\/sk\/wp-json\/wp\/v2\/product_cat?post=961"},{"taxonomy":"product_tag","embeddable":true,"href":"https:\/\/mathy-austria.com\/sk\/wp-json\/wp\/v2\/product_tag?post=961"}],"curies":[{"name":"wp","href":"https:\/\/api.w.org\/{rel}","templated":true}]}}