{"id":948,"date":"2014-04-09T10:42:52","date_gmt":"2014-04-09T08:42:52","guid":{"rendered":"https:\/\/mathy-austria.com\/?post_type=product&#038;p=948"},"modified":"2024-07-15T07:11:38","modified_gmt":"2024-07-15T06:11:38","slug":"mathy-ws","status":"publish","type":"product","link":"https:\/\/mathy-austria.com\/sk\/produkt\/mathy-ws\/","title":{"rendered":"MATHY-WS"},"content":{"rendered":"<p><strong>MATHY-WS<\/strong> je univerz\u00e1lne pou\u017eite\u013en\u00fd sprej na \u00fadr\u017ebu, ktor\u00fd je obzvl\u00e1\u0161\u0165 vhodn\u00fd na otvoren\u00e9 mazanie s vysokou mierou zne\u010distenia a vystavenia poveternostn\u00fdm vplyvom. Obsahuje \u0161peci\u00e1lne pri\u013enav\u00e9 zlo\u017eky, ktor\u00e9 zabra\u0148uj\u00fa odhadzovaniu mazacieho filmu. Prenikav\u00e9 \u00fa\u010dinn\u00e9 zlo\u017eky zabezpe\u010duj\u00fa dlhotrvaj\u00face mazanie aj na \u0165a\u017eko pr\u00edstupn\u00fdch miestach.<\/p>\n<h2>Oblasti pou\u017eitia<\/h2>\n<ul>\n<li>Dvojkolesov\u00e9 re\u0165aze<\/li>\n<li>Bowdenove k\u00e1ble a k\u013abov\u00e9 spoje<\/li>\n<li>Objemn\u00e9 z\u00e1mky dver\u00ed a v\u0155zgaj\u00face p\u00e1nty<\/li>\n<li>Udr\u017eiava z\u00e1hradn\u00e9 n\u00e1radie, kosa\u010dky, no\u017enice, hadicov\u00e9 bubny a mnoho \u010fal\u0161ieho<\/li>\n<li>sa vkr\u00e1da do najjemnej\u0161\u00edch trhl\u00edn<\/li>\n<li>Mazanie v\u0161etk\u00fdch pohybliv\u00fdch \u010dast\u00ed v automobilovom priemysle<\/li>\n<li>na o\u0161etrovanie po\u013eovn\u00fdch a \u0161portov\u00fdch zbran\u00ed<\/li>\n<\/ul>\n<h2>Vlastnosti<\/h2>\n<ul>\n<li>Zni\u017euje trenie v\u010faka silnej klznej f\u00f3lii<\/li>\n<li>Zabra\u0148uje kor\u00f3zii<\/li>\n<li>Zni\u017euje drsnos\u0165 povrchu<\/li>\n<li>Zni\u017euje opotrebovanie<\/li>\n<li>Siln\u00fd \u010distiaci \u00fa\u010dinok<\/li>\n<li>Mazanie sa udr\u017eiava aj na vertik\u00e1lnych kovov\u00fdch povrchoch<\/li>\n<li>predl\u017euje intervaly mazania<\/li>\n<li>nie je viazan\u00fd na ne\u010distoty<\/li>\n<li>Odolnos\u0165 vo\u010di poveternostn\u00fdm vplyvom<\/li>\n<li>Neobsahuje silik\u00f3n, \u017eivice a kyseliny<\/li>\n<li>Uvo\u013e\u0148uje hrdzu a prenik\u00e1 hlboko<\/li>\n<li>Uvo\u013e\u0148uje zaseknut\u00e9 skrutky a kovov\u00e9 \u010dasti a udr\u017euje ich na mieste<\/li>\n<li>neprezinfikuje<\/li>\n<li>Vysok\u00fd plaziv\u00fd \u00fa\u010dinok<\/li>\n<li>Rozp\u00fa\u0161\u0165a star\u00e9 ne\u010distoty a zvy\u0161ky \u017eivice<\/li>\n<li>Nenap\u00e1da O-kr\u00fa\u017eky<\/li>\n<li>Od\u010fa\u013euje zamrznutie z\u00e1mkov dver\u00ed v zime<\/li>\n<li>Bez tuh\u00fdch maz\u00edv<\/li>\n<li>Teplotn\u00e1 stabilita od -25 \u00b0C do + 150 \u00b0C<\/li>\n<\/ul>\n<h2>Aplik\u00e1cia<\/h2>\n<ul>\n<li>M\u00f4\u017ee <strong>MATHY-WS<\/strong> Pred pou\u017eit\u00edm dobre pretrepte<\/li>\n<li>Predt\u00fdm \u010do najd\u00f4kladnej\u0161ie vy\u010distite miesto, ktor\u00e9 sa m\u00e1 namaza\u0165.<\/li>\n<li>potom nastriekajte na vy\u010disten\u00fd povrch<\/li>\n<li>Pri striekan\u00ed dr\u017ete n\u00e1dobu vo zvislej polohe<\/li>\n<\/ul>\n<h2>Nebezpe\u010denstvo<\/h2>\n<ul>\n<li>H222: Extr\u00e9mne hor\u013eav\u00fd aeros\u00f3l.<\/li>\n<li>H229: N\u00e1doba pod tlakom: Pri zahriat\u00ed m\u00f4\u017ee praskn\u00fa\u0165.<\/li>\n<\/ul>","protected":false},"excerpt":{"rendered":"<p>Univerz\u00e1lny sprej na \u00fadr\u017ebu<br \/>\n300 ml<\/p>","protected":false},"featured_media":949,"template":"","meta":[],"product_brand":[125],"product_cat":[128],"product_tag":[],"class_list":{"0":"post-948","1":"product","2":"type-product","3":"status-publish","4":"has-post-thumbnail","6":"product_brand-mvg-mathe-schmierstofftechnik-gmbh","7":"product_cat-pflege-wartung","8":"description-off","10":"first","11":"instock","12":"taxable","13":"shipping-taxable","14":"purchasable","15":"product-type-variable"},"_links":{"self":[{"href":"https:\/\/mathy-austria.com\/sk\/wp-json\/wp\/v2\/product\/948","targetHints":{"allow":["GET"]}}],"collection":[{"href":"https:\/\/mathy-austria.com\/sk\/wp-json\/wp\/v2\/product"}],"about":[{"href":"https:\/\/mathy-austria.com\/sk\/wp-json\/wp\/v2\/types\/product"}],"wp:featuredmedia":[{"embeddable":true,"href":"https:\/\/mathy-austria.com\/sk\/wp-json\/wp\/v2\/media\/949"}],"wp:attachment":[{"href":"https:\/\/mathy-austria.com\/sk\/wp-json\/wp\/v2\/media?parent=948"}],"wp:term":[{"taxonomy":"product_brand","embeddable":true,"href":"https:\/\/mathy-austria.com\/sk\/wp-json\/wp\/v2\/product_brand?post=948"},{"taxonomy":"product_cat","embeddable":true,"href":"https:\/\/mathy-austria.com\/sk\/wp-json\/wp\/v2\/product_cat?post=948"},{"taxonomy":"product_tag","embeddable":true,"href":"https:\/\/mathy-austria.com\/sk\/wp-json\/wp\/v2\/product_tag?post=948"}],"curies":[{"name":"wp","href":"https:\/\/api.w.org\/{rel}","templated":true}]}}