{"id":946,"date":"2014-04-09T10:39:47","date_gmt":"2014-04-09T08:39:47","guid":{"rendered":"https:\/\/mathy-austria.com\/?post_type=product&#038;p=946"},"modified":"2025-02-23T21:35:16","modified_gmt":"2025-02-23T20:35:16","slug":"mathy-g","status":"publish","type":"product","link":"https:\/\/mathy-austria.com\/sk\/produkt\/mathy-g\/","title":{"rendered":"MATHY-G"},"content":{"rendered":"<p><strong>MATHY-G Hochleistungs-Schmierfett TYP L<\/strong> aus hochwertigem Lithiumfett auf 12-Hydroxystearat-Basis mit ausgesuchten Mineral\u00f6len und einer synergistisch wirkenden Kombination von Additiven f\u00fcr den vielseitigen Einsatz bei normalen und extremen Anforderungen wirkt gegen Verschlei\u00df der Radlager\/Antriebsgelenke, Federbolzen usw.<\/p>\n<h2>Technische Produkteigenschaften<\/h2>\n<ul>\n<li>Viskosit\u00e4t bei 40\u00b0C: 105 mm\u00b2\/s<\/li>\n<li>Viskosit\u00e4t bei 100\u00b0C: 10 mm\u00b2\/s<\/li>\n<li>KP 2 M-30<\/li>\n<li>NLGI-Klasse 2<\/li>\n<li>Tropfpunkt &gt;182\u00b0C gem\u00e4\u00df DIN ISO 2176<\/li>\n<li>Temperatureinsatzbereich: -30\u00b0C bis -130\u00b0C<\/li>\n<li>Walkpenetration 265 \u2013 295 gem\u00e4\u00df DIN ISO 2137<\/li>\n<li>VKA Schwei\u00dfkraft: min. 2.800 N gem\u00e4\u00df DIN 51350<\/li>\n<\/ul>\n<h2>Oblasti pou\u017eitia<\/h2>\n<ul>\n<li>W\u00e4lz- und Gleitlager<\/li>\n<li>F\u00fchrungen und Gelenke<\/li>\n<li>bei extrem hohen Belastungen, Passungsrost und angegriffenen Oberfl\u00e4chen<\/li>\n<li>gut geeignet f\u00fcr F\u00f6rderung in Zentralschmiersystemen<\/li>\n<\/ul>\n<h2>D\u00e1vkovanie<\/h2>\n<p>Wenden Sie <strong>MATHY-G<\/strong> wie bei Schmierfetten \u00fcblich an, und beachten Sie die Vorschriften vom Lagerhersteller.<br \/>\nBei Fragen rufen Sie gerne unsere technischen <strong>Hotline<\/strong> unter <strong>05191 16004<\/strong> an.<\/p>\n<h2>Pozor<\/h2>\n<ul>\n<li>H317: M\u00f4\u017ee sp\u00f4sobi\u0165 alergick\u00fa ko\u017en\u00fa reakciu.<\/li>\n<li>H319: Sp\u00f4sobuje v\u00e1\u017ene podr\u00e1\u017edenie o\u010d\u00ed.<\/li>\n<li>H412: \u0160kodliv\u00fd pre vodn\u00e9 organizmy s dlhodob\u00fdmi \u00fa\u010dinkami.<\/li>\n<\/ul>","protected":false},"excerpt":{"rendered":"<p>Vysoko\u00fa\u010dinn\u00e9 mazacie tuky<br \/>\n1 x 400 g (cena za kg 34,50 \u20ac)<\/p>","protected":false},"featured_media":947,"template":"","meta":[],"product_brand":[125],"product_cat":[128],"product_tag":[],"class_list":{"0":"post-946","1":"product","2":"type-product","3":"status-publish","4":"has-post-thumbnail","6":"product_brand-mvg-mathe-schmierstofftechnik-gmbh","7":"product_cat-pflege-wartung","8":"description-off","10":"first","11":"instock","12":"taxable","13":"shipping-taxable","14":"purchasable","15":"product-type-variable"},"_links":{"self":[{"href":"https:\/\/mathy-austria.com\/sk\/wp-json\/wp\/v2\/product\/946","targetHints":{"allow":["GET"]}}],"collection":[{"href":"https:\/\/mathy-austria.com\/sk\/wp-json\/wp\/v2\/product"}],"about":[{"href":"https:\/\/mathy-austria.com\/sk\/wp-json\/wp\/v2\/types\/product"}],"wp:featuredmedia":[{"embeddable":true,"href":"https:\/\/mathy-austria.com\/sk\/wp-json\/wp\/v2\/media\/947"}],"wp:attachment":[{"href":"https:\/\/mathy-austria.com\/sk\/wp-json\/wp\/v2\/media?parent=946"}],"wp:term":[{"taxonomy":"product_brand","embeddable":true,"href":"https:\/\/mathy-austria.com\/sk\/wp-json\/wp\/v2\/product_brand?post=946"},{"taxonomy":"product_cat","embeddable":true,"href":"https:\/\/mathy-austria.com\/sk\/wp-json\/wp\/v2\/product_cat?post=946"},{"taxonomy":"product_tag","embeddable":true,"href":"https:\/\/mathy-austria.com\/sk\/wp-json\/wp\/v2\/product_tag?post=946"}],"curies":[{"name":"wp","href":"https:\/\/api.w.org\/{rel}","templated":true}]}}