{"id":944,"date":"2014-04-09T10:34:34","date_gmt":"2014-04-09T08:34:34","guid":{"rendered":"https:\/\/mathy-austria.com\/?post_type=product&#038;p=944"},"modified":"2026-02-24T13:13:00","modified_gmt":"2026-02-24T12:13:00","slug":"dropstop","status":"publish","type":"product","link":"https:\/\/mathy-austria.com\/sk\/produkt\/dropstop\/","title":{"rendered":"DropStop"},"content":{"rendered":"<p><strong>DropStop\u00a0\u00a0<\/strong>je vhodn\u00fd na pou\u017eitie v motorov\u00fdch a prevodov\u00fdch olejoch. M\u00f4\u017ee sa pou\u017e\u00edva\u0165 aj v syst\u00e9moch posil\u0148ova\u010da riadenia.\u00a0<strong>DropStop<\/strong>\u00a0obsahuje plastifik\u00e1tory (elastom\u00e9ry) potrebn\u00e9 pre gumov\u00e9 tesnenia vo vysoko koncentrovanej forme a vracia ich do tesniaceho materi\u00e1lu. V d\u00f4sledku toho gumov\u00e9 tesnenia op\u00e4\u0165 zm\u00e4kn\u00fa, napu\u010dia a zastavia sa v\u0161etky existuj\u00face straty oleja.\u00a0<strong>DropStop\u00a0<\/strong>je obzvl\u00e1\u0161\u0165 vhodn\u00fd na prevent\u00edvne pou\u017eitie na vozidl\u00e1ch a strojoch star\u0161\u00edch ako 5 rokov. Na dosiahnutie maxim\u00e1lneho \u00fa\u010dinku\u00a0<strong>DropStop<\/strong>\u00a0zosta\u0165 v oleji \u010do najdlh\u0161ie.<br \/>\nDropStop sa m\u00f4\u017ee pou\u017e\u00edva\u0165 aj s\u00fa\u010dasne s olejov\u00fdmi adit\u00edvami <strong>Pr\u00edsada do motorov\u00e9ho oleja MATH\u00c9 Classic<\/strong>, <strong>MATHY-M<\/strong> a\u00a0<strong>MATHY-T<\/strong> mo\u017eno pou\u017ei\u0165. Je vhodn\u00fd aj pre motocykle so spojkou v olejovej vani.\u00a0<strong>DropStop<\/strong>\u00a0nie je vhodn\u00fd pre tesnenia z materi\u00e1lov, ako s\u00fa plsten\u00e9 n\u00e1plne, hriade\u013eov\u00e9 tesnenia z grafitizovan\u00fdch azbestov\u00fdch \u0161n\u00far, ploch\u00e9 tesnenia z papiera, korku alebo kovu (napr. tesnenia hlavy valcov) alebo pre praskliny v kryte.<\/p>\n<h2>Zni\u017euj\u00fa sa a odstra\u0148uj\u00fa technick\u00e9 probl\u00e9my<\/h2>\n<ul>\n<li>obnovuje pru\u017enos\u0165 netesn\u00fdch a starn\u00facich hriade\u013eov\u00fdch tesnen\u00ed (olejov\u00fdch tesnen\u00ed)<\/li>\n<li>zastavuje miernu stratu oleja<\/li>\n<\/ul>\n<h2>D\u00e1vkovanie<\/h2>\n<p>DropStop pou\u017e\u00edvajte v pomere 1:16, t. j. 250 ml DropStopu na 4 litre oleja. DropStop je mie\u0161ate\u013en\u00fd so v\u0161etk\u00fdmi motorov\u00fdmi a prevodov\u00fdmi olejmi. Nie je pou\u017eite\u013en\u00fd spolu s <strong>MATHY-VS<\/strong>.<\/p>\n<h2>Pozor<\/h2>\n<ul>\n<li>H317: M\u00f4\u017ee sp\u00f4sobi\u0165 alergick\u00fa ko\u017en\u00fa reakciu.<\/li>\n<li>H373: M\u00f4\u017ee sp\u00f4sobi\u0165 po\u0161kodenie org\u00e1nov pri dlhodobej alebo opakovanej expoz\u00edcii.<\/li>\n<li>H336: M\u00f4\u017ee sp\u00f4sobi\u0165 ospalos\u0165 alebo z\u00e1vraty.<\/li>\n<li>H412: \u0160kodliv\u00fd pre vodn\u00e9 organizmy s dlhodob\u00fdmi \u00fa\u010dinkami.<\/li>\n<\/ul>","protected":false},"excerpt":{"rendered":"<p>Tesniaca pr\u00edsada<br \/>\n1 x 250 ml (cena za liter 115,80 \u20ac)<\/p>","protected":false},"featured_media":146508,"template":"","meta":[],"product_brand":[125],"product_cat":[124,128],"product_tag":[227,226,223,231,243,235,217,219,218,203,202,220,204,206,245,244,239,242,234,215,221,240,241,247,248,205,207,253,249,251,255,250,254,252,213,214,233,216,246,225,211,212,210,229,208,209,230,236,238,237,228,222,232,224],"class_list":{"0":"post-944","1":"product","2":"type-product","3":"status-publish","4":"has-post-thumbnail","6":"product_brand-mvg-mathe-schmierstofftechnik-gmbh","7":"product_cat-motor","8":"product_cat-pflege-wartung","9":"product_tag-additiv-fuer-motorraeder-oelbadkupplung","10":"product_tag-additiv-fuer-oldtimer","11":"product_tag-additiv-fuer-simmerringe-oelverlust","12":"product_tag-auto-oel-additiv-fuer-dichtungen","13":"product_tag-auto-wartung-additiv","14":"product_tag-automotive-seal-additive-austria","15":"product_tag-dichtung-additiv-auto","16":"product_tag-dichtung-regenerieren","17":"product_tag-dichtungen-regenerieren-additiv","18":"product_tag-dichtungs-additiv","19":"product_tag-dichtungsadditiv","20":"product_tag-dichtungspflege-additiv","21":"product_tag-dropstop","22":"product_tag-dropstop-additiv-oesterreich","23":"product_tag-dropstop-anwendung-auto","24":"product_tag-dropstop-dosierung-116","25":"product_tag-elastomer-weichmacher-additiv","26":"product_tag-fahrzeug-wartung-additiv","27":"product_tag-gearbox-oil-seal-additive","28":"product_tag-getriebeoel-additiv","29":"product_tag-gummidichtungen-pflegen-additiv","30":"product_tag-kompatibel-mit-mineraloel-und-syntheseoel","31":"product_tag-made-in-germany-additiv","32":"product_tag-mathy","33":"product_tag-mathy-austria","34":"product_tag-mathy-dropstop","35":"product_tag-mathy-dropstop-kaufen","36":"product_tag-mathy-hungaria","37":"product_tag-mathy-oesterreich","38":"product_tag-mathy-slovakia","39":"product_tag-mathy-slovenija","40":"product_tag-mathy-slowakei","41":"product_tag-mathy-slowenien","42":"product_tag-mathy-ungarn","43":"product_tag-motoroel-additiv","44":"product_tag-motoroel-additiv-oelverlust","45":"product_tag-oil-seal-additive-engine","46":"product_tag-oel-additiv-motor-getriebe","47":"product_tag-oel-additiv-oesterreich-kaufen","48":"product_tag-oeladditiv-fuer-aeltere-fahrzeuge","49":"product_tag-oelleck-stop-additiv","50":"product_tag-oelleck-stop-auto","51":"product_tag-oelverlust-additiv","52":"product_tag-oelverlust-reparatur-ohne-ausbau","53":"product_tag-oelverlust-stoppen-additiv","54":"product_tag-oelverlust-stoppen-additiv-auto","55":"product_tag-oelverlust-verhindern-auto","56":"product_tag-prevent-oil-leaks-engine-additive","57":"product_tag-rubber-seal-softener-additive","58":"product_tag-seal-restorer-additive","59":"product_tag-servolenkung-additiv-oelverlust","60":"product_tag-simmerring-additiv","61":"product_tag-stop-oil-leaks-additive","62":"product_tag-wellendichtring-regenerieren-additiv","63":"description-off","65":"first","66":"instock","67":"taxable","68":"shipping-taxable","69":"purchasable","70":"product-type-variable"},"_links":{"self":[{"href":"https:\/\/mathy-austria.com\/sk\/wp-json\/wp\/v2\/product\/944","targetHints":{"allow":["GET"]}}],"collection":[{"href":"https:\/\/mathy-austria.com\/sk\/wp-json\/wp\/v2\/product"}],"about":[{"href":"https:\/\/mathy-austria.com\/sk\/wp-json\/wp\/v2\/types\/product"}],"wp:featuredmedia":[{"embeddable":true,"href":"https:\/\/mathy-austria.com\/sk\/wp-json\/wp\/v2\/media\/146508"}],"wp:attachment":[{"href":"https:\/\/mathy-austria.com\/sk\/wp-json\/wp\/v2\/media?parent=944"}],"wp:term":[{"taxonomy":"product_brand","embeddable":true,"href":"https:\/\/mathy-austria.com\/sk\/wp-json\/wp\/v2\/product_brand?post=944"},{"taxonomy":"product_cat","embeddable":true,"href":"https:\/\/mathy-austria.com\/sk\/wp-json\/wp\/v2\/product_cat?post=944"},{"taxonomy":"product_tag","embeddable":true,"href":"https:\/\/mathy-austria.com\/sk\/wp-json\/wp\/v2\/product_tag?post=944"}],"curies":[{"name":"wp","href":"https:\/\/api.w.org\/{rel}","templated":true}]}}