{"id":940,"date":"2014-04-09T10:05:21","date_gmt":"2014-04-09T08:05:21","guid":{"rendered":"https:\/\/mathy-austria.com\/?post_type=product&#038;p=940"},"modified":"2026-03-04T15:03:08","modified_gmt":"2026-03-04T14:03:08","slug":"mathy-ta-fur-automatikgetriebe-und-hydrauliksysteme","status":"publish","type":"product","link":"https:\/\/mathy-austria.com\/sk\/produkt\/mathy-ta-fur-automatikgetriebe-und-hydrauliksysteme\/","title":{"rendered":"MATHY-TA"},"content":{"rendered":"<p><strong>MATHY-TA<\/strong> je olejov\u00e1 pr\u00edsada do olejov ATF v osobn\u00fdch a \u00fa\u017eitkov\u00fdch vozidl\u00e1ch. Na pou\u017eitie v automatick\u00fdch prevodovk\u00e1ch a pr\u00edpadne aj v posil\u0148ova\u010doch riadenia, ako s\u00fa ATF 1-3, Dexron alebo Mercon.<\/p>\n<h2><strong>Oblasti pou\u017eitia<\/strong><\/h2>\n<ul>\n<li>v oleji ATF manu\u00e1lnych prevodoviek, napr. Mercedes Benz<\/li>\n<li>Automatick\u00e1 prevodovka<\/li>\n<li>Posil\u0148ova\u010d riadenia<\/li>\n<\/ul>\n<h2>Technick\u00e9 probl\u00e9my sa zni\u017euj\u00fa<\/h2>\n<ul>\n<li>Zni\u017euje opotrebovanie lo\u017e\u00edsk\/prevodov prevodovky<\/li>\n<li>Minimalizuje opotrebovanie korunov\u00fdch a ku\u017ee\u013eov\u00fdch ozuben\u00fdch kolies<\/li>\n<li>Zvy\u0161uje nosnos\u0165<\/li>\n<li>Zv\u00fd\u0161en\u00e1 tepeln\u00e1 za\u0165a\u017eite\u013enos\u0165<\/li>\n<li>Zlep\u0161uje chladiace vlastnosti<\/li>\n<\/ul>\n<h2><strong>D\u00e1vkovanie<\/strong><\/h2>\n<ul>\n<li>10% mno\u017estva oleja v automatickej prevodovke<\/li>\n<li>10% pre automatick\u00e9 prevodovky v\u0161etk\u00fdch typov vozidiel s najazden\u00fdmi 100 000 km (1 250 prev\u00e1dzkov\u00fdch hod\u00edn), po 1 000 km (f\u00e1za \u010distenia) vykonajte v\u00fdmenu oleja a dopl\u0148te olej 10%<\/li>\n<\/ul>\n<h2><strong>Aplik\u00e1cia<\/strong><\/h2>\n<p>Automatick\u00e1 prevodovka<\/p>\n<p>10% celkov\u00e9ho mno\u017estva oleja sa mus\u00ed nahradi\u0165 <strong>MATHY-TA<\/strong> sa mus\u00ed vymeni\u0165. Ak je najazden\u00fdch viac ako 100 000 km (1 250 prev\u00e1dzkov\u00fdch hod\u00edn) alebo je star\u0161\u00ed ako 5 rokov, odpor\u00fa\u010dame f\u00e1zu \u010distenia s n\u00e1slednou obnovou cel\u00e9ho oleja so s\u00fa\u010dasn\u00fdm pridan\u00edm 10%. <strong>MATHY-TA<\/strong>. V pr\u00edpade syst\u00e9mov posil\u0148ova\u010da riadenia by sa mal olej prid\u00e1va\u0165 len v\u00fdmenou oleja v expanznej n\u00e1dr\u017ei; aj tu obmedzte maxim\u00e1lnu pr\u00eddavn\u00fa hodnotu na 10%.<\/p>\n<p>Intervaly v\u00fdmeny prevodov\u00e9ho oleja sa m\u00f4\u017eu po prechode na <strong>MATHY-TA<\/strong> mo\u017eno pred\u013a\u017ei\u0165 a\u017e na 3-n\u00e1sobok.<\/p>\n<p>Mechanick\u00e9 prevodovky naplnen\u00e9 olejom ATF<\/p>\n<p>Tieto manu\u00e1lne prevodovky sa \u010dasto vyskytuj\u00fa v spolo\u010dnosti Mercedes-Benz a pou\u017e\u00edvaj\u00fa sa s podielom 10% <strong>MATHY-TA<\/strong> pr\u00edsada. Pri najazden\u00ed viac ako 100 000 km je prv\u00fdm krokom \u010distiaca f\u00e1za s 10% <strong>MATHY-TA<\/strong> v starom prevodovom oleji na vzdialenos\u0165 800 - 1 000 km.<\/p>\n<h2><strong>Pozor<\/strong><\/h2>\n<ul>\n<li>H317: M\u00f4\u017ee sp\u00f4sobi\u0165 alergick\u00fa ko\u017en\u00fa reakciu.<\/li>\n<li>H412: \u0160kodliv\u00fd pre vodn\u00e9 organizmy s dlhodob\u00fdmi \u00fa\u010dinkami<\/li>\n<\/ul>","protected":false},"excerpt":{"rendered":"<p>Pr\u00edsada do automatick\u00e9ho prevodov\u00e9ho oleja<\/p>","protected":false},"featured_media":149568,"template":"","meta":[],"product_brand":[125],"product_cat":[126],"product_tag":[417,436,406,451,404,426,443,444,445,452,454,403,412,430,424,423,405,409,441,435,427,416,414,410,456,442,418,439,411,457,446,428,455,431,432,422,421,419,437,453,408,407,438,440,425,447,429,420,433,448,248,413,249,402,459,460,401,461,434,450,415,449,458],"class_list":{"0":"post-940","1":"product","2":"type-product","3":"status-publish","4":"has-post-thumbnail","6":"product_brand-mvg-mathe-schmierstofftechnik-gmbh","7":"product_cat-getriebe","8":"product_tag-anfahrruckeln-automatikgetriebe-reduzieren","9":"product_tag-atf-additiv-dexron-mercon-atf1-atf2-atf3","10":"product_tag-atf-additiv-fuer-automatikgetriebe","11":"product_tag-atf-getriebe-additiv","12":"product_tag-atf-getriebeoel-additiv","13":"product_tag-atf-oel-stabilitaet-erhoehen","14":"product_tag-auto-getriebe-additiv-online-kaufen","15":"product_tag-auto-getriebe-schutz-additiv","16":"product_tag-auto-wartung-getriebe-additiv","17":"product_tag-automatikgetriebe-additiv","18":"product_tag-automatikgetriebe-additiv-empfehlung","19":"product_tag-automatikgetriebe-additiv-kaufen","20":"product_tag-automatikgetriebe-additiv-oesterreich","21":"product_tag-automatikgetriebe-geraeusche-reduzieren","22":"product_tag-automatikgetriebe-lebensdauer-verlaengern","23":"product_tag-automatikgetriebe-leistung-verbessern","24":"product_tag-automatikgetriebe-oel-zusatz","25":"product_tag-automatikgetriebe-pflege-additiv","26":"product_tag-automatikgetriebe-pflege-produkt","27":"product_tag-automatikgetriebe-problemloeser-additiv","28":"product_tag-automatikgetriebe-reinigen-additiv","29":"product_tag-automatikgetriebe-ruckeln-reduzieren","30":"product_tag-automatikgetriebe-schaltvorgaenge-verbessern","31":"product_tag-automatikgetriebe-schutz-additiv","32":"product_tag-automatikgetriebe-schutz-vor-verschleiss","33":"product_tag-automatikgetriebe-service-additiv","34":"product_tag-automatikgetriebe-verschleiss-reduzieren","35":"product_tag-automatikgetriebe-wartung-ohne-ausbau","36":"product_tag-automatikgetriebe-wartung-produkt","37":"product_tag-bessere-schaltperformance-automatikgetriebe","38":"product_tag-fahrzeug-getriebe-schutz-technologie","39":"product_tag-getriebe-ablagerungen-entfernen","40":"product_tag-getriebe-additiv-fuer-lange-lebensdauer","41":"product_tag-getriebe-laufgeraeusche-reduzieren","42":"product_tag-getriebe-leistungsfaehigkeit-erhoehen","43":"product_tag-getriebe-schmierfilm-stabilisieren","44":"product_tag-getriebe-schmierung-verbessern","45":"product_tag-getriebe-verschleissschutz-additiv","46":"product_tag-getriebeoel-additiv-fuer-mercedes-automatikgetriebe","47":"product_tag-getriebeoel-additiv-keywords","48":"product_tag-getriebeoel-additiv-nutzfahrzeuge","49":"product_tag-getriebeoel-additiv-pkw","50":"product_tag-getriebeoel-additiv-servolenkung","51":"product_tag-getriebeoel-additiv-werkstatt-empfehlung","52":"product_tag-getriebeoel-alterungsstabilitaet-verbessern","53":"product_tag-getriebeoel-druckfestigkeit-erhoehen","54":"product_tag-getriebeoel-reinigung-additiv","55":"product_tag-getriebeoel-verschleiss-reduzieren","56":"product_tag-hochleistungs-getriebe-additiv","57":"product_tag-korrosionsschutz-im-automatikgetriebe","58":"product_tag-mathy-austria","59":"product_tag-mathy-austria-automatikgetriebe-additiv","60":"product_tag-mathy-oesterreich","61":"product_tag-mathy-ta-getriebeoel-additiv","62":"product_tag-mathy-linz","63":"product_tag-mathy-shop","64":"product_tag-mathy-ta-automatikgetriebe-additiv","65":"product_tag-mathy-ta-kaufen","66":"product_tag-premium-automatikgetriebe-additiv","67":"product_tag-reibung-im-automatikgetriebe-reduzieren","68":"product_tag-sanftere-schaltvorgaenge-automatikgetriebe","69":"product_tag-schmierfilm-haftwirkung-verbessern","70":"product_tag-zuverlaessige-funktion-automatikgetriebe-additiv","71":"description-off","73":"first","74":"instock","75":"taxable","76":"shipping-taxable","77":"purchasable","78":"product-type-variable"},"_links":{"self":[{"href":"https:\/\/mathy-austria.com\/sk\/wp-json\/wp\/v2\/product\/940","targetHints":{"allow":["GET"]}}],"collection":[{"href":"https:\/\/mathy-austria.com\/sk\/wp-json\/wp\/v2\/product"}],"about":[{"href":"https:\/\/mathy-austria.com\/sk\/wp-json\/wp\/v2\/types\/product"}],"wp:featuredmedia":[{"embeddable":true,"href":"https:\/\/mathy-austria.com\/sk\/wp-json\/wp\/v2\/media\/149568"}],"wp:attachment":[{"href":"https:\/\/mathy-austria.com\/sk\/wp-json\/wp\/v2\/media?parent=940"}],"wp:term":[{"taxonomy":"product_brand","embeddable":true,"href":"https:\/\/mathy-austria.com\/sk\/wp-json\/wp\/v2\/product_brand?post=940"},{"taxonomy":"product_cat","embeddable":true,"href":"https:\/\/mathy-austria.com\/sk\/wp-json\/wp\/v2\/product_cat?post=940"},{"taxonomy":"product_tag","embeddable":true,"href":"https:\/\/mathy-austria.com\/sk\/wp-json\/wp\/v2\/product_tag?post=940"}],"curies":[{"name":"wp","href":"https:\/\/api.w.org\/{rel}","templated":true}]}}