{"id":930,"date":"2014-04-09T09:44:08","date_gmt":"2014-04-09T07:44:08","guid":{"rendered":"https:\/\/mathy-austria.com\/?post_type=product&#038;p=930"},"modified":"2024-07-15T07:11:38","modified_gmt":"2024-07-15T06:11:38","slug":"mathy-t-getriebeol-additiv-fur-getriebeole-differenziale-und-hypoid-le","status":"publish","type":"product","link":"https:\/\/mathy-austria.com\/sk\/produkt\/mathy-t-getriebeol-additiv-fur-getriebeole-differenziale-und-hypoid-le\/","title":{"rendered":"MATHY-T"},"content":{"rendered":"<p><strong>MATHY-T<\/strong> ist ein viskosit\u00e4tsspezifisches Schaltgetriebe\u00f6l-Additiv f\u00fcr \u00d6le auf mineralischer, teilsynthetischer und vollsynthetischer Basis. Speziell f\u00fcr Getriebe\u00f6le der SAE-Klasse 75 bis 140 mit besonders hoher Druckfestigkeit; auch f\u00fcr Hypoid-\u00d6le geeignet. <strong>MATHY-T<\/strong> enth\u00e4lt grunds\u00e4tzlich keine Feststoffe.<\/p>\n<h2><strong>Zn\u00ed\u017eenie alebo odstr\u00e1nenie technick\u00fdch probl\u00e9mov<\/strong><\/h2>\n<ul>\n<li>Zni\u017euje opotrebovanie lo\u017e\u00edsk\/prevodoviek prevodovky<\/li>\n<li>Minimalizuje opotrebovanie korunov\u00fdch a ku\u017ee\u013eov\u00fdch ozuben\u00fdch kolies<\/li>\n<li>verringert Vibration in Getrieben und oder Differenzialen<\/li>\n<li>vermeidet zu viel Reibung im Schaltgetriebe (\u201eHaken beim Schalten\u201c)<\/li>\n<\/ul>\n<h2><strong>Oblasti pou\u017eitia<\/strong><\/h2>\n<ul>\n<li>\u00d6le auf Mineralbasis, teilsynthetischer und vollysnthetischer Basis<\/li>\n<li>Normal- und hochlegierte Getriebe- und Hypoid\u00f6le<\/li>\n<li>zur Verbesserung des Einfahrvorgangs<\/li>\n<li>bei hohen Belastungen und Temperaturen<\/li>\n<li>bei Laufger\u00e4uschen und hohem Verschlei\u00df<\/li>\n<li>hoher Korrosionsschutz, auch bei langen Standzeiten<\/li>\n<\/ul>\n<h2><strong>D\u00e1vkovanie<\/strong><\/h2>\n<ul>\n<li>mindestens 20% der Schaltgetriebe\u00f6l-Menge<\/li>\n<li>mindestens 10% bei Schaltgetrieben und Achsantrieben (Differenzialen) von Fahrzeugen aller Art mit einer Laufleistung von 100.000 km \u2013 nach 1.000 km (Reinigungsphase) einen \u00d6lwechsel durchf\u00fchren und erneut mit mindestens 20% <strong>MATHY-T<\/strong> neu bef\u00fcllen<\/li>\n<li>50% der Getriebe\u00f6lmenge bei Getrieben\/Differenzialen mit deutlichen Laufger\u00e4uschen (wie z.B. \u201eGetriebejaulen\u201c)<\/li>\n<\/ul>\n<h2><strong>Nebezpe\u010denstvo<\/strong><\/h2>\n<ul>\n<li>H317: M\u00f4\u017ee sp\u00f4sobi\u0165 alergick\u00fa ko\u017en\u00fa reakciu.<\/li>\n<li>H318: Sp\u00f4sobuje v\u00e1\u017ene po\u0161kodenie o\u010d\u00ed.<\/li>\n<li>H412: \u0160kodliv\u00fd pre vodn\u00e9 organizmy s dlhodob\u00fdmi \u00fa\u010dinkami.<\/li>\n<\/ul>","protected":false},"excerpt":{"rendered":"<p>Pr\u00edsada do oleja manu\u00e1lnej prevodovky<br \/>\n0,5 l<\/p>","protected":false},"featured_media":31622,"template":"","meta":[],"product_brand":[125],"product_cat":[126],"product_tag":[],"class_list":{"0":"post-930","1":"product","2":"type-product","3":"status-publish","4":"has-post-thumbnail","6":"product_brand-mvg-mathe-schmierstofftechnik-gmbh","7":"product_cat-getriebe","8":"description-off","10":"first","11":"instock","12":"taxable","13":"shipping-taxable","14":"purchasable","15":"product-type-variable"},"_links":{"self":[{"href":"https:\/\/mathy-austria.com\/sk\/wp-json\/wp\/v2\/product\/930","targetHints":{"allow":["GET"]}}],"collection":[{"href":"https:\/\/mathy-austria.com\/sk\/wp-json\/wp\/v2\/product"}],"about":[{"href":"https:\/\/mathy-austria.com\/sk\/wp-json\/wp\/v2\/types\/product"}],"wp:featuredmedia":[{"embeddable":true,"href":"https:\/\/mathy-austria.com\/sk\/wp-json\/wp\/v2\/media\/31622"}],"wp:attachment":[{"href":"https:\/\/mathy-austria.com\/sk\/wp-json\/wp\/v2\/media?parent=930"}],"wp:term":[{"taxonomy":"product_brand","embeddable":true,"href":"https:\/\/mathy-austria.com\/sk\/wp-json\/wp\/v2\/product_brand?post=930"},{"taxonomy":"product_cat","embeddable":true,"href":"https:\/\/mathy-austria.com\/sk\/wp-json\/wp\/v2\/product_cat?post=930"},{"taxonomy":"product_tag","embeddable":true,"href":"https:\/\/mathy-austria.com\/sk\/wp-json\/wp\/v2\/product_tag?post=930"}],"curies":[{"name":"wp","href":"https:\/\/api.w.org\/{rel}","templated":true}]}}