{"id":912,"date":"2014-04-08T18:22:55","date_gmt":"2014-04-08T16:22:55","guid":{"rendered":"https:\/\/mathy-austria.com\/?post_type=product&#038;p=912"},"modified":"2026-02-04T18:25:29","modified_gmt":"2026-02-04T17:25:29","slug":"mathy-fb-250ml","status":"publish","type":"product","link":"https:\/\/mathy-austria.com\/sk\/produkt\/mathy-fb-250ml\/","title":{"rendered":"Pr\u00edsada do paliva MATHY-FB na starostlivos\u0165 o benz\u00edn"},"content":{"rendered":"<p><strong>MATHY-FB<\/strong> je vhodn\u00fd pre benz\u00ednov\u00e9 motory s turbod\u00fachadlom aj bez neho. Kompatibiln\u00fd na pou\u017eitie vo vozidl\u00e1ch s katalyz\u00e1tormi. Zabra\u0148uje tvorbe nov\u00fdch usaden\u00edn a udr\u017eiava v\u0161etky komponenty palivov\u00e9ho syst\u00e9mu vr\u00e1tane vstrekovac\u00edch trysiek. Pravideln\u00e9 pou\u017e\u00edvanie zlep\u0161uje hodnoty v\u00fdfukov\u00fdch plynov a v\u00fdkon motora.<\/p>\n<p><strong>MATHY-FB<\/strong> je ur\u010den\u00fd pre benz\u00ednov\u00e9 motory a m\u00f4\u017ee sa pou\u017e\u00edva\u0165 so v\u0161etk\u00fdmi benz\u00ednov\u00fdmi palivami. Benz\u00ednov\u00e9 palivo sa mie\u0161a so z\u00e1konom predp\u00edsan\u00fdm podielom 5% a\u017e 10 % bioetanolu.<\/p>\n<h2><strong>Zn\u00ed\u017eenie alebo odstr\u00e1nenie technick\u00fdch probl\u00e9mov<\/strong><\/h2>\n<ul>\n<li>\u010cist\u00ed cel\u00fd palivov\u00fd syst\u00e9m<\/li>\n<li>Zni\u017euje emisie zne\u010dis\u0165uj\u00facich l\u00e1tok<\/li>\n<li>Zlep\u0161uje spr\u00e1vanie pri \u0161tarte<\/li>\n<li>Zabezpe\u010duje \u010dist\u00e9 spa\u013eovanie<\/li>\n<li>Udr\u017euje \u010distotu vstrekovac\u00edch \u010derpadiel, vstrekovac\u00edch trysiek a spa\u013eovac\u00edch kom\u00f4r<\/li>\n<\/ul>\n<h2><strong>D\u00e1vkovanie<\/strong><\/h2>\n<p><strong>MATHY-FB<\/strong> v pomere 1:1000. To zodpoved\u00e1 10 ml adit\u00edva na 10 litrov benz\u00ednu. Pridajte <strong>MATHY-FB<\/strong> s ka\u017edou n\u00e1dr\u017eou paliva a spotrebujte v\u00fdrobok do jedn\u00e9ho roka. <strong>MATHY-FB<\/strong> bezprostredne pred tankovan\u00edm, aby sa adit\u00edvum po\u010das tankovania optim\u00e1lne premie\u0161alo.<\/p>\n<h2>Oblasti pou\u017eitia<\/h2>\n<ul>\n<li>Pr\u00edsada do v\u0161etk\u00fdch druhov benz\u00ednu (E5 a\u017e E10)<\/li>\n<li>udr\u017eiava\u0165 cel\u00fd palivov\u00fd syst\u00e9m \u010dist\u00fd a premazan\u00fd.<\/li>\n<li>so zv\u00fd\u0161enou spotrebou paliva<\/li>\n<li>pre star\u0161ie vozidl\u00e1 po \u00faprave ako prevent\u00edvne opatrenie<\/li>\n<li>pre vysok\u00e9 za\u0165a\u017eenie a opotrebenie (vstrekovacie \u010derpadl\u00e1 a ventily)<\/li>\n<\/ul>\n<h2><strong>Nebezpe\u010denstvo<\/strong><\/h2>\n<ul>\n<li>H318: Sp\u00f4sobuje v\u00e1\u017ene po\u0161kodenie o\u010d\u00ed.<\/li>\n<li>H304: M\u00f4\u017ee by\u0165 smrte\u013en\u00fd pri po\u017eit\u00ed a vniknut\u00ed do d\u00fdchac\u00edch ciest.<\/li>\n<li>H412: \u0160kodliv\u00fd pre vodn\u00e9 organizmy s dlhodob\u00fdmi \u00fa\u010dinkami.<\/li>\n<li>EUH066: Opakovan\u00e1 expoz\u00edcia m\u00f4\u017ee sp\u00f4sobi\u0165 vysu\u0161enie alebo popraskanie poko\u017eky.<\/li>\n<\/ul>","protected":false},"excerpt":{"rendered":"<p>Pr\u00edsada do benz\u00ednu<br \/>\n1 x 250 ml (cena za liter 71,80 \u20ac)<\/p>","protected":false},"featured_media":143784,"template":"","meta":[],"product_brand":[125],"product_cat":[127],"product_tag":[],"class_list":{"0":"post-912","1":"product","2":"type-product","3":"status-publish","4":"has-post-thumbnail","6":"product_brand-mvg-mathe-schmierstofftechnik-gmbh","7":"product_cat-kraftstoffsystem","8":"description-off","10":"first","11":"instock","12":"taxable","13":"shipping-taxable","14":"purchasable","15":"product-type-variable"},"_links":{"self":[{"href":"https:\/\/mathy-austria.com\/sk\/wp-json\/wp\/v2\/product\/912","targetHints":{"allow":["GET"]}}],"collection":[{"href":"https:\/\/mathy-austria.com\/sk\/wp-json\/wp\/v2\/product"}],"about":[{"href":"https:\/\/mathy-austria.com\/sk\/wp-json\/wp\/v2\/types\/product"}],"wp:featuredmedia":[{"embeddable":true,"href":"https:\/\/mathy-austria.com\/sk\/wp-json\/wp\/v2\/media\/143784"}],"wp:attachment":[{"href":"https:\/\/mathy-austria.com\/sk\/wp-json\/wp\/v2\/media?parent=912"}],"wp:term":[{"taxonomy":"product_brand","embeddable":true,"href":"https:\/\/mathy-austria.com\/sk\/wp-json\/wp\/v2\/product_brand?post=912"},{"taxonomy":"product_cat","embeddable":true,"href":"https:\/\/mathy-austria.com\/sk\/wp-json\/wp\/v2\/product_cat?post=912"},{"taxonomy":"product_tag","embeddable":true,"href":"https:\/\/mathy-austria.com\/sk\/wp-json\/wp\/v2\/product_tag?post=912"}],"curies":[{"name":"wp","href":"https:\/\/api.w.org\/{rel}","templated":true}]}}