{"id":906,"date":"2014-04-08T17:40:07","date_gmt":"2014-04-08T15:40:07","guid":{"rendered":"https:\/\/mathy-austria.com\/?post_type=product&#038;p=906"},"modified":"2024-07-15T07:11:39","modified_gmt":"2024-07-15T06:11:39","slug":"mathy-d","status":"publish","type":"product","link":"https:\/\/mathy-austria.com\/sk\/produkt\/mathy-d\/","title":{"rendered":"MATHY-D"},"content":{"rendered":"<div class=\"ka-content\">\n<div class=\"ka-content\"><\/div>\n<\/div>\n<div class=\"ka-content\">\n<p><strong>MATHY-D<\/strong> \u010cist\u00ed dieselov\u00fd syst\u00e9m, zvy\u0161uje prev\u00e1dzkov\u00fa bezpe\u010dnos\u0165 a hospod\u00e1rnos\u0165 dieselov\u00fdch motorov. Vhodn\u00fd pre v\u0161etky dieselov\u00e9 motory (CDI a TDI) a typy naftov\u00fdch pal\u00edv, letn\u00fa a zimn\u00fa naftu. Je kompatibiln\u00fd so v\u0161etk\u00fdmi dieselov\u00fdmi oxida\u010dn\u00fdmi katalyz\u00e1tormi a filtrami pevn\u00fdch \u010dast\u00edc (DPF). Kombin\u00e1cia \u00fa\u010dinn\u00fdch l\u00e1tok s \u010distiacimi, disperzn\u00fdmi, materi\u00e1lovo ochrann\u00fdmi a cet\u00e1nov\u00e9 \u010d\u00edslo zvy\u0161uj\u00facimi vlastnos\u0165ami je ur\u010den\u00e1 na r\u00fdchle a n\u00e1kladovo efekt\u00edvne \u010distenie usaden\u00edn.<\/p>\n<h2>Zn\u00ed\u017eenie alebo odstr\u00e1nenie technick\u00fdch probl\u00e9mov<\/h2>\n<ul>\n<li>\u010cist\u00ed cel\u00fd dieselov\u00fd syst\u00e9m<\/li>\n<li>Zabezpe\u010duje bezpe\u010dn\u00e9 uzavretie a spr\u00e1vne otvorenie vstrekovac\u00edch trysiek uvo\u013enen\u00edm ne\u010dist\u00f4t<\/li>\n<li>zabezpe\u010duje bezprobl\u00e9mov\u00e9 fungovanie v\u0161etk\u00fdch komponentov dieselov\u00e9ho syst\u00e9mu<\/li>\n<li>Rozp\u00fa\u0161\u0165a zne\u010distenie v dieselovom syst\u00e9me<\/li>\n<li>\u010cist\u00ed ventily a spa\u013eovaciu komoru<\/li>\n<li>p\u00f4sob\u00ed proti negat\u00edvnym \u00fa\u010dinkom organick\u00e9ho obsahu v nafte<\/li>\n<\/ul>\n<h2>Oblasti pou\u017eitia<\/h2>\n<ul>\n<li>Pre letn\u00fa a zimn\u00fa naftu<\/li>\n<li>Vhodn\u00e9 pre modern\u00e9 syst\u00e9my Common Rail (CDI) a vstrekovacie \u010derpadl\u00e1 (TDI)<\/li>\n<li>Kompatibiln\u00fd so v\u0161etk\u00fdmi modern\u00fdmi dieselov\u00fdmi oxida\u010dn\u00fdmi katalyz\u00e1tormi a filtrami pevn\u00fdch \u010dast\u00edc (PDF)<\/li>\n<\/ul>\n<h2>D\u00e1vkovanie<\/h2>\n<p>Obsah plechovky (250 ml) vysta\u010d\u00ed a\u017e na 50 litrov motorovej nafty s podielom a\u017e 10% bionafty (ide o \"norm\u00e1lnu\" naftu).<\/p>\n<h2>Aplik\u00e1cia<\/h2>\n<p>Jednoducho pridajte obsah plechovky (250 ml) do nafty. Ka\u017ed\u00fdch 3 000 km pridajte do n\u00e1dr\u017ee nafty, aby ste zabezpe\u010dili \u010distotu d\u00fdz a ochranu proti kor\u00f3zii. Na odstr\u00e1nenie ak\u00fatnych probl\u00e9mov <strong>MATHY-D<\/strong> do nafty po\u010das pribli\u017ene 2 500 km pri ka\u017edom tankovan\u00ed.<\/p>\n<p>Pozn\u00e1mka: Mno\u017estvo paliva v n\u00e1dr\u017ei by malo by\u0165 minim\u00e1lne rovnak\u00e9 ako objem rezervy.<\/p>\n<h2>Nebezpe\u010denstvo<\/h2>\n<ul>\n<li>H315: Sp\u00f4sobuje podr\u00e1\u017edenie poko\u017eky.<\/li>\n<li>H319: Sp\u00f4sobuje v\u00e1\u017ene podr\u00e1\u017edenie o\u010d\u00ed.<\/li>\n<li>H304: M\u00f4\u017ee by\u0165 smrte\u013en\u00fd pri po\u017eit\u00ed a vniknut\u00ed do d\u00fdchac\u00edch ciest.<\/li>\n<li>H412: \u0160kodliv\u00fd pre vodn\u00e9 organizmy s dlhodob\u00fdmi \u00fa\u010dinkami.<\/li>\n<\/ul>\n<\/div>","protected":false},"excerpt":{"rendered":"<p>\u010cisti\u010d naftov\u00e9ho syst\u00e9mu, 250 ml<\/p>","protected":false},"featured_media":907,"template":"","meta":[],"product_brand":[125],"product_cat":[127],"product_tag":[],"class_list":{"0":"post-906","1":"product","2":"type-product","3":"status-publish","4":"has-post-thumbnail","6":"product_brand-mvg-mathe-schmierstofftechnik-gmbh","7":"product_cat-kraftstoffsystem","8":"description-off","10":"first","11":"instock","12":"taxable","13":"shipping-taxable","14":"purchasable","15":"product-type-variable"},"_links":{"self":[{"href":"https:\/\/mathy-austria.com\/sk\/wp-json\/wp\/v2\/product\/906","targetHints":{"allow":["GET"]}}],"collection":[{"href":"https:\/\/mathy-austria.com\/sk\/wp-json\/wp\/v2\/product"}],"about":[{"href":"https:\/\/mathy-austria.com\/sk\/wp-json\/wp\/v2\/types\/product"}],"wp:featuredmedia":[{"embeddable":true,"href":"https:\/\/mathy-austria.com\/sk\/wp-json\/wp\/v2\/media\/907"}],"wp:attachment":[{"href":"https:\/\/mathy-austria.com\/sk\/wp-json\/wp\/v2\/media?parent=906"}],"wp:term":[{"taxonomy":"product_brand","embeddable":true,"href":"https:\/\/mathy-austria.com\/sk\/wp-json\/wp\/v2\/product_brand?post=906"},{"taxonomy":"product_cat","embeddable":true,"href":"https:\/\/mathy-austria.com\/sk\/wp-json\/wp\/v2\/product_cat?post=906"},{"taxonomy":"product_tag","embeddable":true,"href":"https:\/\/mathy-austria.com\/sk\/wp-json\/wp\/v2\/product_tag?post=906"}],"curies":[{"name":"wp","href":"https:\/\/api.w.org\/{rel}","templated":true}]}}