{"id":904,"date":"2014-04-08T17:26:13","date_gmt":"2014-04-08T15:26:13","guid":{"rendered":"https:\/\/mathy-austria.com\/?post_type=product&#038;p=904"},"modified":"2024-07-15T07:11:39","modified_gmt":"2024-07-15T06:11:39","slug":"mathy-be","status":"publish","type":"product","link":"https:\/\/mathy-austria.com\/sk\/produkt\/mathy-be\/","title":{"rendered":"MATHY-BE"},"content":{"rendered":"<p><strong>MATHY-BE<\/strong> je \u0161peci\u00e1lne vyvinut\u00e1 pr\u00edsada do paliva pre v\u0161etky benz\u00ednov\u00e9 paliv\u00e1 v benz\u00ednov\u00fdch motoroch. \u00da\u010dinne p\u00f4sob\u00ed proti negat\u00edvnym \u00fa\u010dinkom pal\u00edv E5 a\u017e E85. Jeho inovat\u00edvny bal\u00edk \u00fa\u010dinn\u00fdch l\u00e1tok pre etanol, benz\u00edn a zmesi etanolu s benz\u00ednom m\u00e1 vysoko \u00fa\u010dinn\u00fd, \u010distiaci a o\u0161etruj\u00faci \u00fa\u010dinok. <strong>MATHY-BE<\/strong> zabra\u0148uje po\u0161kodeniu komponentov, ktor\u00e9 pren\u00e1\u0161aj\u00fa palivo; usadeniny, ktor\u00e9 zni\u017euj\u00fa \u00fa\u010dinnos\u0165 palivov\u00e9ho syst\u00e9mu, sa rozp\u00fa\u0161\u0165aj\u00fa a spa\u013euj\u00fa bez zanechania zvy\u0161kov.<\/p>\n<h2><strong>Zn\u00ed\u017eenie alebo odstr\u00e1nenie technick\u00fdch probl\u00e9mov<\/strong><\/h2>\n<ul>\n<li>Zabezpe\u010duje bezpe\u010dn\u00e9 uzavretie a spr\u00e1vne otvorenie vstrekovac\u00edch trysiek uvo\u013enen\u00edm ne\u010dist\u00f4t<\/li>\n<li>Zabezpe\u010duje bezprobl\u00e9mov\u00e9 fungovanie v\u0161etk\u00fdch komponentov palivov\u00e9ho syst\u00e9mu<\/li>\n<li>Rozp\u00fa\u0161\u0165a ne\u010distoty v palivovom syst\u00e9me<\/li>\n<li>\u010cist\u00ed ventily a spa\u013eovaciu komoru, udr\u017euje ju \u010dist\u00fa bez preru\u0161enia<\/li>\n<li>dlhodobo p\u00f4sob\u00ed proti negat\u00edvnym \u00fa\u010dinkom obsahu bio v paliv\u00e1ch.<\/li>\n<\/ul>\n<h2><strong>D\u00e1vkovanie<\/strong><\/h2>\n<p>Obsah plechovky (250 ml) vysta\u010d\u00ed a\u017e na 60 litrov etanolu, benz\u00ednu a zmes\u00ed etanolu a benz\u00ednu (E5, E10 a\u017e E85).<\/p>\n<h2><strong>Aplik\u00e1cia<\/strong><\/h2>\n<p>Jednoducho pridajte obsah plechovky (250 ml) do paliva. Mal by sa aplikova\u0165 ka\u017ed\u00fdch 3 000 km, preto\u017ee ochrann\u00fd \u00fa\u010dinok <strong>MATHY-BE<\/strong> vydr\u017e\u00ed a\u017e 3 000 km. Nepretr\u017eit\u00e9 pou\u017e\u00edvanie (pri ka\u017edom tankovan\u00ed) je mo\u017en\u00e9 bez ak\u00fdchko\u013evek probl\u00e9mov.<\/p>\n<p>Pozn\u00e1mka: Mno\u017estvo paliva v n\u00e1dr\u017ei by malo by\u0165 minim\u00e1lne rovnak\u00e9 ako objem rezervy.<\/p>\n<h2>Nebezpe\u010denstvo<\/h2>\n<ul>\n<li>H225: Vysoko hor\u013eav\u00e1 kvapalina a pary.<\/li>\n<li>H304: M\u00f4\u017ee by\u0165 smrte\u013en\u00fd pri po\u017eit\u00ed a vniknut\u00ed do d\u00fdchac\u00edch ciest.<\/li>\n<li>H319: Sp\u00f4sobuje v\u00e1\u017ene podr\u00e1\u017edenie o\u010d\u00ed.<\/li>\n<li>H336: M\u00f4\u017ee sp\u00f4sobi\u0165 ospalos\u0165 alebo z\u00e1vraty.<\/li>\n<li>H412: \u0160kodliv\u00fd pre vodn\u00e9 organizmy s dlhodob\u00fdmi \u00fa\u010dinkami.<\/li>\n<li>EUH066: Opakovan\u00e1 expoz\u00edcia m\u00f4\u017ee sp\u00f4sobi\u0165 vysu\u0161enie alebo popraskanie poko\u017eky.<\/li>\n<\/ul>","protected":false},"excerpt":{"rendered":"<p>\u010cisti\u010d benz\u00ednov\u00e9ho syst\u00e9mu, 250 ml<\/p>","protected":false},"featured_media":905,"template":"","meta":[],"product_brand":[125],"product_cat":[127],"product_tag":[],"class_list":{"0":"post-904","1":"product","2":"type-product","3":"status-publish","4":"has-post-thumbnail","6":"product_brand-mvg-mathe-schmierstofftechnik-gmbh","7":"product_cat-kraftstoffsystem","8":"description-off","10":"first","11":"instock","12":"taxable","13":"shipping-taxable","14":"purchasable","15":"product-type-variable"},"_links":{"self":[{"href":"https:\/\/mathy-austria.com\/sk\/wp-json\/wp\/v2\/product\/904","targetHints":{"allow":["GET"]}}],"collection":[{"href":"https:\/\/mathy-austria.com\/sk\/wp-json\/wp\/v2\/product"}],"about":[{"href":"https:\/\/mathy-austria.com\/sk\/wp-json\/wp\/v2\/types\/product"}],"wp:featuredmedia":[{"embeddable":true,"href":"https:\/\/mathy-austria.com\/sk\/wp-json\/wp\/v2\/media\/905"}],"wp:attachment":[{"href":"https:\/\/mathy-austria.com\/sk\/wp-json\/wp\/v2\/media?parent=904"}],"wp:term":[{"taxonomy":"product_brand","embeddable":true,"href":"https:\/\/mathy-austria.com\/sk\/wp-json\/wp\/v2\/product_brand?post=904"},{"taxonomy":"product_cat","embeddable":true,"href":"https:\/\/mathy-austria.com\/sk\/wp-json\/wp\/v2\/product_cat?post=904"},{"taxonomy":"product_tag","embeddable":true,"href":"https:\/\/mathy-austria.com\/sk\/wp-json\/wp\/v2\/product_tag?post=904"}],"curies":[{"name":"wp","href":"https:\/\/api.w.org\/{rel}","templated":true}]}}