{"id":47469,"date":"2023-12-12T08:22:52","date_gmt":"2023-12-12T07:22:52","guid":{"rendered":"https:\/\/mathy-austria.com\/?post_type=product&#038;p=47469"},"modified":"2026-02-22T14:33:55","modified_gmt":"2026-02-22T13:33:55","slug":"mathy-abr","status":"publish","type":"product","link":"https:\/\/mathy-austria.com\/sk\/produkt\/mathy-abr\/","title":{"rendered":"MATHY-ABR \u2013 \u010cisti\u010d syst\u00e9mov proti kry\u0161t\u00e1lom"},"content":{"rendered":"<p><strong>MATHY-ABR<\/strong> \u010cisti\u010d syst\u00e9mu Anti-Crystal \u00fa\u010dinne \u010dist\u00ed syst\u00e9m AdBlue\u00ae, \u010d\u00edm optimalizuje jeho prev\u00e1dzkov\u00fa spo\u013eahlivos\u0165. T\u00e1to vysoko koncentrovan\u00e1 pr\u00edsada AdBlue\u00ae je vhodn\u00e1 pre v\u0161etky dieselov\u00e9 motory a typy naftov\u00fdch pal\u00edv vybaven\u00e9 syst\u00e9mami AdBlue\u00ae. Je kompatibiln\u00e1 so v\u0161etk\u00fdmi oxida\u010dn\u00fdmi katalyz\u00e1tormi pre naftov\u00e9 motory a filtrami pevn\u00fdch \u010dast\u00edc (DPF).<\/p>\n<p>MATHY-ABR zabra\u0148uje tvorbe kry\u0161t\u00e1lov a rozp\u00fa\u0161\u0165a existuj\u00face kry\u0161t\u00e1ly, ktor\u00e9 by mohli po\u0161kodi\u0165 syst\u00e9m AdBlue\u00ae. Oxida\u010dn\u00e9 zvy\u0161ky sa rozp\u00fa\u0161\u0165aj\u00fa a rozpra\u0161uj\u00fa bez zanechania zvy\u0161kov. N\u00e1klady na opravu sa zni\u017euj\u00fa, model rozpra\u0161ovania vstrekova\u010da SCR sa optimalizuje a prietok \u010derpadla SCR sa trvalo udr\u017eiava. Stabilizuje trvanlivos\u0165\/skladovaciu kapacitu mo\u010doviny AdBlue\u00ae. MATHY-ABR tie\u017e zni\u017euje tvorbu peny.<\/p>\n<h3>Zn\u00ed\u017eenie alebo odstr\u00e1nenie technick\u00fdch probl\u00e9mov<\/h3>\n<p>Ne\u010distoty a kry\u0161taliz\u00e1cia sa m\u00f4\u017eu \u010dasom nahromadi\u0165 a sp\u00f4sobi\u0165:<\/p>\n<ul>\n<li>Zmena rozpra\u0161ovania vstrekova\u010da SCR<\/li>\n<li>Porucha \u010derpadla SCR<\/li>\n<li>Zn\u00ed\u017een\u00fd v\u00fdkon syst\u00e9mu AdBlue\u00ae na hodnotu v\u00fdfukov\u00fdch plynov<\/li>\n<li>Zablokovanie potrub\u00ed a veden\u00ed<\/li>\n<li>Zv\u00fd\u0161en\u00e9 n\u00e1klady na opravu syst\u00e9mu AdBlue\u00ae<\/li>\n<\/ul>\n<h3>Oblasti pou\u017eitia<\/h3>\n<ul>\n<li>Vhodn\u00e9 pre v\u0161etky dieselov\u00e9 motory a typy nafty so syst\u00e9mom AdBlue\u00ae<\/li>\n<li>Aj pre po\u013enohospod\u00e1rske a \u00fa\u017eitkov\u00e9 vozidl\u00e1<\/li>\n<\/ul>\n<h3>Pou\u017eitie\/d\u00e1vkovanie<\/h3>\n<p>Obsah 250 ml plechovky MATHY-ABR vysta\u010d\u00ed a\u017e na 100 litrov AdBlue\u00ae (kvapalina do v\u00fdfukov\u00fdch plynov dieselov\u00fdch motorov). Pre udr\u017eanie \u010distoty syst\u00e9mu SCR a prevent\u00edvnu ochranu odpor\u00fa\u010dame prida\u0165 MATHY-ABR v d\u00e1vkovan\u00ed 1:400 (25 ml na 10 litrov AdBlue\u00ae) pred ka\u017ed\u00fdm naplnen\u00edm n\u00e1dr\u017ee AdBlue\u00ae.<\/p>\n<p>Pre optim\u00e1lny pomer mie\u0161ania pridajte MATHY-ABR do n\u00e1dr\u017ee na AdBlue\u00ae pred doplnen\u00edm AdBlue\u00ae.<\/p>\n<p><strong>Pozn\u00e1mka: MATHY-ABR je pou\u017eite\u013en\u00fd aj pri pou\u017eit\u00ed adit\u00edva do nafty.<\/strong><\/p>","protected":false},"excerpt":{"rendered":"<p>MATHY-ABR Anti-Kristall-Systemreiniger reinigt effektiv das AdBlue\u00ae-System und optimiert dadurch dessen Betriebssicherheit. Das hochkonzentrierte AdBlue\u00ae Additiv ist geeignet f\u00fcr alle Dieselmotoren und Dieselkraftstoffarten mit AdBlue\u00ae-Systemen. Es ist mit allen Diesel-Oxidations-Katalysatoren und Partikelfiltern (DPF) vertr\u00e4glich. MATHY-ABR verhindert eine Kristallbildung und l\u00f6st bestehende Kristalle auf, die zur Sch\u00e4digung des AdBlue\u00ae-Systems f\u00fchren k\u00f6nnen. Oxidationsr\u00fcckst\u00e4nde werden gel\u00f6st und r\u00fcckstandsfrei verspr\u00fcht.&hellip;<\/p>","protected":false},"featured_media":146129,"template":"","meta":[],"product_brand":[],"product_cat":[127],"product_tag":[262,393,277,276,286,298,258,279,265,292,392,281,296,274,275,394,263,266,278,257,264,259,297,273,289,287,295,261,267,294,284,270,271,269,285,288,268,282,247,256,248,290,253,249,251,255,250,254,252,272,291,293,280,260,283],"class_list":{"0":"post-47469","1":"product","2":"type-product","3":"status-publish","4":"has-post-thumbnail","6":"product_cat-kraftstoffsystem","7":"product_tag-abblue-kristalle-loesen","8":"product_tag-abblue-reiniger-in-oesterreich-kaufen","9":"product_tag-abgas-system-pflege","10":"product_tag-abgasreinigung-additiv","11":"product_tag-abgasverhalten-verbessern","12":"product_tag-ad-blue-system-schutzadditiv","13":"product_tag-adblue-additiv","14":"product_tag-adblue-kristallbildung-verhindern","15":"product_tag-adblue-pflege-auto","16":"product_tag-adblue-pflege-set","17":"product_tag-adblue-reiniger-kaufen","18":"product_tag-adblue-schaumbildung-reduzieren","19":"product_tag-adblue-system-effizienz","20":"product_tag-adblue-system-gesundheit","21":"product_tag-adblue-system-kristallfrei","22":"product_tag-adblue-system-reiniger-kaufen","23":"product_tag-adblue-system-reinigung","24":"product_tag-adblue-system-schutz","25":"product_tag-adblue-system-wartung","26":"product_tag-adblue-systemreiniger","27":"product_tag-adblue-zusatz-kaufen","28":"product_tag-adbluesystem-pflege","29":"product_tag-auto-abgas-system-reiniger","30":"product_tag-auto-diesel-additiv","31":"product_tag-auto-pflege-additive-kaufen","32":"product_tag-auto-systeme-additiv","33":"product_tag-auto-wartung-additiv-diesel","34":"product_tag-diesel-abblue-pflege","35":"product_tag-diesel-kraftstoff-additiv","36":"product_tag-diesel-kraftstoff-systempflege","37":"product_tag-diesel-motor-leistungsverbesserung","38":"product_tag-diesel-pflege","39":"product_tag-diesel-reinigung","40":"product_tag-diesel-system-reiniger","41":"product_tag-emissionen-reduzieren-additiv","42":"product_tag-fahrzeug-pflege-produkte","43":"product_tag-kraftstoff-additiv-auto","44":"product_tag-kraftstoffsystem-reinigen-diesel","45":"product_tag-mathy","46":"product_tag-mathy-anti-kristall-systemreiniger","47":"product_tag-mathy-austria","48":"product_tag-mathy-austria-adblue","49":"product_tag-mathy-hungaria","50":"product_tag-mathy-oesterreich","51":"product_tag-mathy-slovakia","52":"product_tag-mathy-slovenija","53":"product_tag-mathy-slowakei","54":"product_tag-mathy-slowenien","55":"product_tag-mathy-ungarn","56":"product_tag-motor-auto-pflege","57":"product_tag-qualitaets-additiv-made-in-germany","58":"product_tag-scr-pflege-additiv","59":"product_tag-scr-system-lebensdauer-verlaengern","60":"product_tag-scr-system-reiniger","61":"product_tag-verbrennung-optimieren-auto","62":"description-off","64":"first","65":"instock","66":"taxable","67":"shipping-taxable","68":"purchasable","69":"product-type-variable"},"_links":{"self":[{"href":"https:\/\/mathy-austria.com\/sk\/wp-json\/wp\/v2\/product\/47469","targetHints":{"allow":["GET"]}}],"collection":[{"href":"https:\/\/mathy-austria.com\/sk\/wp-json\/wp\/v2\/product"}],"about":[{"href":"https:\/\/mathy-austria.com\/sk\/wp-json\/wp\/v2\/types\/product"}],"wp:featuredmedia":[{"embeddable":true,"href":"https:\/\/mathy-austria.com\/sk\/wp-json\/wp\/v2\/media\/146129"}],"wp:attachment":[{"href":"https:\/\/mathy-austria.com\/sk\/wp-json\/wp\/v2\/media?parent=47469"}],"wp:term":[{"taxonomy":"product_brand","embeddable":true,"href":"https:\/\/mathy-austria.com\/sk\/wp-json\/wp\/v2\/product_brand?post=47469"},{"taxonomy":"product_cat","embeddable":true,"href":"https:\/\/mathy-austria.com\/sk\/wp-json\/wp\/v2\/product_cat?post=47469"},{"taxonomy":"product_tag","embeddable":true,"href":"https:\/\/mathy-austria.com\/sk\/wp-json\/wp\/v2\/product_tag?post=47469"}],"curies":[{"name":"wp","href":"https:\/\/api.w.org\/{rel}","templated":true}]}}