{"id":3381,"date":"2020-12-09T19:41:47","date_gmt":"2020-12-09T18:41:47","guid":{"rendered":"https:\/\/mathy-austria.com\/?post_type=product&#038;p=3381"},"modified":"2024-07-15T07:11:33","modified_gmt":"2024-07-15T06:11:33","slug":"oelwechsel-set-sae-5w-40-performance-vx4","status":"publish","type":"product","link":"https:\/\/mathy-austria.com\/sk\/produkt\/oelwechsel-set-sae-5w-40-performance-vx4\/","title":{"rendered":"S\u00faprava na v\u00fdmenu oleja SAE 5W-40 Performance VX4"},"content":{"rendered":"<p>Kombin\u00e1cia na \u010fal\u0161iu v\u00fdmenu oleja pozost\u00e1va z motorov\u00e9ho oleja pod\u013ea v\u00e1\u0161ho v\u00fdberu, litra pr\u00edsady do motorov\u00e9ho oleja a odmerky na presn\u00e9 naplnenie.<\/p>\n<p>V\u0161imnite si tie\u017e na\u0161u ponuku v\u0161etk\u00fdch typov motorov\u00fdch olejov s objemom 1,0 litra. <strong>Triedy SAE<\/strong>!<\/p>\n<p>&nbsp;<\/p>\n<h2>POZOR:<\/h2>\n<ul>\n<li>H317: M\u00f4\u017ee sp\u00f4sobi\u0165 alergick\u00fa ko\u017en\u00fa reakciu.<\/li>\n<li>H319: Sp\u00f4sobuje v\u00e1\u017ene podr\u00e1\u017edenie o\u010d\u00ed.<\/li>\n<li>H412: \u0160kodliv\u00fd pre vodn\u00e9 organizmy s dlhodob\u00fdmi \u00fa\u010dinkami.<\/li>\n<li>EUH208: Obsahuje alkylam\u00edn s dlh\u00fdm re\u0165azcom. M\u00f4\u017ee sp\u00f4sobi\u0165 alergick\u00e9 reakcie.<\/li>\n<\/ul>\n<p>&nbsp;<\/p>","protected":false},"excerpt":{"rendered":"<p>S\u00faprava na v\u00fdmenu oleja SAE 5W-40 Performance VX4<br \/>\n5,0 litra motorov\u00e9ho oleja + 1,0 litra MATHY-M + 0,5 litra odmerky<\/p>","protected":false},"featured_media":3382,"template":"","meta":[],"product_brand":[],"product_cat":[132],"product_tag":[],"class_list":{"0":"post-3381","1":"product","2":"type-product","3":"status-publish","4":"has-post-thumbnail","6":"product_cat-produkt-sets","7":"description-off","9":"first","10":"instock","11":"taxable","12":"shipping-taxable","13":"purchasable","14":"product-type-simple"},"_links":{"self":[{"href":"https:\/\/mathy-austria.com\/sk\/wp-json\/wp\/v2\/product\/3381","targetHints":{"allow":["GET"]}}],"collection":[{"href":"https:\/\/mathy-austria.com\/sk\/wp-json\/wp\/v2\/product"}],"about":[{"href":"https:\/\/mathy-austria.com\/sk\/wp-json\/wp\/v2\/types\/product"}],"wp:featuredmedia":[{"embeddable":true,"href":"https:\/\/mathy-austria.com\/sk\/wp-json\/wp\/v2\/media\/3382"}],"wp:attachment":[{"href":"https:\/\/mathy-austria.com\/sk\/wp-json\/wp\/v2\/media?parent=3381"}],"wp:term":[{"taxonomy":"product_brand","embeddable":true,"href":"https:\/\/mathy-austria.com\/sk\/wp-json\/wp\/v2\/product_brand?post=3381"},{"taxonomy":"product_cat","embeddable":true,"href":"https:\/\/mathy-austria.com\/sk\/wp-json\/wp\/v2\/product_cat?post=3381"},{"taxonomy":"product_tag","embeddable":true,"href":"https:\/\/mathy-austria.com\/sk\/wp-json\/wp\/v2\/product_tag?post=3381"}],"curies":[{"name":"wp","href":"https:\/\/api.w.org\/{rel}","templated":true}]}}